{"id":257,"date":"2024-05-10T02:18:00","date_gmt":"2024-05-10T02:18:00","guid":{"rendered":"https:\/\/demo2wpopal.b-cdn.net\/tactiko\/?page_id=257"},"modified":"2026-03-12T09:12:13","modified_gmt":"2026-03-12T08:12:13","slug":"o-nama","status":"publish","type":"page","link":"https:\/\/torzokom.com\/ba\/o-nama\/","title":{"rendered":"O nama"},"content":{"rendered":"<div data-elementor-type=\"wp-page\" data-elementor-id=\"257\" class=\"elementor elementor-257\" data-elementor-post-type=\"page\">\n\t\t\t\t<div class=\"elementor-element elementor-element-f99eb99 e-flex e-con-boxed e-con e-parent\" data-id=\"f99eb99\" data-element_type=\"container\" data-e-type=\"container\" data-settings=\"{&quot;background_background&quot;:&quot;classic&quot;}\">\n\t\t\t\t\t<div class=\"e-con-inner\">\n\t\t\t\t<div class=\"elementor-element elementor-element-0a772e1 elementor-invisible elementor-widget elementor-widget-text-editor\" data-id=\"0a772e1\" data-element_type=\"widget\" data-e-type=\"widget\" data-settings=\"{&quot;_animation&quot;:&quot;fadeInUp&quot;}\" data-widget_type=\"text-editor.default\">\n\t\t\t\t\t\t\t\t\tabout tactiko\t\t\t\t\t\t\t\t<\/div>\n\t\t\t\t<div class=\"elementor-element elementor-element-abca5cb elementor-invisible elementor-widget elementor-widget-heading\" data-id=\"abca5cb\" data-element_type=\"widget\" data-e-type=\"widget\" data-settings=\"{&quot;_animation&quot;:&quot;fadeInUp&quot;}\" data-widget_type=\"heading.default\">\n\t\t\t\t\t<h2 class=\"elementor-heading-title elementor-size-default\">O nama<\/h2>\t\t\t\t<\/div>\n\t\t\t\t\t<\/div>\n\t\t\t\t<\/div>\n\t\t<div class=\"elementor-element elementor-element-d5ffae8 e-flex e-con-boxed e-con e-parent\" data-id=\"d5ffae8\" data-element_type=\"container\" data-e-type=\"container\">\n\t\t\t\t\t<div class=\"e-con-inner\">\n\t\t<div class=\"elementor-element elementor-element-3572181 e-con-full e-flex e-con e-child\" data-id=\"3572181\" data-element_type=\"container\" data-e-type=\"container\">\n\t\t\t\t<div class=\"elementor-element elementor-element-b7409de elementor-widget elementor-widget-heading\" data-id=\"b7409de\" data-element_type=\"widget\" data-e-type=\"widget\" data-widget_type=\"heading.default\">\n\t\t\t\t\t<h2 class=\"elementor-heading-title elementor-size-default\">O nama -Torzokom<\/h2>\t\t\t\t<\/div>\n\t\t\t\t<div class=\"elementor-element elementor-element-a5819fe elementor-widget elementor-widget-text-editor\" data-id=\"a5819fe\" data-element_type=\"widget\" data-e-type=\"widget\" data-widget_type=\"text-editor.default\">\n\t\t\t\t\t\t\t\t\t<p>Na\u0161a pri\u010da je pri\u010da o povjerenju, iskustvu i strasti koja traje i danas. Kroz godine, postali smo vi\u0161e od prodavnice \u2013 postali smo mjesto susreta istinskih zaljubljenika u lov.<\/p>\t\t\t\t\t\t\t\t<\/div>\n\t\t\t\t<div class=\"elementor-element elementor-element-dbb2219 elementor-button-type-link elementor-widget elementor-widget-button\" data-id=\"dbb2219\" data-element_type=\"widget\" data-e-type=\"widget\" data-widget_type=\"button.default\">\n\t\t\t\t\t\t\t\t\t\t<a class=\"elementor-button elementor-button-link elementor-size-sm\" href=\"https:\/\/torzokom.com\/ba\/prodavnica\/\">\n\t\t\t\t\t\t<span class=\"elementor-button-content-wrapper\">\n\t\t\t\t\t\t<span class=\"elementor-button-icon\">\n\t\t\t\t<i aria-hidden=\"true\" class=\"tactiko-icon- tactiko-icon-arrow-right-double\"><\/i>\t\t\t<\/span>\n\t\t\t\t\t\t\t\t\t<span class=\"elementor-button-text\">Posjeti web prodavnicu<\/span>\n\t\t\t\t\t<\/span>\n\t\t\t\t\t<\/a>\n\t\t\t\t\t\t\t\t<\/div>\n\t\t\t\t<\/div>\n\t\t<div class=\"elementor-element elementor-element-7a14833 e-con-full e-flex e-con e-child\" data-id=\"7a14833\" data-element_type=\"container\" data-e-type=\"container\">\n\t\t<div class=\"elementor-element elementor-element-a3e47ae e-con-full e-flex e-con e-child\" data-id=\"a3e47ae\" data-element_type=\"container\" data-e-type=\"container\">\n\t\t\t\t<div class=\"elementor-element elementor-element-933dd14 elementor-view-default elementor-widget elementor-widget-icon\" data-id=\"933dd14\" data-element_type=\"widget\" data-e-type=\"widget\" data-widget_type=\"icon.default\">\n\t\t\t\t\t\t\t<div class=\"elementor-icon-wrapper\">\n\t\t\t<div class=\"elementor-icon\">\n\t\t\t<i aria-hidden=\"true\" class=\"tactiko-icon- tactiko-icon-cart-empty\"><\/i>\t\t\t<\/div>\n\t\t<\/div>\n\t\t\t\t\t\t<\/div>\n\t\t\t\t<div class=\"elementor-element elementor-element-1fffb6d elementor-widget elementor-widget-counter\" data-id=\"1fffb6d\" data-element_type=\"widget\" data-e-type=\"widget\" data-widget_type=\"counter.default\">\n\t\t\t\t\t\t\t<div class=\"elementor-counter\">\n\t\t\t<div class=\"elementor-counter-title\">30 godina kvaliteta<\/div>\t\t\t<div class=\"elementor-counter-number-wrapper\">\n\t\t\t\t<span class=\"elementor-counter-number-prefix\"><\/span>\n\t\t\t\t<span class=\"elementor-counter-number\" data-duration=\"2000\" data-to-value=\"25\" data-from-value=\"20\" data-delimiter=\",\">20<\/span>\n\t\t\t\t<span class=\"elementor-counter-number-suffix\">+<\/span>\n\t\t\t<\/div>\n\t\t<\/div>\n\t\t\t\t\t\t<\/div>\n\t\t\t\t<\/div>\n\t\t\t\t<\/div>\n\t\t<div class=\"elementor-element elementor-element-7d5e2a6 e-con-full e-flex e-con e-child\" data-id=\"7d5e2a6\" data-element_type=\"container\" data-e-type=\"container\">\n\t\t<div class=\"elementor-element elementor-element-0f8972a e-con-full e-flex e-con e-child\" data-id=\"0f8972a\" data-element_type=\"container\" data-e-type=\"container\">\n\t\t\t\t<div class=\"elementor-element elementor-element-8fd64d7 elementor-view-default elementor-widget elementor-widget-icon\" data-id=\"8fd64d7\" data-element_type=\"widget\" data-e-type=\"widget\" data-widget_type=\"icon.default\">\n\t\t\t\t\t\t\t<div class=\"elementor-icon-wrapper\">\n\t\t\t<div class=\"elementor-icon\">\n\t\t\t<i aria-hidden=\"true\" class=\"tactiko-icon- tactiko-icon-military\"><\/i>\t\t\t<\/div>\n\t\t<\/div>\n\t\t\t\t\t\t<\/div>\n\t\t\t\t<div class=\"elementor-element elementor-element-9011cd5 elementor-widget elementor-widget-counter\" data-id=\"9011cd5\" data-element_type=\"widget\" data-e-type=\"widget\" data-widget_type=\"counter.default\">\n\t\t\t\t\t\t\t<div class=\"elementor-counter\">\n\t\t\t<div class=\"elementor-counter-title\">artikala <\/div>\t\t\t<div class=\"elementor-counter-number-wrapper\">\n\t\t\t\t<span class=\"elementor-counter-number-prefix\"><\/span>\n\t\t\t\t<span class=\"elementor-counter-number\" data-duration=\"2000\" data-to-value=\"1000\" data-from-value=\"900\" data-delimiter=\",\">900<\/span>\n\t\t\t\t<span class=\"elementor-counter-number-suffix\"><\/span>\n\t\t\t<\/div>\n\t\t<\/div>\n\t\t\t\t\t\t<\/div>\n\t\t\t\t<\/div>\n\t\t\t\t<\/div>\n\t\t\t\t\t<\/div>\n\t\t\t\t<\/div>\n\t\t<div class=\"elementor-element elementor-element-2e3c9b7 e-flex e-con-boxed e-con e-parent\" data-id=\"2e3c9b7\" data-element_type=\"container\" data-e-type=\"container\" data-settings=\"{&quot;background_background&quot;:&quot;classic&quot;}\">\n\t\t\t\t\t<div class=\"e-con-inner\">\n\t\t\t\t<div class=\"elementor-element elementor-element-b5c024f elementor-widget elementor-widget-text-editor\" data-id=\"b5c024f\" data-element_type=\"widget\" data-e-type=\"widget\" data-widget_type=\"text-editor.default\">\n\t\t\t\t\t\t\t\t\t<p>za\u0161to kupovati kod nas<\/p>\t\t\t\t\t\t\t\t<\/div>\n\t\t\t\t<div class=\"elementor-element elementor-element-2627707 elementor-widget__width-initial elementor-widget elementor-widget-heading\" data-id=\"2627707\" data-element_type=\"widget\" data-e-type=\"widget\" data-widget_type=\"heading.default\">\n\t\t\t\t\t<h2 class=\"elementor-heading-title elementor-size-default\">gdje tradicija i kvalitet idu ruku pod ruku&nbsp;<\/h2>\t\t\t\t<\/div>\n\t\t\t\t\t<\/div>\n\t\t\t\t<\/div>\n\t\t<div class=\"elementor-element elementor-element-5c97bed e-flex e-con-boxed e-con e-parent\" data-id=\"5c97bed\" data-element_type=\"container\" data-e-type=\"container\">\n\t\t\t\t\t<div class=\"e-con-inner\">\n\t\t\t\t<div class=\"elementor-element elementor-element-e38f1a4 elementor-widget__width-initial elementor-widget elementor-widget-heading\" data-id=\"e38f1a4\" data-element_type=\"widget\" data-e-type=\"widget\" data-widget_type=\"heading.default\">\n\t\t\t\t\t<h2 class=\"elementor-heading-title elementor-size-default\">Torzokom kroz istoriju<\/h2>\t\t\t\t<\/div>\n\t\t\t\t<div class=\"elementor-element elementor-element-f3eca9f elementor-widget__width-initial elementor-widget elementor-widget-text-editor\" data-id=\"f3eca9f\" data-element_type=\"widget\" data-e-type=\"widget\" data-widget_type=\"text-editor.default\">\n\t\t\t\t\t\t\t\t\t<p>\u00a0Od prvog dana gradili smo svoj identitet strpljivo i predano \u2013 biraju\u0107i samo provjerenu opremu, pru\u017eaju\u0107i stru\u010dne savjete i po\u0161tuju\u0107i svakog kupca<\/p>\t\t\t\t\t\t\t\t<\/div>\n\t\t\t\t<div class=\"elementor-element elementor-element-fe9abc6 elementor-widget elementor-widget-scroll-timeline elementor-widget-tactiko-scroll-timeline\" data-id=\"fe9abc6\" data-element_type=\"widget\" data-e-type=\"widget\" data-widget_type=\"tactiko-scroll-timeline.default\">\n\t\t\t\t<div class=\"elementor-widget-container\">\n\t\t\t\t\t        <div class=\"scroll-timeline\">\n            <div class=\"scroll-timeline-list\">\n                                    <div class=\"scroll-timeline-item\">\n                        <div class=\"scroll-timeline-img\">\n                                                            <img decoding=\"async\" src=\"https:\/\/torzokom.com\/wp-content\/uploads\/2026\/02\/timeline-img11.jpg\" title=\"timeline-img1(1)\" alt=\"o nama torzokom\" loading=\"lazy\" \/>                                                    <\/div>\n                        <div class=\"scroll-timeline-dots\">\n                            <div class=\"timeline-dot\"><\/div>\n                        <\/div>\n                        <div class=\"scroll-timeline-info\">\n                            <div class=\"timeline-year\">1996<\/div>\n                            <h5 class=\"scroll-timeline-heading\">Godina osnivanja<\/h5>\n                            <div class=\"scroll-timeline-desc\">\n                                <p>Po\u010detak rada preduze\u0107a Torzokom doo se\u017ee u 1996. godinu kada po\u010dinje njegovo djelovanje kroz maloprodajnu jedinicu u Prijedoru. Osnovna djelatnost bila je trgovina mu\u0161kom i \u017eenskom odje\u0107om.<\/p>                            <\/div>\n                        <\/div>\n                    <\/div>\n                                    <div class=\"scroll-timeline-item\">\n                        <div class=\"scroll-timeline-img\">\n                                                            <img decoding=\"async\" src=\"https:\/\/torzokom.com\/wp-content\/uploads\/2026\/02\/timeline-img2.jpg\" title=\"timeline-img2\" alt=\"O nama\" loading=\"lazy\" \/>                                                    <\/div>\n                        <div class=\"scroll-timeline-dots\">\n                            <div class=\"timeline-dot\"><\/div>\n                        <\/div>\n                        <div class=\"scroll-timeline-info\">\n                            <div class=\"timeline-year\">2020<\/div>\n                            <h5 class=\"scroll-timeline-heading\">Oru\u017eje i lovna oprema<\/h5>\n                            <div class=\"scroll-timeline-desc\">\n                                <p>Kvalitetnu ponudu oru\u017eja, municije i lovne opreme po\u010dinjemo raditi od 2000. godine. Danas, na\u0161a ponuda oru\u017eja, municije i lova\u010dke opreme \u0161iroka je, kao i ponuda mu\u0161ke i \u017eenske odje\u0107e, \u0161to smo postigli saradnjom s mnogim renomiranim proizvo\u0111a\u010dima.<\/p>                            <\/div>\n                        <\/div>\n                    <\/div>\n                                    <div class=\"scroll-timeline-item\">\n                        <div class=\"scroll-timeline-img\">\n                                                            <img decoding=\"async\" src=\"https:\/\/torzokom.com\/wp-content\/uploads\/2026\/02\/timeline-img3.jpg\" title=\"timeline-img3\" alt=\"timeline-img3\" loading=\"lazy\" \/>                                                    <\/div>\n                        <div class=\"scroll-timeline-dots\">\n                            <div class=\"timeline-dot\"><\/div>\n                        <\/div>\n                        <div class=\"scroll-timeline-info\">\n                            <div class=\"timeline-year\">2022<\/div>\n                            <h5 class=\"scroll-timeline-heading\">Saradnja sa presti\u017enim brendovima <\/h5>\n                            <div class=\"scroll-timeline-desc\">\n                                <p>S istom idejom vodimo se i dalje, te kao potvrdu toga izdvajamo ostvarivanje saradnje s kvalitetnim proizvo\u0111a\u010dima (<strong><a href=\"https:\/\/www.blaser.de\/en\/\" target=\"_blank\" rel=\"noopener\">Blaser,<\/a> <\/strong>Mauser, <strong><a href=\"https:\/\/www.aimpoint.com\/\" target=\"_blank\" rel=\"noopener\">Aimpoint<\/a><\/strong>, Zeiss, Browning, <strong><a href=\"https:\/\/www.nocpix.com\/\" target=\"_blank\" rel=\"noopener\">Nocpix<\/a><\/strong>...)<\/p>                            <\/div>\n                        <\/div>\n                    <\/div>\n                                    <div class=\"scroll-timeline-item\">\n                        <div class=\"scroll-timeline-img\">\n                                                            <img decoding=\"async\" src=\"https:\/\/torzokom.com\/wp-content\/uploads\/2026\/02\/timeline-img4.jpg\" title=\"timeline-img4\" alt=\"timeline-img4\" loading=\"lazy\" \/>                                                    <\/div>\n                        <div class=\"scroll-timeline-dots\">\n                            <div class=\"timeline-dot\"><\/div>\n                        <\/div>\n                        <div class=\"scroll-timeline-info\">\n                            <div class=\"timeline-year\">2025<\/div>\n                            <h5 class=\"scroll-timeline-heading\">20+ svjetskih imena u na\u0161oj ponudi<\/h5>\n                            <div class=\"scroll-timeline-desc\">\n                                <p>Danas, 28 godine nakon osnivanja, na\u0161a ponuda kvalitetno pokriva podru\u010dje lova i strelja\u0161tva, \u0161to smo postigli saradnjom sa preko 20 svjetski etabliranih proizvo\u0111a\u010da. Tim povodom otvorili smo i web prodavnicu gdje online mo\u017eete naru\u010diti veliki broj artikala na ovom <strong><a href=\"https:\/\/torzokom.com\/ba\/prodavnica\/\">linku<\/a><\/strong><\/p>                            <\/div>\n                        <\/div>\n                    <\/div>\n                            <\/div>\n            <div class=\"timeline-line\"><\/div>\n        <\/div>\n        \t\t\t\t<\/div>\n\t\t\t\t<\/div>\n\t\t\t\t\t<\/div>\n\t\t\t\t<\/div>\n\t\t<div class=\"elementor-element elementor-element-4b10014 e-grid e-con-full e-con e-parent\" data-id=\"4b10014\" data-element_type=\"container\" data-e-type=\"container\">\n\t\t\t\t<div class=\"elementor-element elementor-element-4774a8d elementor-view-default elementor-position-block-start elementor-mobile-position-block-start elementor-widget elementor-widget-icon-box\" data-id=\"4774a8d\" data-element_type=\"widget\" data-e-type=\"widget\" data-widget_type=\"icon-box.default\">\n\t\t\t\t\t\t\t<div class=\"elementor-icon-box-wrapper\">\n\n\t\t\t\t\t\t<div class=\"elementor-icon-box-icon\">\n\t\t\t\t<span  class=\"elementor-icon\">\n\t\t\t\t<i aria-hidden=\"true\" class=\"tactiko-icon- tactiko-icon-product\"><\/i>\t\t\t\t<\/span>\n\t\t\t<\/div>\n\t\t\t\n\t\t\t\t\t\t<div class=\"elementor-icon-box-content\">\n\n\t\t\t\t\t\t\t\t\t<h6 class=\"elementor-icon-box-title\">\n\t\t\t\t\t\t<span  >\n\t\t\t\t\t\t\tBesplatna dostava iznad 100 KM\t\t\t\t\t\t<\/span>\n\t\t\t\t\t<\/h6>\n\t\t\t\t\n\t\t\t\t\n\t\t\t<\/div>\n\t\t\t\n\t\t<\/div>\n\t\t\t\t\t\t<\/div>\n\t\t\t\t<div class=\"elementor-element elementor-element-dd5ddc3 elementor-view-default elementor-position-block-start elementor-mobile-position-block-start elementor-widget elementor-widget-icon-box\" data-id=\"dd5ddc3\" data-element_type=\"widget\" data-e-type=\"widget\" data-widget_type=\"icon-box.default\">\n\t\t\t\t\t\t\t<div class=\"elementor-icon-box-wrapper\">\n\n\t\t\t\t\t\t<div class=\"elementor-icon-box-icon\">\n\t\t\t\t<span  class=\"elementor-icon\">\n\t\t\t\t<i aria-hidden=\"true\" class=\"tactiko-icon- tactiko-icon-support\"><\/i>\t\t\t\t<\/span>\n\t\t\t<\/div>\n\t\t\t\n\t\t\t\t\t\t<div class=\"elementor-icon-box-content\">\n\n\t\t\t\t\t\t\t\t\t<h6 class=\"elementor-icon-box-title\">\n\t\t\t\t\t\t<span  >\n\t\t\t\t\t\t\tKorisni\u010dka podr\u0161ka\t\t\t\t\t\t<\/span>\n\t\t\t\t\t<\/h6>\n\t\t\t\t\n\t\t\t\t\n\t\t\t<\/div>\n\t\t\t\n\t\t<\/div>\n\t\t\t\t\t\t<\/div>\n\t\t\t\t<div class=\"elementor-element elementor-element-ed5ee33 elementor-view-default elementor-position-block-start elementor-mobile-position-block-start elementor-widget elementor-widget-icon-box\" data-id=\"ed5ee33\" data-element_type=\"widget\" data-e-type=\"widget\" data-widget_type=\"icon-box.default\">\n\t\t\t\t\t\t\t<div class=\"elementor-icon-box-wrapper\">\n\n\t\t\t\t\t\t<div class=\"elementor-icon-box-icon\">\n\t\t\t\t<span  class=\"elementor-icon\">\n\t\t\t\t<i aria-hidden=\"true\" class=\"tactiko-icon- tactiko-icon-payment\"><\/i>\t\t\t\t<\/span>\n\t\t\t<\/div>\n\t\t\t\n\t\t\t\t\t\t<div class=\"elementor-icon-box-content\">\n\n\t\t\t\t\t\t\t\t\t<h6 class=\"elementor-icon-box-title\">\n\t\t\t\t\t\t<span  >\n\t\t\t\t\t\t\tOnline naru\u010divanje\t\t\t\t\t\t<\/span>\n\t\t\t\t\t<\/h6>\n\t\t\t\t\n\t\t\t\t\n\t\t\t<\/div>\n\t\t\t\n\t\t<\/div>\n\t\t\t\t\t\t<\/div>\n\t\t\t\t<div class=\"elementor-element elementor-element-eb1b559 elementor-view-default elementor-position-block-start elementor-mobile-position-block-start elementor-widget elementor-widget-icon-box\" data-id=\"eb1b559\" data-element_type=\"widget\" data-e-type=\"widget\" data-widget_type=\"icon-box.default\">\n\t\t\t\t\t\t\t<div class=\"elementor-icon-box-wrapper\">\n\n\t\t\t\t\t\t<div class=\"elementor-icon-box-icon\">\n\t\t\t\t<span  class=\"elementor-icon\">\n\t\t\t\t<i aria-hidden=\"true\" class=\"tactiko-icon- tactiko-icon-refund\"><\/i>\t\t\t\t<\/span>\n\t\t\t<\/div>\n\t\t\t\n\t\t\t\t\t\t<div class=\"elementor-icon-box-content\">\n\n\t\t\t\t\t\t\t\t\t<h6 class=\"elementor-icon-box-title\">\n\t\t\t\t\t\t<span  >\n\t\t\t\t\t\t\tPovrat novca\t\t\t\t\t\t<\/span>\n\t\t\t\t\t<\/h6>\n\t\t\t\t\n\t\t\t\t\n\t\t\t<\/div>\n\t\t\t\n\t\t<\/div>\n\t\t\t\t\t\t<\/div>\n\t\t\t\t<\/div>\n\t\t\t\t<\/div>","protected":false},"excerpt":{"rendered":"<p>about tactiko O nama O nama -Torzokom Na\u0161a pri\u010da je pri\u010da o povjerenju, iskustvu i strasti koja traje i danas. Kroz godine, postali smo vi\u0161e od prodavnice \u2013 postali smo mjesto susreta istinskih zaljubljenika u lov. Posjeti web prodavnicu 30 godina kvaliteta 20 + artikala 900 za\u0161to kupovati kod nas gdje tradicija i kvalitet idu [&hellip;]<\/p>\n","protected":false},"author":2,"featured_media":0,"parent":0,"menu_order":0,"comment_status":"closed","ping_status":"closed","template":"template-homepage.php","meta":{"footnotes":""},"class_list":["post-257","page","type-page","status-publish","hentry"],"_links":{"self":[{"href":"https:\/\/torzokom.com\/ba\/wp-json\/wp\/v2\/pages\/257","targetHints":{"allow":["GET"]}}],"collection":[{"href":"https:\/\/torzokom.com\/ba\/wp-json\/wp\/v2\/pages"}],"about":[{"href":"https:\/\/torzokom.com\/ba\/wp-json\/wp\/v2\/types\/page"}],"author":[{"embeddable":true,"href":"https:\/\/torzokom.com\/ba\/wp-json\/wp\/v2\/users\/2"}],"replies":[{"embeddable":true,"href":"https:\/\/torzokom.com\/ba\/wp-json\/wp\/v2\/comments?post=257"}],"version-history":[{"count":3,"href":"https:\/\/torzokom.com\/ba\/wp-json\/wp\/v2\/pages\/257\/revisions"}],"predecessor-version":[{"id":10048,"href":"https:\/\/torzokom.com\/ba\/wp-json\/wp\/v2\/pages\/257\/revisions\/10048"}],"wp:attachment":[{"href":"https:\/\/torzokom.com\/ba\/wp-json\/wp\/v2\/media?parent=257"}],"curies":[{"name":"wp","href":"https:\/\/api.w.org\/{rel}","templated":true}]}}