{"id":10210,"date":"2026-04-16T15:34:58","date_gmt":"2026-04-16T13:34:58","guid":{"rendered":"https:\/\/torzokom.com\/?post_type=product&#038;p=10210"},"modified":"2026-04-16T15:34:58","modified_gmt":"2026-04-16T13:34:58","slug":"nocpix-mate-lite-l38-termovizijski-monokular","status":"publish","type":"product","link":"https:\/\/torzokom.com\/ba\/proizvod\/nocpix-mate-lite-l38-termovizijski-monokular\/","title":{"rendered":"Nocpix Mate Lite L38 Monokular"},"content":{"rendered":"<h2 class=\"otQkpb\" role=\"heading\" aria-level=\"3\" data-sfc-root=\"c\" data-complete=\"true\" data-processed=\"true\"><strong class=\"Yjhzub\" data-sfc-root=\"c\" data-sfc-cb=\"\" data-complete=\"true\">Nocpix Mate Lite L38 \u2013 Vrhunski termovizija u kompaktnom izdanju<\/strong><\/h2>\n<div class=\"Y3BBE\" data-sfc-cp=\"\" data-sfc-root=\"c\" data-sfc-cb=\"\" data-hveid=\"CAEIBRAA\" data-complete=\"true\" data-processed=\"true\"><strong class=\"Yjhzub\" data-sfc-root=\"c\" data-sfc-cb=\"\" data-complete=\"true\" data-processed=\"true\">Nocpix Mate Lite L38<\/strong>\u00a0predstavlja savr\u0161en spoj performansi i prenosivosti za moderne lovce i ljubitelje prirode. Ovaj hibridni ure\u0111aj funkcionira kao\u00a0<strong class=\"Yjhzub\" data-sfc-root=\"c\" data-sfc-cb=\"\" data-complete=\"true\" data-processed=\"true\">termovizijski monokular<\/strong>\u00a0i visokoprecizni\u00a0<strong class=\"Yjhzub\" data-sfc-root=\"c\" data-sfc-cb=\"\" data-complete=\"true\" data-processed=\"true\">termalni clip-on<\/strong>\u00a0(nastavak) koji se jednostavno montira na va\u0161u dnevnu optiku. Zahvaljuju\u0107i naprednom senzoru s osjetljivo\u0161\u0107u od\u00a0<strong class=\"Yjhzub\" data-sfc-root=\"c\" data-sfc-cb=\"\" data-complete=\"true\" data-processed=\"true\">\u226415 mK<\/strong>, omogu\u0107uje kristalno jasnu sliku \u010dak i u najte\u017eim uvjetima poput guste magle ili ki\u0161e.<span class=\"uJ19be notranslate\" data-sfc-root=\"c\" data-wiz-uids=\"Xc29u_12,Xc29u_13\" data-sfc-cb=\"\" data-complete=\"true\" data-processed=\"true\"><span class=\"vKEkVd\" data-animation-atomic=\"\" data-wiz-attrbind=\"class=Xc29u_11\/TKHnVd\" data-sae=\"\"><span aria-hidden=\"true\">\u00a0<\/span><\/span><\/span><\/p>\n<div class=\"Fwa2Od\" data-animation-skip=\"\" data-sfc-root=\"c\" data-sfc-cb=\"\" data-ved=\"2ahUKEwi-lpHduPKTAxVv2gIHHfriKQcQ3s0SegYIAQgFEAI\" data-complete=\"true\">\n<\/div>\n<\/div>\n<div class=\"Fsg96\" data-sfc-cp=\"\" data-sfc-root=\"c\" data-sfc-cb=\"\" data-complete=\"true\" data-processed=\"true\"><\/div>\n<div class=\"AdPoic\" role=\"heading\" aria-level=\"3\" data-animation-nesting=\"\" data-sfc-cp=\"\" data-sfc-root=\"c\" data-sfc-cb=\"\" data-complete=\"true\" data-processed=\"true\" data-sae=\"\"><strong class=\"Yjhzub\" data-sfc-root=\"c\" data-sfc-cb=\"\" data-complete=\"true\">Glavne prednosti za korisnike:<\/strong><\/div>\n<ul class=\"KsbFXc U6u95\" data-sfc-root=\"c\" data-sfc-cb=\"\" data-complete=\"true\" data-processed=\"true\">\n<li class=\"dF3vjf\" data-sfc-root=\"c\" data-sfc-cb=\"\" data-hveid=\"CAEIBxAA\" data-complete=\"true\" data-sae=\"\"><span class=\"T286Pc\" data-sfc-cp=\"\" data-sfc-root=\"c\" data-sfc-cb=\"\" data-complete=\"true\"><strong class=\"Yjhzub\" data-sfc-root=\"c\" data-sfc-cb=\"\" data-complete=\"true\">Izvanredna detekcija:<\/strong>\u00a0Uz domet detekcije do\u00a0<strong class=\"Yjhzub\" data-sfc-root=\"c\" data-sfc-cb=\"\" data-complete=\"true\">1950 metara<\/strong>, niti jedan detalj u lovi\u0161tu ne\u0107e pro\u0107i nezapa\u017eeno.<\/span><\/li>\n<li class=\"dF3vjf\" data-sfc-root=\"c\" data-sfc-cb=\"\" data-hveid=\"CAEIBxAB\" data-complete=\"true\" data-sae=\"\"><span class=\"T286Pc\" data-sfc-cp=\"\" data-sfc-root=\"c\" data-sfc-cb=\"\" data-complete=\"true\"><strong class=\"Yjhzub\" data-sfc-root=\"c\" data-sfc-cb=\"\" data-complete=\"true\">Besprijekoran prikaz:<\/strong>\u00a0AMOLED HD ekran (1920&#215;1080) i frekvencija osvje\u017eavanja od\u00a0<strong class=\"Yjhzub\" data-sfc-root=\"c\" data-sfc-cb=\"\" data-complete=\"true\">60 Hz<\/strong>\u00a0osiguravaju fluidnu sliku bez trzanja, \u0161to je klju\u010dno kod pra\u0107enja divlja\u010di u pokretu.<\/span><\/li>\n<li class=\"dF3vjf\" data-sfc-root=\"c\" data-sfc-cb=\"\" data-hveid=\"CAEIBxAC\" data-complete=\"true\" data-sae=\"\"><span class=\"T286Pc\" data-sfc-cp=\"\" data-sfc-root=\"c\" data-sfc-cb=\"\" data-complete=\"true\"><strong class=\"Yjhzub\" data-sfc-root=\"c\" data-sfc-cb=\"\" data-complete=\"true\">Lagana i robusna konstrukcija:<\/strong>\u00a0Ku\u0107i\u0161te od magnezijeve legure te\u017ei svega\u00a0<strong class=\"Yjhzub\" data-sfc-root=\"c\" data-sfc-cb=\"\" data-complete=\"true\">399 grama<\/strong>, a testirano je na trzaj do\u00a0<strong class=\"Yjhzub\" data-sfc-root=\"c\" data-sfc-cb=\"\" data-complete=\"true\">7000 Joula<\/strong>, \u0161to garantira dugovje\u010dnost na svim kalibrima.<\/span><\/li>\n<li class=\"dF3vjf\" data-sfc-root=\"c\" data-sfc-cb=\"\" data-hveid=\"CAEIBxAD\" data-complete=\"true\" data-sae=\"\"><span class=\"T286Pc\" data-sfc-cp=\"\" data-sfc-root=\"c\" data-sfc-cb=\"\" data-complete=\"true\" aria-owns=\"action-menu-parent-container\"><strong class=\"Yjhzub\" data-sfc-root=\"c\" data-sfc-cb=\"\" data-complete=\"true\">Autonomija i memorija:<\/strong>\u00a0Zamjenjiva baterija 18650 pru\u017ea do\u00a0<strong class=\"Yjhzub\" data-sfc-root=\"c\" data-sfc-cb=\"\" data-complete=\"true\">6 sati<\/strong>\u00a0rada, dok interna memorija od\u00a0<strong class=\"Yjhzub\" data-sfc-root=\"c\" data-sfc-cb=\"\" data-complete=\"true\">64 GB<\/strong>\u00a0omogu\u0107uje snimanje svih va\u017enih trenutaka<\/span><\/li>\n<\/ul>","protected":false},"excerpt":{"rendered":"<div class=\"Y3BBE\" data-sfc-cp=\"\" data-sfc-root=\"c\" data-sfc-cb=\"\" data-hveid=\"CAEIAxAA\" data-complete=\"true\" data-processed=\"true\"><strong class=\"Yjhzub\" data-sfc-root=\"c\" data-sfc-cb=\"\" data-complete=\"true\" data-processed=\"true\">Nocpix Mate Lite L38<\/strong>\u00a0je vrhunski\u00a0<strong class=\"Yjhzub\" data-sfc-root=\"c\" data-sfc-cb=\"\" data-complete=\"true\" data-processed=\"true\">termovizijski monokular<\/strong>\u00a0i hibridni\u00a0<strong class=\"Yjhzub\" data-sfc-root=\"c\" data-sfc-cb=\"\" data-complete=\"true\" data-processed=\"true\">clip-on<\/strong>\u00a0nastavak koji redefinira standarde preciznosti u lovu. Opremljen senzorom ekstremne osjetljivosti od\u00a0<strong class=\"Yjhzub\" data-sfc-root=\"c\" data-sfc-cb=\"\" data-complete=\"true\" data-processed=\"true\">\u226415 mK<\/strong>\u00a0i rezolucijom\u00a0<strong class=\"Yjhzub\" data-sfc-root=\"c\" data-sfc-cb=\"\" data-complete=\"true\" data-processed=\"true\">384&#215;288 px<\/strong>, ovaj ure\u0111aj pru\u017ea nevjerojatno detaljnu sliku \u010dak i u najte\u017eim vremenskim uvjetima.<\/div>\n<div data-sfc-cp=\"\" data-sfc-root=\"c\" data-sfc-cb=\"\" data-hveid=\"CAEIAxAA\" data-complete=\"true\" data-processed=\"true\"><\/div>\n<div class=\"Y3BBE\" data-sfc-cp=\"\" data-sfc-root=\"c\" data-sfc-cb=\"\" data-hveid=\"CAEIBBAA\" data-complete=\"true\" data-processed=\"true\" aria-owns=\"action-menu-parent-container\">Zahvaljuju\u0107i objektivu od\u00a0<strong class=\"Yjhzub\" data-sfc-root=\"c\" data-sfc-cb=\"\" data-complete=\"true\" data-processed=\"true\">38 mm<\/strong>\u00a0i mo\u0107nom\u00a0<strong class=\"Yjhzub\" data-sfc-root=\"c\" data-sfc-cb=\"\" data-complete=\"true\" data-processed=\"true\">AMOLED HD<\/strong>\u00a0zaslonu, omogu\u0107uje detekciju divlja\u010di na udaljenosti do\u00a0<strong class=\"Yjhzub\" data-sfc-root=\"c\" data-sfc-cb=\"\" data-complete=\"true\" data-processed=\"true\">1950 metara<\/strong>. Njegovo lagano ku\u0107i\u0161te od magnezija (samo 399g) krije napredne funkcije poput\u00a0<strong class=\"Yjhzub\" data-sfc-root=\"c\" data-sfc-cb=\"\" data-complete=\"true\" data-processed=\"true\">balisti\u010dkog kalkulatora<\/strong>, snimanja videa aktiviranog trzajem i Wi-Fi povezivosti. Savr\u0161en izbor za lovce koji tra\u017ee beskompromisnu kvalitetu, izdr\u017eljivost na jake kalibre i maksimalnu vidljivost u potpunom mraku.<\/div>","protected":false},"featured_media":10211,"template":"","meta":[],"product_cat":[177,109],"product_tag":[],"class_list":{"0":"post-10210","1":"product","2":"type-product","3":"status-publish","4":"has-post-thumbnail","6":"product_brand-nocpix","7":"product_cat-termalni-uredjaji","8":"product_cat-monokulari","10":"first","11":"instock","12":"taxable","13":"shipping-taxable","14":"purchasable","15":"product-type-simple"},"_links":{"self":[{"href":"https:\/\/torzokom.com\/ba\/wp-json\/wp\/v2\/product\/10210","targetHints":{"allow":["GET"]}}],"collection":[{"href":"https:\/\/torzokom.com\/ba\/wp-json\/wp\/v2\/product"}],"about":[{"href":"https:\/\/torzokom.com\/ba\/wp-json\/wp\/v2\/types\/product"}],"version-history":[{"count":1,"href":"https:\/\/torzokom.com\/ba\/wp-json\/wp\/v2\/product\/10210\/revisions"}],"predecessor-version":[{"id":10212,"href":"https:\/\/torzokom.com\/ba\/wp-json\/wp\/v2\/product\/10210\/revisions\/10212"}],"wp:featuredmedia":[{"embeddable":true,"href":"https:\/\/torzokom.com\/ba\/wp-json\/wp\/v2\/media\/10211"}],"wp:attachment":[{"href":"https:\/\/torzokom.com\/ba\/wp-json\/wp\/v2\/media?parent=10210"}],"wp:term":[{"taxonomy":"product_cat","embeddable":true,"href":"https:\/\/torzokom.com\/ba\/wp-json\/wp\/v2\/product_cat?post=10210"},{"taxonomy":"product_tag","embeddable":true,"href":"https:\/\/torzokom.com\/ba\/wp-json\/wp\/v2\/product_tag?post=10210"}],"curies":[{"name":"wp","href":"https:\/\/api.w.org\/{rel}","templated":true}]}}