{"id":126,"date":"2024-05-07T07:09:53","date_gmt":"2024-05-07T07:09:53","guid":{"rendered":"https:\/\/demo2wpopal.b-cdn.net\/tactiko\/product\/gorgeous-wool-watch\/"},"modified":"2026-02-11T11:52:18","modified_gmt":"2026-02-11T10:52:18","slug":"blaser-f16-game","status":"publish","type":"product","link":"https:\/\/torzokom.com\/ba\/proizvod\/blaser-f16-game\/","title":{"rendered":"Blaser F16 Game"},"content":{"rendered":"<h2 class=\"entry-title\">BLASER F16 GAME<\/h2>\n<p data-start=\"747\" data-end=\"1177\"><span dir=\"auto\">Blaser F16 Game je <\/span><strong data-start=\"766\" data-end=\"816\"><span dir=\"auto\">vrhunska lova\u010dka sa\u010dmarica za lov <\/span><\/strong><span dir=\"auto\">\u00a0koja kombinuje modernu tehnologiju i njema\u010dku preciznu proizvodnju, \u0161to je \u010dini izvanrednim oru\u017ejem za lov na ptice i divlja\u010d u planinskim podru\u010djima. Blaser F16 Game premium bokerica kalibra 12\/76 s niskim profilom, Triplex bore cevi i preciznim mehanizmom. Idealna za lov i sportsko gadjanje. Zahvaljuju\u0107i naprednom Blaserovom in\u017eenjeringu, ovaj model je dizajniran da pru\u017ei izvanrednu preciznost, ravnote\u017eu i pouzdanost &#8211; karakteristike koje pokre\u0107u profesionalce i entuzijaste \u0161irom svijeta.<\/span><\/p>\n<p data-start=\"1179\" data-end=\"1450\"><span dir=\"auto\">F16 Game pripada kategoriji <\/span><strong data-start=\"1207\" data-end=\"1236\"><span dir=\"auto\">kalibra 12\/76 (3\u201d Magnum)<\/span><\/strong><span dir=\"auto\"> , \u0161to zna\u010di da podr\u017eava standardne metke kalibra 12 sa maksimalnom du\u017einom \u010dahure od 76 mm, omogu\u0107avaju\u0107i sna\u017ene, konzistentne performanse i veliku fleksibilnost u izboru punjenja.<\/span><\/p>\n<p data-start=\"1452\" data-end=\"1879\"><span dir=\"auto\">Jedna od najzna\u010dajnijih tehnolo\u0161kih prednosti ovog modela je <\/span><strong data-start=\"1513\" data-end=\"1546\"><span dir=\"auto\">Blaserov Triplex\u00ae dizajn cijevi<\/span><\/strong><span dir=\"auto\"> , koji optimizuje unutra\u0161nju geometriju cijevi za ravnomjernu raspodjelu pogotka i bolju balisti\u010dku efikasnost. Triplex sistem uklju\u010duje precizno profilirane prijelaze i bla\u017ee forsiranje nagiba cijevi, \u0161to rezultira stabilnijom, gustom i ujedna\u010denijom snagom udara na razli\u010ditim udaljenostima.<\/span><\/p>\n<p data-start=\"1881\" data-end=\"2305\"><span dir=\"auto\">Blaser F16 Game ima <\/span><strong data-start=\"1901\" data-end=\"1944\"><span dir=\"auto\">najni\u017ei profil\u00a0 u svojoj klasi<\/span><\/strong><span dir=\"auto\"> , \u0161to zna\u010dajno pobolj\u0161ava prirodno usmjeravanje oru\u017eja (usmjeravanje) i omogu\u0107ava brzo\u00a0 i precizno ciljanje. Ovaj niskoprofilni dizajn, zajedno s monokoknim \u010deli\u010dnim prijemnikom koji je CNC obra\u0111en za maksimalnu \u010dvrsto\u0107u i minimalno habanje, stvara stabilnu osnovu za sa\u010dmaricu koja je lagana, izdr\u017eljiva i uravnote\u017eena.<\/span><\/p>\n<p data-start=\"2307\" data-end=\"2565\"><span dir=\"auto\">Sa te\u017einom od oko <\/span><strong data-start=\"2322\" data-end=\"2343\"><span dir=\"auto\">3100 g (\u2248 3,1 kg)<\/span><\/strong><span dir=\"auto\"> , Blaser F16 Game je relativno lagana za sa\u010dmaricu kalibra 12 koja se nosi preko i ispod nje, \u0161to zna\u010di da se mo\u017ee koristiti du\u017ei vremenski period bez umora &#8211; idealna za vi\u0161esatni lov ili intenzivnu upotrebu na terenu.<\/span><\/p>\n<p data-start=\"2607\" data-end=\"2915\"><span dir=\"auto\">Blaser koristi visokokvalitetno drvo (obi\u010dno orah 4. klase ili bolje), pa\u017eljivo odabrano kako bi se obezbijedila stabilna struktura i lijep estetski izgled. Drveni kundak nudi prirodan osje\u0107aj u ruci, odli\u010dnu kontrolu i udobnost, \u0161to je posebno va\u017eno prilikom ponovljenog ga\u0111anja.<\/span><\/p>\n<p data-start=\"2917\" data-end=\"3128\"><span dir=\"auto\">Standardna du\u017eina kundaka (LP \/ du\u017eina povla\u010denja) je oko <\/span><strong data-start=\"2976\" data-end=\"2986\"><span dir=\"auto\">375 mm<\/span><\/strong><span dir=\"auto\"> , sa padom od 38 mm na grebenu i 56 mm na peti, \u0161to osigurava udoban polo\u017eaj ramena i lak\u0161e ni\u0161anjenje.<\/span><\/p>\n<hr data-start=\"3130\" data-end=\"3133\" \/>\n<h4 data-start=\"3135\" data-end=\"3168\"><strong data-start=\"3141\" data-end=\"3168\"><span dir=\"auto\">Tehni\u010dke karakteristike<\/span><\/strong><\/h4>\n<ul data-start=\"3170\" data-end=\"3687\">\n<li data-start=\"3170\" data-end=\"3204\">\n<p data-start=\"3172\" data-end=\"3204\"><strong data-start=\"3172\" data-end=\"3184\"><span dir=\"auto\">Kalibar:<\/span><\/strong><span dir=\"auto\"> 12\/76 (3\u201d Magnum)<\/span><\/p>\n<\/li>\n<li data-start=\"3205\" data-end=\"3254\">\n<p data-start=\"3207\" data-end=\"3254\"><strong data-start=\"3207\" data-end=\"3225\"><span dir=\"auto\">Du\u017eina cijevi:<\/span><\/strong><span dir=\"auto\"> dostupna 710 mm ili 760 mm<\/span><\/p>\n<\/li>\n<li data-start=\"3255\" data-end=\"3281\">\n<p data-start=\"3257\" data-end=\"3281\"><strong data-start=\"3257\" data-end=\"3268\"><span dir=\"auto\">Te\u017eina:<\/span><\/strong><span dir=\"auto\"> oko 3,1 kg<\/span><\/p>\n<\/li>\n<li data-start=\"3282\" data-end=\"3321\">\n<p data-start=\"3284\" data-end=\"3321\"><strong data-start=\"3284\" data-end=\"3298\"><span dir=\"auto\">Mehanizam:<\/span><\/strong><span dir=\"auto\"> Preko\/ispod<\/span><\/p>\n<\/li>\n<li data-start=\"3322\" data-end=\"3370\">\n<p data-start=\"3324\" data-end=\"3370\"><strong data-start=\"3324\" data-end=\"3340\"><span dir=\"auto\">Vrsta okida\u010da:<\/span><\/strong><span dir=\"auto\"> jedan okida\u010d<\/span><\/p>\n<\/li>\n<li data-start=\"3371\" data-end=\"3423\">\n<p data-start=\"3373\" data-end=\"3423\"><strong data-start=\"3373\" data-end=\"3395\"><span dir=\"auto\">Sistem izbacivanja:<\/span><\/strong><span dir=\"auto\"> EBS (Sistem izbacivanja kugle)<\/span><\/p>\n<\/li>\n<li data-start=\"3498\" data-end=\"3557\">\n<p data-start=\"3500\" data-end=\"3557\"><strong data-start=\"3500\" data-end=\"3510\"><span dir=\"auto\">Kundak:<\/span><\/strong><span dir=\"auto\"> visokokvalitetno drvo, neutralne zakrivljene linije<\/span><\/p>\n<\/li>\n<li data-start=\"3558\" data-end=\"3609\">\n<p data-start=\"3560\" data-end=\"3609\"><strong data-start=\"3560\" data-end=\"3573\"><span dir=\"auto\">Prijemnik:<\/span><\/strong><span dir=\"auto\"> niskoprofilni monokokni \u010delik<\/span><\/p>\n<\/li>\n<li data-start=\"3610\" data-end=\"3687\">\n<p data-start=\"3612\" data-end=\"3687\"><strong data-start=\"3612\" data-end=\"3627\"><span dir=\"auto\">Planirano:<\/span><\/strong><span dir=\"auto\"> lov i strelja\u0161tvo u planinskim podru\u010djima<\/span><\/p>\n<\/li>\n<\/ul>\n<hr data-start=\"3689\" data-end=\"3692\" \/>\n<h4 data-start=\"3694\" data-end=\"3727\"><strong data-start=\"3700\" data-end=\"3727\"><span dir=\"auto\">Inovacija i performanse<\/span><\/strong><\/h4>\n<p data-start=\"3729\" data-end=\"4047\"><strong data-start=\"3729\" data-end=\"3744\"><span dir=\"auto\">Blaser EBS\u00ae<\/span><\/strong><span dir=\"auto\"> (Ejection Ball System) omogu\u0107ava efikasno izbacivanje metaka tek nakon pucanja, \u0161to produ\u017eava vijek trajanja izbaciva\u010da i sprje\u010dava slabljenje opruga tokom vremena. Ovaj sistem doprinosi ukupnoj pouzdanosti i dugovje\u010dnosti oru\u017eja, \u0161to je izuzetno va\u017eno u intenzivnom lovu.<\/span><\/p>\n<p data-start=\"4049\" data-end=\"4257\"><span dir=\"auto\">Blaser tako\u0111er koristi <\/span><strong data-start=\"4066\" data-end=\"4098\"><span dir=\"auto\">IBS\u00ae (Inertial Block System)<\/span><\/strong><span dir=\"auto\"> , koji sprje\u010dava dvostruko okidanje uslijed vibracija ili slu\u010dajnih pokreta, \u010dime se pove\u0107ava sigurnost rukovanja.<\/span><\/p>\n<hr data-start=\"4259\" data-end=\"4262\" \/>\n<h4 data-start=\"4264\" data-end=\"4300\"><strong data-start=\"4270\" data-end=\"4300\"><span dir=\"auto\">Ravnote\u017ea, zakon i ergonomija<\/span><\/strong><\/h4>\n<p data-start=\"4302\" data-end=\"4626\"><span dir=\"auto\">Specijalno dizajniran <\/span><strong data-start=\"4324\" data-end=\"4343\"><span dir=\"auto\">sistem balansiranja<\/span><\/strong><span dir=\"auto\"> omogu\u0107ava pode\u0161avanje te\u017eine i ravnote\u017ee kundaka i du\u017e cijevi, \u0161to lovcima omogu\u0107ava da prilagode osje\u0107aj oru\u017eja svojim preferencijama. Ovo pode\u0161avanje je posebno korisno pri prelasku izme\u0111u razli\u010ditih konfiguracija ili nivoa udova.<\/span><\/p>\n<p data-start=\"4628\" data-end=\"4812\"><span dir=\"auto\">Blaser F16 Game odr\u017eava <\/span><strong data-start=\"4653\" data-end=\"4675\"><span dir=\"auto\">elegantnu estetiku<\/span><\/strong><span dir=\"auto\"> s modernom funkcionalno\u0161\u0107u &#8211; kombinacija tradicionalnog drveta i moderne metalne obrade daje oru\u017eju presti\u017ean izgled bez \u017ertvovanja performansi.<\/span><\/p>\n<hr data-start=\"4814\" data-end=\"4817\" \/>\n<h4 data-start=\"4819\" data-end=\"4843\"><span dir=\"auto\">\u00a0PRAKTI\u010cNA PRIMJENA<\/span><\/h4>\n<p data-start=\"4845\" data-end=\"5162\"><span dir=\"auto\">Ovaj model je odli\u010dan izbor kako za klasi\u010dni lov, tako i za dinami\u010dne situacije gdje je brza reakcija bitna. Sa\u010dmarica savr\u0161eno balansira te\u017einu i snagu, te pru\u017ea ugodno iskustvo pri vi\u0161esatnoj upotrebi. Njena sposobnost da prirodno &#8220;le\u017ei&#8221; na ramenu olak\u0161ava brzo ponavljanje cilja i precizno pra\u0107enje cilja.<\/span><\/p>\n<p>&nbsp;<\/p>\n<p>&nbsp;<\/p>\n<p>&nbsp;<\/p>","protected":false},"excerpt":{"rendered":"<p><em>Jedinstvena preciznost \u010dini F16 Game savr\u0161enim pratiocem za lov<\/em><\/p>","protected":false},"featured_media":8770,"template":"","meta":[],"product_cat":[46,202,78],"product_tag":[311,313,310,312],"class_list":{"0":"post-126","1":"product","2":"type-product","3":"status-publish","4":"has-post-thumbnail","6":"product_brand-blaser","7":"product_cat-oruzje","8":"product_cat-bokerice","9":"product_cat-lovacke-puske","10":"product_tag-blaser-bokerica","11":"product_tag-blaser-bokerica-f16","12":"product_tag-blaser-f16","13":"product_tag-blaser-lovacka-puska","15":"first","16":"instock","17":"virtual","18":"taxable","19":"purchasable","20":"product-type-simple"},"_links":{"self":[{"href":"https:\/\/torzokom.com\/ba\/wp-json\/wp\/v2\/product\/126","targetHints":{"allow":["GET"]}}],"collection":[{"href":"https:\/\/torzokom.com\/ba\/wp-json\/wp\/v2\/product"}],"about":[{"href":"https:\/\/torzokom.com\/ba\/wp-json\/wp\/v2\/types\/product"}],"version-history":[{"count":0,"href":"https:\/\/torzokom.com\/ba\/wp-json\/wp\/v2\/product\/126\/revisions"}],"wp:featuredmedia":[{"embeddable":true,"href":"https:\/\/torzokom.com\/ba\/wp-json\/wp\/v2\/media\/8770"}],"wp:attachment":[{"href":"https:\/\/torzokom.com\/ba\/wp-json\/wp\/v2\/media?parent=126"}],"wp:term":[{"taxonomy":"product_cat","embeddable":true,"href":"https:\/\/torzokom.com\/ba\/wp-json\/wp\/v2\/product_cat?post=126"},{"taxonomy":"product_tag","embeddable":true,"href":"https:\/\/torzokom.com\/ba\/wp-json\/wp\/v2\/product_tag?post=126"}],"curies":[{"name":"wp","href":"https:\/\/api.w.org\/{rel}","templated":true}]}}