{"id":135,"date":"2024-05-07T07:09:57","date_gmt":"2024-05-07T07:09:57","guid":{"rendered":"https:\/\/demo2wpopal.b-cdn.net\/tactiko\/product\/durable-iron-computer\/"},"modified":"2026-02-11T12:22:57","modified_gmt":"2026-02-11T11:22:57","slug":"blaser-drilling-d99-prestige","status":"publish","type":"product","link":"https:\/\/torzokom.com\/ba\/proizvod\/blaser-drilling-d99-prestige\/","title":{"rendered":"Blaser Drilling D99  Prestige"},"content":{"rendered":"<h2>Blaser Drilling D99 Prestige \u2013 premium drilling<\/h2>\n<p data-start=\"786\" data-end=\"1275\"><span dir=\"auto\">Blaser Drilling D99 Prestige je izuzetno svestrano i tehni\u010dki sofisticirano kombinovano lova\u010dko oru\u017eje koje kombinuje dvije neolucene i <\/span><strong data-start=\"927\" data-end=\"950\"><span dir=\"auto\">jednu olucenu cijev<\/span><\/strong><span dir=\"auto\"> u jedinstvenom, izuzetno preciznom i pouzdanom sistemu.<\/span><span dir=\"auto\"> Blaser Drilling D99 Prestige \u2013 premium drilling je rezultat vi\u0161edecenijskog iskustva njema\u010dkog proizvo\u0111a\u010da <\/span><em data-start=\"1089\" data-end=\"1113\"><span dir=\"auto\">Blaser Jagdwaffen GmbH<\/span><\/em><span dir=\"auto\"> i predstavlja <\/span><strong data-start=\"1128\" data-end=\"1237\"><span dir=\"auto\">jedan od najpresti\u017enijih lova\u010dkih alata za one koji \u017eele maksimalnu fleksibilnost i performanse na terenu.<\/span><\/strong><\/p>\n<p data-start=\"1277\" data-end=\"1672\"><span dir=\"auto\">Drilling D99 Prestige je idealan za lovce koji se susre\u0107u s razli\u010ditim situacijama u prirodi, od lova na male ptice i pernatu divlja\u010d, preko lova na \u017eivotinje srednje veli\u010dine, pa sve do velikih \u017eivotinja. Njegova jedinstvena konstrukcija omogu\u0107ava korisniku da pre\u0111e na odgovaraju\u0107u vrstu metka u sekundama bez promjene oru\u017eja &#8211; \u0161to ga \u010dini <\/span><strong data-start=\"1598\" data-end=\"1634\"><span dir=\"auto\">pravim &#8220;svestranim&#8221; rje\u0161enjem.<\/span><\/strong><\/p>\n<h4 data-start=\"1277\" data-end=\"1672\"><span dir=\"auto\">\u00a0Dizajn i mehanizam<\/span><\/h4>\n<p data-start=\"1701\" data-end=\"2208\"><span dir=\"auto\">Blaser Drilling D99 je konfigurisan sa <\/span><strong data-start=\"1739\" data-end=\"1772\"><span dir=\"auto\">dvije cijevi sa\u010dmarice<\/span><\/strong><span dir=\"auto\">\u00a0i jednom <\/span><strong data-start=\"1782\" data-end=\"1799\"><span dir=\"auto\">cijevi karabina<\/span><\/strong><span dir=\"auto\"> , gdje se cijevi sa\u010dmarice obi\u010dno postavljaju ispod cijevi pu\u0161ke, ali kod Blaser modela D99 <\/span><strong data-start=\"1887\" data-end=\"1935\"><span dir=\"auto\">cijev karabina je iznad cijevi sa\u010dmarice<\/span><\/strong><span dir=\"auto\"> , \u0161to smanjuje liniju ni\u0161ana i omogu\u0107ava prirodniji polo\u017eaj za ga\u0111anje. Tehnologija slobodno plutaju\u0107ih cijevi omogu\u0107ava da sve tri cijevi imaju <\/span><strong data-start=\"2082\" data-end=\"2131\"><span dir=\"auto\">konstantnu ta\u010dku udara i odli\u010dnu preciznost<\/span><\/strong><span dir=\"auto\"> , \u010dak i pri brzim uzastopnim paljbama.<\/span><\/p>\n<p data-start=\"2210\" data-end=\"2539\"><span dir=\"auto\">Blaser koristi <\/span><strong data-start=\"2225\" data-end=\"2247\"><span dir=\"auto\">sistem dvostrukog zaklju\u010davanja<\/span><\/strong><span dir=\"auto\"> na modelima D99, \u0161to zna\u010di da lovac mo\u017ee ispaliti drugi hitac bez ponovnog napinjanja, \u0161to zna\u010dajno pobolj\u0161ava brzinu reakcije u lovu. Sistem vertikalnog bloka zaklju\u010davanja pru\u017ea <\/span><strong data-start=\"2420\" data-end=\"2457\"><span dir=\"auto\">izuzetno zatvaranje i stabilnost<\/span><\/strong><span dir=\"auto\"> , \u0161to direktno doprinosi preciznosti oru\u017eja.<\/span><\/p>\n<h4 data-start=\"2210\" data-end=\"2539\"><span dir=\"auto\">KALIBRI I KOMBINACIJE<\/span><\/h4>\n<p data-start=\"2575\" data-end=\"2690\"><span dir=\"auto\">Jedna od najva\u017enijih prednosti Blaser Drilling D99 Prestige burgije je <\/span><strong data-start=\"2638\" data-end=\"2664\"><span dir=\"auto\">\u0161irok raspon kalibara<\/span><\/strong><span dir=\"auto\"> koji se mogu kombinovati:<\/span><\/p>\n<h6 data-start=\"2575\" data-end=\"2690\"><em data-start=\"2699\" data-end=\"2715\"><span dir=\"auto\">Cijevi sa\u010dmarice <\/span><\/em><span style=\"font-family: Georgia, 'Times New Roman', 'Bitstream Charter', Times, serif;\">(u zavisnosti od konfiguracije i izbora lovca)<\/span><\/h6>\n<ul data-start=\"2716\" data-end=\"2822\">\n<li data-start=\"2716\" data-end=\"2734\">\n<p data-start=\"2718\" data-end=\"2734\"><span dir=\"auto\">12\/76\u00a0<\/span><\/p>\n<\/li>\n<li data-start=\"2735\" data-end=\"2822\">\n<p data-start=\"2737\" data-end=\"2822\"><span dir=\"auto\">20\/76 <\/span><\/p>\n<\/li>\n<\/ul>\n<h6 data-start=\"2824\" data-end=\"2844\">Karabinska cijev<\/h6>\n<ul data-start=\"2945\" data-end=\"3222\">\n<li data-start=\"2945\" data-end=\"2957\">\n<p data-start=\"2947\" data-end=\"2957\"><span dir=\"auto\">.222 Rem<\/span><\/p>\n<\/li>\n<li data-start=\"2958\" data-end=\"2970\">\n<p data-start=\"2960\" data-end=\"2970\"><span dir=\"auto\">.243 Pobjeda<\/span><\/p>\n<\/li>\n<li data-start=\"2971\" data-end=\"2984\">\n<p data-start=\"2973\" data-end=\"2984\"><span dir=\"auto\">6,5\u00d755 SE<\/span><\/p>\n<\/li>\n<li data-start=\"2985\" data-end=\"2997\">\n<p data-start=\"2987\" data-end=\"2997\"><span dir=\"auto\">.308 Pobjeda<\/span><\/p>\n<\/li>\n<li data-start=\"2998\" data-end=\"3020\">\n<p data-start=\"3000\" data-end=\"3020\"><span dir=\"auto\">.30-06 Springfield<\/span><\/p>\n<\/li>\n<li data-start=\"3021\" data-end=\"3030\">\n<p data-start=\"3023\" data-end=\"3030\"><span dir=\"auto\">7\u00d757R<\/span><\/p>\n<\/li>\n<li data-start=\"3031\" data-end=\"3040\">\n<p data-start=\"3033\" data-end=\"3040\"><span dir=\"auto\">7\u00d765R<\/span><\/p>\n<\/li>\n<li data-start=\"3041\" data-end=\"3052\">\n<p data-start=\"3043\" data-end=\"3052\"><span dir=\"auto\">8\u00d757IRS<\/span><\/p>\n<\/li>\n<li data-start=\"3053\" data-end=\"3222\">\n<p data-start=\"3055\" data-end=\"3222\"><span dir=\"auto\">9.3\u00d774R <\/span><br data-start=\"3062\" data-end=\"3065\" \/><span dir=\"auto\">Ove kombinacije omogu\u0107avaju lov na male, srednje i velike \u017eivotinje, od jari\u0107a i fazana do jelena i divljih svinja.<\/span><\/p>\n<\/li>\n<\/ul>\n<ul data-start=\"3302\" data-end=\"3562\">\n<li data-start=\"3462\" data-end=\"3562\">\n<p data-start=\"3464\" data-end=\"3562\">\n<\/li>\n<\/ul>\n<hr data-start=\"3564\" data-end=\"3567\" \/>\n<h4 data-start=\"3569\" data-end=\"3603\"><span dir=\"auto\">\u00a0KVALITET MATERIJALA I IZRADE<\/span><\/h4>\n<p data-start=\"3625\" data-end=\"4036\"><span dir=\"auto\">Blaser je poznat po svom vrhunskom odabiru drveta, a D99 Prestige koristi <\/span><strong data-start=\"3718\" data-end=\"3757\"><span dir=\"auto\">najkvalitetnije orahovo drvo (klase 4-11)<\/span><\/strong><span dir=\"auto\"> &#8211; \u010desto ru\u010dno odabrano i obra\u0111eno kako bi se postigla <\/span><strong data-start=\"3810\" data-end=\"3859\"><span dir=\"auto\">idealna ravnote\u017ea \u010dvrsto\u0107e, izgleda i ergonomije<\/span><\/strong><span dir=\"auto\"> . Drvo raste u planinskim regijama, sa sporom stopom rasta i gustom strukturom, \u0161to rezultira <\/span><strong data-start=\"3943\" data-end=\"3998\"><span dir=\"auto\">izuzetno lijepim uzorkom i dugoro\u010dnom stabilno\u0161\u0107u.<\/span><\/strong><span dir=\"auto\">Pravilno osu\u0161eno i obra\u0111eno drvo minimizira deformacije usljed promjena temperature, a posebna pa\u017enja se posve\u0107uje <\/span><strong data-start=\"4153\" data-end=\"4171\"><span dir=\"auto\">ravnote\u017ei oru\u017eja<\/span><\/strong><span dir=\"auto\"> , \u0161to omogu\u0107ava prirodan osje\u0107aj u ruci i stabilno ciljanje.<\/span><\/p>\n<p data-start=\"4318\" data-end=\"4675\"><span dir=\"auto\">Svi metalni dijelovi na Drilling D99 Prestige bu\u0161ilici izra\u0111eni su od <\/span><strong data-start=\"4382\" data-end=\"4409\"><span dir=\"auto\">visokolegiranog \u010delika<\/span><\/strong><span dir=\"auto\"> , obra\u0111enog modernim procesima nitriranja ili tretmana za\u0161titnim slojevima radi pove\u0107anja otpornosti na koroziju i habanje. Ovaj pristup osigurava dug vijek trajanja i pouzdane performanse \u010dak i u te\u0161kim vremenskim uvjetima.<\/span><\/p>\n<hr data-start=\"4677\" data-end=\"4680\" \/>\n<h5 data-start=\"4682\" data-end=\"4708\"><span dir=\"auto\">NAMJENA I UPOTREBA<\/span><\/h5>\n<p data-start=\"4710\" data-end=\"4899\"><span dir=\"auto\">Drilling D99 Prestige je dizajniran kao <\/span><strong data-start=\"4750\" data-end=\"4791\"><span dir=\"auto\">vrhunsko vi\u0161enamjensko lova\u010dko oru\u017eje<\/span><\/strong><span dir=\"auto\"> . Njegova kombinacija cijevi sa\u010dmarice i pu\u0161ke zna\u010di da jedan alat mo\u017ee odgovoriti na gotovo svaki lova\u010dki izazov:<\/span><\/p>\n<p data-start=\"4901\" data-end=\"5165\"><span dir=\"auto\">\u2714 Lov na ptice i planinsku divlja\u010d <\/span><br data-start=\"4930\" data-end=\"4933\" \/><span dir=\"auto\">\u2714 Lov na krupnu divlja\u010d (jelene, veprove) <\/span><br data-start=\"4970\" data-end=\"4973\" \/><span dir=\"auto\">\u2714 Situacije u kojima je potreban precizan hitac, a zatim ga\u0111anje grupe meta <\/span><br data-start=\"5052\" data-end=\"5055\" \/><span dir=\"auto\">\u2714 Idealno za lovce koji <\/span><strong data-start=\"5079\" data-end=\"5118\"><span dir=\"auto\">ne \u017eele nositi vi\u0161e oru\u017eja na terenu<\/span><\/strong><br data-start=\"5118\" data-end=\"5121\" \/><span dir=\"auto\"> \u2714 Odli\u010dno za planinske i \u0161umske uslove lova<\/span><\/p>\n<p data-start=\"5167\" data-end=\"5335\"><span dir=\"auto\">Takva svestranost \u010dini Drilling D99 Prestige jednim od najtra\u017eenijih modela u premium segmentu <\/span><strong data-start=\"5262\" data-end=\"5294\"><span dir=\"auto\">kombinovanog lova\u010dkog oru\u017eja<\/span><\/strong><span dir=\"auto\"> .<\/span><\/p>\n<hr data-start=\"5337\" data-end=\"5340\" \/>\n<h5 data-start=\"5342\" data-end=\"5368\"><span dir=\"auto\">SIGURNOST I MEHANIKA<\/span><\/h5>\n<p data-start=\"5370\" data-end=\"5657\"><span dir=\"auto\">Blaser koristi <\/span><strong data-start=\"5385\" data-end=\"5412\"><span dir=\"auto\">sistem ru\u010dnog napinjanja<\/span><\/strong><span dir=\"auto\"> na svim svojim kombinovanim oru\u017ejima, \u0161to zna\u010di da oru\u017eje <\/span><strong data-start=\"5471\" data-end=\"5544\"><span dir=\"auto\">nije napunjeno dok ga korisnik ne pripremi za paljbu<\/span><\/strong><span dir=\"auto\"> &#8211; ovo je sigurnosna prednost jer smanjuje mogu\u0107nost slu\u010dajnog opaljenja.<\/span><\/p>\n<p data-start=\"5659\" data-end=\"5855\"><span dir=\"auto\">Sistem dvostrukog zaklju\u010davanja dodatno omogu\u0107ava <\/span><strong data-start=\"5702\" data-end=\"5754\"><span dir=\"auto\">ispaljivanje drugog metka bez ponovnog napinjanja<\/span><\/strong><span dir=\"auto\"> , \u0161to je va\u017eno u lovu gdje su reakcije i brzina klju\u010dni.<\/span><\/p>","protected":false},"excerpt":{"rendered":"<p>Blaser Drilling D99 Prestige \u2013 premium drilling Blaser Drilling D99 Prestige je izuzetno svestrano i tehni\u010dki sofisticirano kombinovano lova\u010dko oru\u017eje koje kombinuje dvije neolucene i jednu olucenu cijev u jedinstvenom, izuzetno preciznom i pouzdanom sistemu. Blaser Drilling D99 Prestige \u2013 premium drilling je rezultat vi\u0161edecenijskog iskustva njema\u010dkog proizvo\u0111a\u010da Blaser Jagdwaffen GmbH i predstavlja jedan od [&hellip;]<\/p>\n","protected":false},"featured_media":4425,"template":"","meta":[],"product_cat":[46,193,78],"product_tag":[295,308,304],"class_list":{"0":"post-135","1":"product","2":"type-product","3":"status-publish","4":"has-post-thumbnail","6":"product_brand-blaser","7":"product_cat-oruzje","8":"product_cat-kombinovane-puske","9":"product_cat-lovacke-puske","10":"product_tag-blaser","11":"product_tag-blaser-d99","12":"product_tag-blaser-driling","14":"first","15":"instock","16":"virtual","17":"sold-individually","18":"taxable","19":"purchasable","20":"product-type-simple"},"_links":{"self":[{"href":"https:\/\/torzokom.com\/ba\/wp-json\/wp\/v2\/product\/135","targetHints":{"allow":["GET"]}}],"collection":[{"href":"https:\/\/torzokom.com\/ba\/wp-json\/wp\/v2\/product"}],"about":[{"href":"https:\/\/torzokom.com\/ba\/wp-json\/wp\/v2\/types\/product"}],"version-history":[{"count":0,"href":"https:\/\/torzokom.com\/ba\/wp-json\/wp\/v2\/product\/135\/revisions"}],"wp:featuredmedia":[{"embeddable":true,"href":"https:\/\/torzokom.com\/ba\/wp-json\/wp\/v2\/media\/4425"}],"wp:attachment":[{"href":"https:\/\/torzokom.com\/ba\/wp-json\/wp\/v2\/media?parent=135"}],"wp:term":[{"taxonomy":"product_cat","embeddable":true,"href":"https:\/\/torzokom.com\/ba\/wp-json\/wp\/v2\/product_cat?post=135"},{"taxonomy":"product_tag","embeddable":true,"href":"https:\/\/torzokom.com\/ba\/wp-json\/wp\/v2\/product_tag?post=135"}],"curies":[{"name":"wp","href":"https:\/\/api.w.org\/{rel}","templated":true}]}}