{"id":166,"date":"2024-05-07T07:10:18","date_gmt":"2024-05-07T07:10:18","guid":{"rendered":"https:\/\/demo2wpopal.b-cdn.net\/tactiko\/product\/aerodynamic-marble-keyboard\/"},"modified":"2026-02-13T03:18:19","modified_gmt":"2026-02-13T02:18:19","slug":"blaser-k95-luxus-kiplauf-lovacki-karabin","status":"publish","type":"product","link":"https:\/\/torzokom.com\/ba\/proizvod\/blaser-k95-luxus-kiplauf-lovacki-karabin\/","title":{"rendered":"Blaser K95 Luxus Kiplauf"},"content":{"rendered":"<h2>Blaser K95 Luxus Kiplauf Lova\u010dki karabin<\/h2>\n<p>Elegantna, gospodska, ta\u010dna \u2013 <em>Blaser<\/em>-ova pu\u0161ka prelama\u010da, jednometka K95 decenijama se dokazuje u zahtjevnim lovnim situacijama. Njegov skladan dizajn i kompaktan oblik \u010dine posebno zadovoljstvo gdje god da lovite.<\/p>\n<p>Fino drvo klase 4 i velik izbor gravura sa \u017eivotinjama ili arabeskama, \u010dine ga plemenitim lova\u010dkim pratiocem sa elegantnim izgledom.<\/p>\n<ul>\n<li>K95 CRNI OBARA\u010c<\/li>\n<li>K95 STANDARDNA CIJEV<\/li>\n<li>BAVARSKI KUNDAK SA DVOSTRUKIM \u017dLIJEBOM<\/li>\n<li><em>OPCIONI DODACI:<\/em><\/li>\n<li>K95 ZLATNI OBARA\u010c<\/li>\n<li>KANALISANA (FLUTED) OKTAGONALNA CIJEV<\/li>\n<li>MAG-NA-PORT PLINSKA KO\u010cNICA<\/li>\n<li>redukovanje trzaja do cca. 20%<\/li>\n<\/ul>\n<p>DVOSTRUKA PLINSKA KO\u010cNICA<\/p>\n<ul>\n<li>redukovanje trzaja do cca. 35 \u2013 50%<\/li>\n<li>moguc\u0301e je naknadno ugraditi navoj za dvostruku plinsku ko\u010dnicu<\/li>\n<li>za kanalisane cijevi dostupno samo bez ni\u0161ana<\/li>\n<\/ul>\n<hr \/>\n<p>K95 POTKUNDAK ZA ZAVR\u0160ETKOM OD EBANOVINE<\/p>\n<p>SUPER FINI\u0160<\/p>\n<ul>\n<li>dostupno od drveta klase 8<\/li>\n<\/ul>\n<p>SKLADI\u0160TE ZA MUNICIJU U KUNDAKU<\/p>\n<ul>\n<li>4 metka, \u010dvrsto \u010duvani kako ne bi zveckali, pobolj\u0161avaju funkcionalnost kundaka.<\/li>\n<li>jednostavne gravure<\/li>\n<li>Moguc\u0301i su portreti \u017eivotinja, inicijali i ostale gravure<\/li>\n<\/ul>","protected":false},"excerpt":{"rendered":"<p>Elegantna, gospodska, ta\u010dna \u2013 <em>Blaser<\/em>-ova pu\u0161ka prelama\u010da, jednometka K95 decenijama se dokazuje u zahtjevnim lovnim situacijama. Njegov skladan dizajn i kompaktan oblik \u010dine posebno zadovoljstvo gdje god da lovite.<\/p>","protected":false},"featured_media":4408,"template":"","meta":[],"product_cat":[46,199],"product_tag":[295,314],"class_list":{"0":"post-166","1":"product","2":"type-product","3":"status-publish","4":"has-post-thumbnail","6":"product_brand-blaser","7":"product_cat-oruzje","8":"product_cat-lovacki-karabini","9":"product_tag-blaser","10":"product_tag-blaser-k95","12":"first","13":"instock","14":"featured","15":"taxable","16":"shipping-taxable","17":"purchasable","18":"product-type-simple"},"_links":{"self":[{"href":"https:\/\/torzokom.com\/ba\/wp-json\/wp\/v2\/product\/166","targetHints":{"allow":["GET"]}}],"collection":[{"href":"https:\/\/torzokom.com\/ba\/wp-json\/wp\/v2\/product"}],"about":[{"href":"https:\/\/torzokom.com\/ba\/wp-json\/wp\/v2\/types\/product"}],"version-history":[{"count":0,"href":"https:\/\/torzokom.com\/ba\/wp-json\/wp\/v2\/product\/166\/revisions"}],"wp:featuredmedia":[{"embeddable":true,"href":"https:\/\/torzokom.com\/ba\/wp-json\/wp\/v2\/media\/4408"}],"wp:attachment":[{"href":"https:\/\/torzokom.com\/ba\/wp-json\/wp\/v2\/media?parent=166"}],"wp:term":[{"taxonomy":"product_cat","embeddable":true,"href":"https:\/\/torzokom.com\/ba\/wp-json\/wp\/v2\/product_cat?post=166"},{"taxonomy":"product_tag","embeddable":true,"href":"https:\/\/torzokom.com\/ba\/wp-json\/wp\/v2\/product_tag?post=166"}],"curies":[{"name":"wp","href":"https:\/\/api.w.org\/{rel}","templated":true}]}}