{"id":191,"date":"2024-05-07T07:10:32","date_gmt":"2024-05-07T07:10:32","guid":{"rendered":"https:\/\/demo2wpopal.b-cdn.net\/tactiko\/product\/gorgeous-copper-keyboard\/"},"modified":"2026-02-11T15:42:54","modified_gmt":"2026-02-11T14:42:54","slug":"blaser-k95-ultimate-kiplauf","status":"publish","type":"product","link":"https:\/\/torzokom.com\/ba\/proizvod\/blaser-k95-ultimate-kiplauf\/","title":{"rendered":"Blaser K95 Ultimate kiplauf"},"content":{"rendered":"<h2>Blaser K95 Ultimate kiplauf<\/h2>\n<p>Robustan dizajn i legendarna preciznost pri pucanju. Zahvaljujuc\u0301i ergonomskom optimizovanom sinteti\u010dkom <em>thumbhole<\/em> kundaku, K95 Ultimate kombinuje tradiciju i funkcionalnost na jedinstven na\u010din.<\/p>\n<ul>\n<li>Ergonomski optimizovano<\/li>\n<li>sinteti\u010dki <em>thumbhole <\/em>kundak<\/li>\n<li>Crno-sme\u0111i sinteti\u010dki materijal sa umetcima od crnog elastomera<\/li>\n<li>Dostupne opcije uklju\u010duju: podesivi greben, podesivi jastu\u010di\u0107 za smanjenje trzaja,<\/li>\n<li>apsorpcioni sistem K95 Ultimate za smanjenje trzaj<\/li>\n<\/ul>","protected":false},"excerpt":{"rendered":"<p>Robustan dizajn i legendarna preciznost pri pucanju. Zahvaljujuc\u0301i ergonomskom optimizovanom sinteti\u010dkom <em>thumbhole<\/em> kundaku, K95 Ultimate kombinuje tradiciju i funkcionalnost na jedinstven na\u010din.<\/p>","protected":false},"featured_media":4393,"template":"","meta":[],"product_cat":[46,199],"product_tag":[295,314,315,294],"class_list":{"0":"post-191","1":"product","2":"type-product","3":"status-publish","4":"has-post-thumbnail","6":"product_brand-blaser","7":"product_cat-oruzje","8":"product_cat-lovacki-karabini","9":"product_tag-blaser","10":"product_tag-blaser-k95","11":"product_tag-blaser-kiplauf","12":"product_tag-blaser-lovacki-karabin","14":"first","15":"instock","16":"virtual","17":"sold-individually","18":"taxable","19":"purchasable","20":"product-type-simple"},"_links":{"self":[{"href":"https:\/\/torzokom.com\/ba\/wp-json\/wp\/v2\/product\/191","targetHints":{"allow":["GET"]}}],"collection":[{"href":"https:\/\/torzokom.com\/ba\/wp-json\/wp\/v2\/product"}],"about":[{"href":"https:\/\/torzokom.com\/ba\/wp-json\/wp\/v2\/types\/product"}],"version-history":[{"count":0,"href":"https:\/\/torzokom.com\/ba\/wp-json\/wp\/v2\/product\/191\/revisions"}],"wp:featuredmedia":[{"embeddable":true,"href":"https:\/\/torzokom.com\/ba\/wp-json\/wp\/v2\/media\/4393"}],"wp:attachment":[{"href":"https:\/\/torzokom.com\/ba\/wp-json\/wp\/v2\/media?parent=191"}],"wp:term":[{"taxonomy":"product_cat","embeddable":true,"href":"https:\/\/torzokom.com\/ba\/wp-json\/wp\/v2\/product_cat?post=191"},{"taxonomy":"product_tag","embeddable":true,"href":"https:\/\/torzokom.com\/ba\/wp-json\/wp\/v2\/product_tag?post=191"}],"curies":[{"name":"wp","href":"https:\/\/api.w.org\/{rel}","templated":true}]}}