{"id":4445,"date":"2025-08-21T09:02:08","date_gmt":"2025-08-21T07:02:08","guid":{"rendered":"http:\/\/torzokom.com\/?post_type=product&#038;p=4445"},"modified":"2025-10-28T01:04:04","modified_gmt":"2025-10-28T00:04:04","slug":"blaser-f16-sporting-cal-12-76","status":"publish","type":"product","link":"https:\/\/torzokom.com\/ba\/proizvod\/blaser-f16-sporting-cal-12-76\/","title":{"rendered":"Blaser F16 Sporting cal.12\/76"},"content":{"rendered":"<h2 class=\"entry-title\">Blaser F16 Sporting cal.12\/76<\/h2>\n<p class=\"has-shade\">PRIJEMNIK F16 SPORTING STANDARD<\/p>\n<ul>\n<li>osnovni dizajn sa obi\u010dnim, \u201emetalno sivim\u201c prijemnikom<\/li>\n<li>crveni F16 logo<\/li>\n<li>pode\u0161avaju\u0107i obara\u010d<\/li>\n<li>te\u017eina obara\u010da: 1650 g<\/li>\n<li>Selektor cijevi: izbor po\u017eeljne sekvence pucanja, prikladno postavljen ispred okida\u010da<\/li>\n<\/ul>\n<p class=\"has-shade\"><a href=\"https:\/\/www.torzokom.com\/wp-content\/uploads\/2017\/11\/F16_HInterschaft-Sporting.png\"><img decoding=\"async\" class=\"alignleft  wp-image-4367\" src=\"https:\/\/www.torzokom.com\/wp-content\/uploads\/2017\/11\/F16_HInterschaft-Sporting-195x84.png\" sizes=\"auto, (max-width: 274px) 100vw, 274px\" srcset=\"https:\/\/www.torzokom.com\/wp-content\/uploads\/2017\/11\/F16_HInterschaft-Sporting-195x84.png 195w, https:\/\/www.torzokom.com\/wp-content\/uploads\/2017\/11\/F16_HInterschaft-Sporting-300x129.png 300w, https:\/\/www.torzokom.com\/wp-content\/uploads\/2017\/11\/F16_HInterschaft-Sporting-1024x439.png 1024w, https:\/\/www.torzokom.com\/wp-content\/uploads\/2017\/11\/F16_HInterschaft-Sporting-768x329.png 768w, https:\/\/www.torzokom.com\/wp-content\/uploads\/2017\/11\/F16_HInterschaft-Sporting-940x403.png 940w, https:\/\/www.torzokom.com\/wp-content\/uploads\/2017\/11\/F16_HInterschaft-Sporting-620x266.png 620w, https:\/\/www.torzokom.com\/wp-content\/uploads\/2017\/11\/F16_HInterschaft-Sporting.png 1140w\" alt=\"\" width=\"274\" height=\"118\" \/><\/a>KUNDAK F16 SPORTING<\/p>\n<ul>\n<li>pad 38\/50 mm<\/li>\n<li>du\u017eina izvla\u010denja 375 mm<\/li>\n<\/ul>\n<p>&nbsp;<\/p>\n<p class=\"has-shade\"><a href=\"https:\/\/www.torzokom.com\/wp-content\/uploads\/2017\/11\/Rotes-Leuchtkorn.png\"><img decoding=\"async\" class=\"alignleft  wp-image-4368\" src=\"https:\/\/www.torzokom.com\/wp-content\/uploads\/2017\/11\/Rotes-Leuchtkorn-195x84.png\" sizes=\"auto, (max-width: 274px) 100vw, 274px\" srcset=\"https:\/\/www.torzokom.com\/wp-content\/uploads\/2017\/11\/Rotes-Leuchtkorn-195x84.png 195w, https:\/\/www.torzokom.com\/wp-content\/uploads\/2017\/11\/Rotes-Leuchtkorn-300x129.png 300w, https:\/\/www.torzokom.com\/wp-content\/uploads\/2017\/11\/Rotes-Leuchtkorn-1024x439.png 1024w, https:\/\/www.torzokom.com\/wp-content\/uploads\/2017\/11\/Rotes-Leuchtkorn-768x329.png 768w, https:\/\/www.torzokom.com\/wp-content\/uploads\/2017\/11\/Rotes-Leuchtkorn-940x403.png 940w, https:\/\/www.torzokom.com\/wp-content\/uploads\/2017\/11\/Rotes-Leuchtkorn-620x266.png 620w, https:\/\/www.torzokom.com\/wp-content\/uploads\/2017\/11\/Rotes-Leuchtkorn.png 1140w\" alt=\"\" width=\"274\" height=\"118\" \/><\/a>SVIJETLO-CRVENI NI\u0160AN<\/p>\n<ul>\n<li>Svijetlo-crveni ni\u0161an<\/li>\n<li>konusno rebro od 9.0 mm do 7.5 mm<\/li>\n<li>Du\u017eina cijevi: 71 cm i 76 cm<\/li>\n<\/ul>\n<p>&nbsp;<\/p>\n<p class=\"has-shade\"><a href=\"https:\/\/www.torzokom.com\/wp-content\/uploads\/2017\/11\/BLA_F16_70916.png\"><img fetchpriority=\"high\" decoding=\"async\" class=\"alignleft  wp-image-4369\" src=\"https:\/\/www.torzokom.com\/wp-content\/uploads\/2017\/11\/BLA_F16_70916-195x146.png\" sizes=\"auto, (max-width: 268px) 100vw, 268px\" srcset=\"https:\/\/www.torzokom.com\/wp-content\/uploads\/2017\/11\/BLA_F16_70916-195x146.png 195w, https:\/\/www.torzokom.com\/wp-content\/uploads\/2017\/11\/BLA_F16_70916-300x225.png 300w, https:\/\/www.torzokom.com\/wp-content\/uploads\/2017\/11\/BLA_F16_70916.png 525w\" alt=\"\" width=\"268\" height=\"201\" \/><\/a>PODESIVI OBARA\u010c<\/p>\n<p>&nbsp;<\/p>\n<p>&nbsp;<\/p>","protected":false},"excerpt":{"rendered":"<p>Osnovni dizajn sa obi\u010dnim, \u201emetalno sivim\u201c prijemnikom<\/p>","protected":false},"featured_media":4446,"template":"","meta":[],"product_cat":[46,202,78],"product_tag":[],"class_list":{"0":"post-4445","1":"product","2":"type-product","3":"status-publish","4":"has-post-thumbnail","6":"product_brand-blaser","7":"product_cat-oruzje","8":"product_cat-bokerice","9":"product_cat-lovacke-puske","11":"first","12":"instock","13":"taxable","14":"shipping-taxable","15":"purchasable","16":"product-type-simple"},"_links":{"self":[{"href":"https:\/\/torzokom.com\/ba\/wp-json\/wp\/v2\/product\/4445","targetHints":{"allow":["GET"]}}],"collection":[{"href":"https:\/\/torzokom.com\/ba\/wp-json\/wp\/v2\/product"}],"about":[{"href":"https:\/\/torzokom.com\/ba\/wp-json\/wp\/v2\/types\/product"}],"version-history":[{"count":0,"href":"https:\/\/torzokom.com\/ba\/wp-json\/wp\/v2\/product\/4445\/revisions"}],"wp:featuredmedia":[{"embeddable":true,"href":"https:\/\/torzokom.com\/ba\/wp-json\/wp\/v2\/media\/4446"}],"wp:attachment":[{"href":"https:\/\/torzokom.com\/ba\/wp-json\/wp\/v2\/media?parent=4445"}],"wp:term":[{"taxonomy":"product_cat","embeddable":true,"href":"https:\/\/torzokom.com\/ba\/wp-json\/wp\/v2\/product_cat?post=4445"},{"taxonomy":"product_tag","embeddable":true,"href":"https:\/\/torzokom.com\/ba\/wp-json\/wp\/v2\/product_tag?post=4445"}],"curies":[{"name":"wp","href":"https:\/\/api.w.org\/{rel}","templated":true}]}}