{"id":4641,"date":"2025-08-25T11:27:13","date_gmt":"2025-08-25T09:27:13","guid":{"rendered":"http:\/\/torzokom.com\/?post_type=product&#038;p=4641"},"modified":"2025-10-26T01:58:11","modified_gmt":"2025-10-25T23:58:11","slug":"browning-maral-sf-platinum-hc-2","status":"publish","type":"product","link":"https:\/\/torzokom.com\/ba\/proizvod\/browning-maral-sf-platinum-hc-2\/","title":{"rendered":"Browning Maral SF Platinum HC"},"content":{"rendered":"<h2>Browning Maral SF Platinum HC<\/h2>\n<p>Ova luksuzna verzija najbr\u017ee pu\u0161ke sa direktnom akcijom na tr\u017ei\u0161tu je ukra\u0161ena vrhunskim drvetom klase 5.<br \/>\nKitnjasti tok fino isklesane gravure na prijemniku savr\u0161eno se uklapa sa drvenom kuglom zatvara\u010da.<\/p>","protected":false},"excerpt":{"rendered":"<p>Ova luksuzna verzija najbr\u017ee pu\u0161ke sa direktnom akcijom na tr\u017ei\u0161tu je ukra\u0161ena vrhunskim drvetom klase 5.<\/p>","protected":false},"featured_media":4642,"template":"","meta":[],"product_cat":[199,46],"product_tag":[],"class_list":{"0":"post-4641","1":"product","2":"type-product","3":"status-publish","4":"has-post-thumbnail","6":"product_brand-browning","7":"product_cat-lovacki-karabini","8":"product_cat-oruzje","10":"first","11":"instock","12":"taxable","13":"shipping-taxable","14":"product-type-simple"},"_links":{"self":[{"href":"https:\/\/torzokom.com\/ba\/wp-json\/wp\/v2\/product\/4641","targetHints":{"allow":["GET"]}}],"collection":[{"href":"https:\/\/torzokom.com\/ba\/wp-json\/wp\/v2\/product"}],"about":[{"href":"https:\/\/torzokom.com\/ba\/wp-json\/wp\/v2\/types\/product"}],"version-history":[{"count":0,"href":"https:\/\/torzokom.com\/ba\/wp-json\/wp\/v2\/product\/4641\/revisions"}],"wp:featuredmedia":[{"embeddable":true,"href":"https:\/\/torzokom.com\/ba\/wp-json\/wp\/v2\/media\/4642"}],"wp:attachment":[{"href":"https:\/\/torzokom.com\/ba\/wp-json\/wp\/v2\/media?parent=4641"}],"wp:term":[{"taxonomy":"product_cat","embeddable":true,"href":"https:\/\/torzokom.com\/ba\/wp-json\/wp\/v2\/product_cat?post=4641"},{"taxonomy":"product_tag","embeddable":true,"href":"https:\/\/torzokom.com\/ba\/wp-json\/wp\/v2\/product_tag?post=4641"}],"curies":[{"name":"wp","href":"https:\/\/api.w.org\/{rel}","templated":true}]}}