{"id":4647,"date":"2025-08-25T12:41:16","date_gmt":"2025-08-25T10:41:16","guid":{"rendered":"http:\/\/torzokom.com\/?post_type=product&#038;p=4647"},"modified":"2025-10-28T00:59:26","modified_gmt":"2025-10-27T23:59:26","slug":"browning-bar-mk3-composite-hc-tracker-2","status":"publish","type":"product","link":"https:\/\/torzokom.com\/ba\/proizvod\/browning-bar-mk3-composite-hc-tracker-2\/","title":{"rendered":"Browning Bar MK3 Composite HC Tracker"},"content":{"rendered":"<h2>Browning Bar MK3 Composite HC Tracker<\/h2>\n<p>Ovaj novi model odu\u0161evic\u0301e ljubitelje lova. Sigurnost je na prvom mjestu kod ovog modela, jer sadr\u017ei narand\u017easte umetke na zadnjem delu i na prednjoj strani. Zatim, tu su potpuno novi 18,5-in\u010dni profil sa kanalisanom cijevi i Super Feather obara\u010d koji garantuju preciznost bez presedana i br\u017ee djelovanje.<\/p>","protected":false},"excerpt":{"rendered":"<p>Sigurnost je na prvom mjestu kod ovog modela, jer sadr\u017ei narand\u017easte umetke na zadnjem delu i na prednjoj strani.<\/p>","protected":false},"featured_media":4649,"template":"","meta":[],"product_cat":[46,199],"product_tag":[],"class_list":{"0":"post-4647","1":"product","2":"type-product","3":"status-publish","4":"has-post-thumbnail","6":"product_brand-browning","7":"product_cat-oruzje","8":"product_cat-lovacki-karabini","10":"first","11":"instock","12":"sale","13":"taxable","14":"shipping-taxable","15":"purchasable","16":"product-type-simple"},"_links":{"self":[{"href":"https:\/\/torzokom.com\/ba\/wp-json\/wp\/v2\/product\/4647","targetHints":{"allow":["GET"]}}],"collection":[{"href":"https:\/\/torzokom.com\/ba\/wp-json\/wp\/v2\/product"}],"about":[{"href":"https:\/\/torzokom.com\/ba\/wp-json\/wp\/v2\/types\/product"}],"version-history":[{"count":0,"href":"https:\/\/torzokom.com\/ba\/wp-json\/wp\/v2\/product\/4647\/revisions"}],"wp:featuredmedia":[{"embeddable":true,"href":"https:\/\/torzokom.com\/ba\/wp-json\/wp\/v2\/media\/4649"}],"wp:attachment":[{"href":"https:\/\/torzokom.com\/ba\/wp-json\/wp\/v2\/media?parent=4647"}],"wp:term":[{"taxonomy":"product_cat","embeddable":true,"href":"https:\/\/torzokom.com\/ba\/wp-json\/wp\/v2\/product_cat?post=4647"},{"taxonomy":"product_tag","embeddable":true,"href":"https:\/\/torzokom.com\/ba\/wp-json\/wp\/v2\/product_tag?post=4647"}],"curies":[{"name":"wp","href":"https:\/\/api.w.org\/{rel}","templated":true}]}}