{"id":4659,"date":"2025-08-25T13:40:46","date_gmt":"2025-08-25T11:40:46","guid":{"rendered":"http:\/\/torzokom.com\/?post_type=product&#038;p=4659"},"modified":"2025-10-28T00:59:05","modified_gmt":"2025-10-27T23:59:05","slug":"browning-bar-mk3-eclipse-fluted-2","status":"publish","type":"product","link":"https:\/\/torzokom.com\/ba\/proizvod\/browning-bar-mk3-eclipse-fluted-2\/","title":{"rendered":"Browning Bar MK3 Eclipse Fluted"},"content":{"rendered":"<h2>Browning Bar MK3 Eclipse Fluted<\/h2>\n<p>Cal. 30-06; 300wm; 9,3X62<\/p>\n<p>Ova verzija, koja posjeduje sve tehni\u010dke specifi\u010dnosti nove BAR MK3 serije, tako\u0111e je izuzetna zbog nevjerovatne gracioznosti svojih estetskih kvaliteta. Njena cijev, satenska cijev i nje\u017eno niklovani prijemnik \u2013 ukra\u0161ena novom gravurom koja predstavlja srnu i divlje svinje \u2013 nesumnjivo odaju po\u010dast rustikalnim \u010darima lova.<\/p>","protected":false},"excerpt":{"rendered":"<p>Browning Bar MK3 Eclipse Fluted Cal. 30-06; 300wm; 9,3X62 Ova verzija, koja posjeduje sve tehni\u010dke specifi\u010dnosti nove BAR MK3 serije, tako\u0111e je izuzetna zbog nevjerovatne gracioznosti svojih estetskih kvaliteta. Njena cijev, satenska cijev i nje\u017eno niklovani prijemnik \u2013 ukra\u0161ena novom gravurom koja predstavlja srnu i divlje svinje \u2013 nesumnjivo odaju po\u010dast rustikalnim \u010darima lova.<\/p>","protected":false},"featured_media":4660,"template":"","meta":[],"product_cat":[46,199],"product_tag":[],"class_list":{"0":"post-4659","1":"product","2":"type-product","3":"status-publish","4":"has-post-thumbnail","6":"product_brand-browning","7":"product_cat-oruzje","8":"product_cat-lovacki-karabini","10":"first","11":"instock","12":"sale","13":"taxable","14":"shipping-taxable","15":"purchasable","16":"product-type-simple"},"_links":{"self":[{"href":"https:\/\/torzokom.com\/ba\/wp-json\/wp\/v2\/product\/4659","targetHints":{"allow":["GET"]}}],"collection":[{"href":"https:\/\/torzokom.com\/ba\/wp-json\/wp\/v2\/product"}],"about":[{"href":"https:\/\/torzokom.com\/ba\/wp-json\/wp\/v2\/types\/product"}],"version-history":[{"count":0,"href":"https:\/\/torzokom.com\/ba\/wp-json\/wp\/v2\/product\/4659\/revisions"}],"wp:featuredmedia":[{"embeddable":true,"href":"https:\/\/torzokom.com\/ba\/wp-json\/wp\/v2\/media\/4660"}],"wp:attachment":[{"href":"https:\/\/torzokom.com\/ba\/wp-json\/wp\/v2\/media?parent=4659"}],"wp:term":[{"taxonomy":"product_cat","embeddable":true,"href":"https:\/\/torzokom.com\/ba\/wp-json\/wp\/v2\/product_cat?post=4659"},{"taxonomy":"product_tag","embeddable":true,"href":"https:\/\/torzokom.com\/ba\/wp-json\/wp\/v2\/product_tag?post=4659"}],"curies":[{"name":"wp","href":"https:\/\/api.w.org\/{rel}","templated":true}]}}