{"id":4663,"date":"2025-08-25T13:43:06","date_gmt":"2025-08-25T11:43:06","guid":{"rendered":"http:\/\/torzokom.com\/?post_type=product&#038;p=4663"},"modified":"2025-10-28T00:58:50","modified_gmt":"2025-10-27T23:58:50","slug":"browning-bar-mk3-hunter-fluted-2","status":"publish","type":"product","link":"https:\/\/torzokom.com\/ba\/proizvod\/browning-bar-mk3-hunter-fluted-2\/","title":{"rendered":"Browning Bar MK3 Hunter Fluted"},"content":{"rendered":"<h2>Browning Bar MK3 Hunter Fluted<\/h2>\n<p>Browning BAR MK3 HUNTER \u017dljebljeni kal. 9,3\u00d762, 300WM, 30-06; 308win<\/p>\n<p>Anodizirani crni prijemnik, bru\u0161ene bo\u010dne povr\u0161ine, gornja i donja strana te kundak i prednji dio od oraha 2. stupnja poliranog uljem: BAR MK3 Hunter je krajnji rezultat posebno urednog i inventivnog rada.<\/p>\n<p>Opremljen podesivim prednjim ni\u0161anom, njegova cijev od 53 cm ima novi profil koji jo\u0161 vi\u0161e nagla\u0161ava preciznost pu\u0161ke koja tako\u0111e nudi izvrstan osje\u0107aj pucanja zahvaljuju\u0107i sistemu Super Feather Trigger.<\/p>\n<p>Dostupan u \u010detiri kalibra (308, 30-06, 300WM i 9.3X62), BAR MK3 Hunter opremljen je razli\u010ditim dodacima kako bi se \u0161to vi\u0161e prilagodio morfologiji strijelca. Pu\u0161ka koja sadr\u017ei cijeli niz iznena\u0111enja\u2026<\/p>","protected":false},"excerpt":{"rendered":"<p>Browning Bar MK3 Hunter Fluted Browning BAR MK3 HUNTER \u017dljebljeni kal. 9,3\u00d762, 300WM, 30-06; 308win Anodizirani crni prijemnik, bru\u0161ene bo\u010dne povr\u0161ine, gornja i donja strana te kundak i prednji dio od oraha 2. stupnja poliranog uljem: BAR MK3 Hunter je krajnji rezultat posebno urednog i inventivnog rada. Opremljen podesivim prednjim ni\u0161anom, njegova cijev od 53 [&hellip;]<\/p>\n","protected":false},"featured_media":4666,"template":"","meta":[],"product_cat":[46,199],"product_tag":[],"class_list":{"0":"post-4663","1":"product","2":"type-product","3":"status-publish","4":"has-post-thumbnail","6":"product_brand-browning","7":"product_cat-oruzje","8":"product_cat-lovacki-karabini","10":"first","11":"instock","12":"sale","13":"taxable","14":"shipping-taxable","15":"purchasable","16":"product-type-simple"},"_links":{"self":[{"href":"https:\/\/torzokom.com\/ba\/wp-json\/wp\/v2\/product\/4663","targetHints":{"allow":["GET"]}}],"collection":[{"href":"https:\/\/torzokom.com\/ba\/wp-json\/wp\/v2\/product"}],"about":[{"href":"https:\/\/torzokom.com\/ba\/wp-json\/wp\/v2\/types\/product"}],"version-history":[{"count":0,"href":"https:\/\/torzokom.com\/ba\/wp-json\/wp\/v2\/product\/4663\/revisions"}],"wp:featuredmedia":[{"embeddable":true,"href":"https:\/\/torzokom.com\/ba\/wp-json\/wp\/v2\/media\/4666"}],"wp:attachment":[{"href":"https:\/\/torzokom.com\/ba\/wp-json\/wp\/v2\/media?parent=4663"}],"wp:term":[{"taxonomy":"product_cat","embeddable":true,"href":"https:\/\/torzokom.com\/ba\/wp-json\/wp\/v2\/product_cat?post=4663"},{"taxonomy":"product_tag","embeddable":true,"href":"https:\/\/torzokom.com\/ba\/wp-json\/wp\/v2\/product_tag?post=4663"}],"curies":[{"name":"wp","href":"https:\/\/api.w.org\/{rel}","templated":true}]}}