{"id":4695,"date":"2025-08-27T11:14:35","date_gmt":"2025-08-27T09:14:35","guid":{"rendered":"http:\/\/torzokom.com\/?post_type=product&#038;p=4695"},"modified":"2026-02-11T10:44:04","modified_gmt":"2026-02-11T09:44:04","slug":"blaser-drilling-d99-luxus","status":"publish","type":"product","link":"https:\/\/torzokom.com\/ba\/proizvod\/blaser-drilling-d99-luxus\/","title":{"rendered":"Blaser Drilling D99 Luxus"},"content":{"rendered":"<h2 dir=\"ltr\" data-placeholder=\"Prevod\">Blaser Drilling D99<\/h2>\n<p id=\"tw-target-text\" class=\"tw-data-text tw-text-large tw-ta\" dir=\"ltr\" data-placeholder=\"Prevod\"><span class=\"Y2IQFc\" lang=\"sl\"><span dir=\"auto\">Blaser Drilling D99 je vrhunsko kombinovano oru\u017eje. <\/span><br \/>\n<span dir=\"auto\">Idealno je vatreno oru\u017eje za lov u podru\u010djima s sitnom i krupnom divlja\u010di. D99 ima dvostruki sistem zaklju\u010davanja <\/span><br \/>\n<span dir=\"auto\">tako da se drugi hitac mo\u017ee ispaliti bez oklijevanja i bez trzaja. Zahvaljuju\u0107i slobodno plutaju\u0107im <\/span><br \/>\n<span dir=\"auto\">cijevima, ta\u010dka udara ostaje nepromijenjena \u010dak i kod brzih sljede\u0107ih pucnjeva. <\/span><br \/>\n<span dir=\"auto\">Izuzetno jaka vertikalna brava na D99 doprinosi njegovoj izuzetnoj preciznosti.<\/span><\/span><span class=\"Y2IQFc\" lang=\"sl\"><br \/>\n<span dir=\"auto\">Pu\u0161ka se mo\u017ee pohvaliti elegantnom gravurom s malim arabeskama i vitkim kundakom s crnim vrhom.<\/span><\/span><\/p>","protected":false},"excerpt":{"rendered":"<p><span class=\"Y2IQFc\" lang=\"sl\"><span dir=\"auto\">Drilling D99 je ultimativno svestrano oru\u017eje s dva zatvara\u010da i u\u017eljebljenom cijevi. <\/span><\/span><\/p>","protected":false},"featured_media":4696,"template":"","meta":[],"product_cat":[46,193,78],"product_tag":[295,308,304,305],"class_list":{"0":"post-4695","1":"product","2":"type-product","3":"status-publish","4":"has-post-thumbnail","6":"product_brand-blaser","7":"product_cat-oruzje","8":"product_cat-kombinovane-puske","9":"product_cat-lovacke-puske","10":"product_tag-blaser","11":"product_tag-blaser-d99","12":"product_tag-blaser-driling","13":"product_tag-blaser-kombinacija","15":"first","16":"instock","17":"taxable","18":"shipping-taxable","19":"purchasable","20":"product-type-simple"},"_links":{"self":[{"href":"https:\/\/torzokom.com\/ba\/wp-json\/wp\/v2\/product\/4695","targetHints":{"allow":["GET"]}}],"collection":[{"href":"https:\/\/torzokom.com\/ba\/wp-json\/wp\/v2\/product"}],"about":[{"href":"https:\/\/torzokom.com\/ba\/wp-json\/wp\/v2\/types\/product"}],"version-history":[{"count":0,"href":"https:\/\/torzokom.com\/ba\/wp-json\/wp\/v2\/product\/4695\/revisions"}],"wp:featuredmedia":[{"embeddable":true,"href":"https:\/\/torzokom.com\/ba\/wp-json\/wp\/v2\/media\/4696"}],"wp:attachment":[{"href":"https:\/\/torzokom.com\/ba\/wp-json\/wp\/v2\/media?parent=4695"}],"wp:term":[{"taxonomy":"product_cat","embeddable":true,"href":"https:\/\/torzokom.com\/ba\/wp-json\/wp\/v2\/product_cat?post=4695"},{"taxonomy":"product_tag","embeddable":true,"href":"https:\/\/torzokom.com\/ba\/wp-json\/wp\/v2\/product_tag?post=4695"}],"curies":[{"name":"wp","href":"https:\/\/api.w.org\/{rel}","templated":true}]}}