{"id":4701,"date":"2025-08-27T11:18:50","date_gmt":"2025-08-27T09:18:50","guid":{"rendered":"http:\/\/torzokom.com\/?post_type=product&#038;p=4701"},"modified":"2025-10-28T00:57:00","modified_gmt":"2025-10-27T23:57:00","slug":"remington-700-vtr-ss-stainless-steel","status":"publish","type":"product","link":"https:\/\/torzokom.com\/ba\/proizvod\/remington-700-vtr-ss-stainless-steel\/","title":{"rendered":"Remington 700 VTR SS (Stainless steel)"},"content":{"rendered":"<h2 class=\"entry-title\">Remington 700 VTR SS (Stainless steel)<\/h2>\n<p>Fuzija na\u0161ih najnaprednijih karakteristika i performansi u takti\u010dkim i varmint pu\u0161kama. Model 700 VTR-SS je revolucionarni sistem optimizovan za preciznost i mobilnost pro\u0161irenog dometa. Njegova trouglasta konturna cijev je proizvod dugogodi\u0161njeg \u00a0rigoroznog istra\u017eivanja i razvoja usmjerenog na smanjenje te\u017eine, pove\u0107anje robusnosti i promovisanje brzog odvo\u0111enja toplote. Otpornost na sve vremenske uslove,\u00a0Remington 700 VTR SS (Stainless steel)\u00a0je spremna za dugo izlaganje u te\u0161kim vremenskim uslovima \u010dekaju\u0107i oprezne grabljivce.<br \/>\nDa bi se smanjio trzaj cijevi, ova jedinstveno oblikovana cev od 22\u2033 ima ma\u0161inski ugra\u0111enu, integrisanu plinsku ko\u010dnicu. Zajedno sa novim dizajnom cijevi.<\/p>\n<ul>\n<li>Target\/Match 1 u 10 korak uvijanja (308 Win.)<\/li>\n<li>22\u2033 Stainless steel (nehr\u0111aju\u0107i \u010delik) cijev sa integrisanom plinskom ko\u010dnicom i trouglastom cijevi za pobolj\u0161anu preciznost<\/li>\n<li>X-Mark Pro\u00ae podesivi obara\u010d<\/li>\n<\/ul>","protected":false},"excerpt":{"rendered":"<p>Fuzija na\u0161ih najnaprednijih karakteristika i performansi u takti\u010dkim i varmint pu\u0161kama. Model 700 VTR-SS je revolucionarni sistem optimizovan za preciznost i mobilnost pro\u0161irenog dometa.<\/p>","protected":false},"featured_media":4702,"template":"","meta":[],"product_cat":[46,199],"product_tag":[],"class_list":{"0":"post-4701","1":"product","2":"type-product","3":"status-publish","4":"has-post-thumbnail","6":"product_brand-remington","7":"product_cat-oruzje","8":"product_cat-lovacki-karabini","10":"first","11":"instock","12":"taxable","13":"shipping-taxable","14":"product-type-simple"},"_links":{"self":[{"href":"https:\/\/torzokom.com\/ba\/wp-json\/wp\/v2\/product\/4701","targetHints":{"allow":["GET"]}}],"collection":[{"href":"https:\/\/torzokom.com\/ba\/wp-json\/wp\/v2\/product"}],"about":[{"href":"https:\/\/torzokom.com\/ba\/wp-json\/wp\/v2\/types\/product"}],"version-history":[{"count":0,"href":"https:\/\/torzokom.com\/ba\/wp-json\/wp\/v2\/product\/4701\/revisions"}],"wp:featuredmedia":[{"embeddable":true,"href":"https:\/\/torzokom.com\/ba\/wp-json\/wp\/v2\/media\/4702"}],"wp:attachment":[{"href":"https:\/\/torzokom.com\/ba\/wp-json\/wp\/v2\/media?parent=4701"}],"wp:term":[{"taxonomy":"product_cat","embeddable":true,"href":"https:\/\/torzokom.com\/ba\/wp-json\/wp\/v2\/product_cat?post=4701"},{"taxonomy":"product_tag","embeddable":true,"href":"https:\/\/torzokom.com\/ba\/wp-json\/wp\/v2\/product_tag?post=4701"}],"curies":[{"name":"wp","href":"https:\/\/api.w.org\/{rel}","templated":true}]}}