{"id":4711,"date":"2025-08-27T11:40:31","date_gmt":"2025-08-27T09:40:31","guid":{"rendered":"http:\/\/torzokom.com\/?post_type=product&#038;p=4711"},"modified":"2025-10-28T01:28:23","modified_gmt":"2025-10-28T00:28:23","slug":"tikka-t3x-superlite","status":"publish","type":"product","link":"https:\/\/torzokom.com\/ba\/proizvod\/tikka-t3x-superlite\/","title":{"rendered":"Tikka T3x Superlite"},"content":{"rendered":"<p>Tikka T3x Superlite<\/p>\n<p>Kada kompromis jednostavno nije opcija. T3X Superlite nudi izuzetno visoke performanse koje dolaze u veoma laganom pakovanju. <em>Lite<\/em> modeli opremljeni su sinteti\u010dkim kudakom T3x i svim novim modularnim funkcijama koje omoguc\u0301avaju maksimalnu prilagodljivost. Ovi modeli dolaze sa klasi\u010dnim dr\u0161kom pod malim uglom. T3x Superlite ima nehr\u0111ajuc\u0301u, kanalisanu cijev i potpuno crni kundak.<\/p>\n<p>MODULARNI KUNDAK<br \/>\nT3X ima novi modularnu sinteti\u010dki kundak koji ima izmenljive dr\u0161ke pi\u0161tolja, \u0161to omoguc\u0301ava promenu ugla dr\u0161ke. Ovo omoguc\u0301ava vi\u0161e pozicija snimanja. Dodatni rukohvati se prodaju zasebno. Sinteti\u010dka zaliha T3x tako\u0111e ima dodatnu ta\u010dku pri\u010dvr\u0161c\u0301ivanja koja vam omoguc\u0301ava da promenite \u0161irinu prednjeg dela zalihe.<\/p>\n<hr \/>\n<p>POBOLJ\u0160AN HVAT<br \/>\nHvat koji nikada ne klizi. Sinteti\u010dki kundak T3x ima novi asimetri\u010dni uzorak hvata koji je posebno dizajniran da pru\u017ei \u010dvrsto prianjanje u svim uslovima.<\/p>\n<hr \/>\n<p>NOVI SISTEM SMANJENJA TRZAJA<br \/>\nModel T3X dolazi s novom tehnologijom smanjenja trzaja. Nova robusna podloga omoguc\u0301ava vam da se u potpunosti koncentri\u0161ete na preciznost svojih pucnjeva.<\/p>\n<hr \/>\n<p>KUNDAK SA REDUKCIJOM BUKE<br \/>\nBudi tih kao \u0161uma. Kundaci T3x sada imaju umetak od pjene u unutra\u0161njosti zadnjeg dijela-ovo smanjuje buku koju stvara kundak i mo\u017ee vam pomoc\u0301i da zadr\u017eite metu na vidiku. Nije dostupno za modele sa podesivim grebenom.<\/p>\n<hr \/>\n<p>POBOLJ\u0160ANA UGRADNJA \u0160INE<br \/>\nModeli T3X imaju dodatne polo\u017eaje vijaka na vrhu prijemnika tako da mo\u017eete robusno pri\u010dvrstiti picatinny \u0161inu \u2013 \u010dak i kada koristite vec\u0301e optike.<\/p>\n<hr \/>\n<p>METALNI POKLOPAC GLAVE<br \/>\nRobusnost i kvalitet idu ruku pod ruku. Metalni poklopac glave pokriva i \u0161titi zadnji dio glave i udarnu iglu.<\/p>","protected":false},"excerpt":{"rendered":"<p>Tikka T3x Superlite Kada kompromis jednostavno nije opcija. T3X Superlite nudi izuzetno visoke performanse koje dolaze u veoma laganom pakovanju. Lite modeli opremljeni su sinteti\u010dkim kudakom T3x i svim novim modularnim funkcijama koje omoguc\u0301avaju maksimalnu prilagodljivost. Ovi modeli dolaze sa klasi\u010dnim dr\u0161kom pod malim uglom. T3x Superlite ima nehr\u0111ajuc\u0301u, kanalisanu cijev i potpuno crni kundak. [&hellip;]<\/p>\n","protected":false},"featured_media":4712,"template":"","meta":[],"product_cat":[46,199],"product_tag":[],"class_list":{"0":"post-4711","1":"product","2":"type-product","3":"status-publish","4":"has-post-thumbnail","6":"product_brand-tikka","7":"product_cat-oruzje","8":"product_cat-lovacki-karabini","10":"first","11":"instock","12":"taxable","13":"shipping-taxable","14":"product-type-simple"},"_links":{"self":[{"href":"https:\/\/torzokom.com\/ba\/wp-json\/wp\/v2\/product\/4711","targetHints":{"allow":["GET"]}}],"collection":[{"href":"https:\/\/torzokom.com\/ba\/wp-json\/wp\/v2\/product"}],"about":[{"href":"https:\/\/torzokom.com\/ba\/wp-json\/wp\/v2\/types\/product"}],"version-history":[{"count":0,"href":"https:\/\/torzokom.com\/ba\/wp-json\/wp\/v2\/product\/4711\/revisions"}],"wp:featuredmedia":[{"embeddable":true,"href":"https:\/\/torzokom.com\/ba\/wp-json\/wp\/v2\/media\/4712"}],"wp:attachment":[{"href":"https:\/\/torzokom.com\/ba\/wp-json\/wp\/v2\/media?parent=4711"}],"wp:term":[{"taxonomy":"product_cat","embeddable":true,"href":"https:\/\/torzokom.com\/ba\/wp-json\/wp\/v2\/product_cat?post=4711"},{"taxonomy":"product_tag","embeddable":true,"href":"https:\/\/torzokom.com\/ba\/wp-json\/wp\/v2\/product_tag?post=4711"}],"curies":[{"name":"wp","href":"https:\/\/api.w.org\/{rel}","templated":true}]}}