{"id":4726,"date":"2025-08-27T12:08:45","date_gmt":"2025-08-27T10:08:45","guid":{"rendered":"http:\/\/torzokom.com\/?post_type=product&#038;p=4726"},"modified":"2026-04-15T12:04:34","modified_gmt":"2026-04-15T10:04:34","slug":"infiray-ch50-v2","status":"publish","type":"product","link":"https:\/\/torzokom.com\/ba\/proizvod\/infiray-ch50-v2\/","title":{"rendered":"InfiRay \u2013 CH50 V2"},"content":{"rendered":"<h2 class=\"entry-title\">InfiRay \u2013 CH50 V2<\/h2>\n<p>Clip C serija je dizajnirana kao dodatak za bilo koji tip standardnog dnevnog ni\u0161ana. NIJE POTREBNO NIJE PONOVNO NULIRANJE, samo ZAKA\u010cITI I KORISTITI. To je dodatak dvostruke namjene jer se mo\u017ee prebaciti u profesionalni monokular sa standardnim dodatkom koji se isporu\u010duje. Sada pro\u0161irujete svoju sposobnost detekcije zajedno sa va\u0161om dnevnim optikom.<\/p>\n<h3><strong><em>Ultraclear Mode<\/em><\/strong><img fetchpriority=\"high\" decoding=\"async\" class=\"aligncenter wp-image-5278\" src=\"https:\/\/www.torzokom.com\/wp-content\/uploads\/2021\/11\/ch50-v2-clear-vision-300x112.png\" sizes=\"(max-width: 418px) 100vw, 418px\" srcset=\"https:\/\/www.torzokom.com\/wp-content\/uploads\/2021\/11\/ch50-v2-clear-vision-300x112.png 300w, https:\/\/www.torzokom.com\/wp-content\/uploads\/2021\/11\/ch50-v2-clear-vision-195x73.png 195w, https:\/\/www.torzokom.com\/wp-content\/uploads\/2021\/11\/ch50-v2-clear-vision.png 415w\" alt=\"\" width=\"418\" height=\"156\" \/><\/h3>\n<p>Ugra\u0111eni \u201eUltraclear mode\u201c obezbje\u0111uje pobolj\u0161anu osjetljivost i detalje slike tokom lo\u0161eg vremena kao \u0161to su jaka magla i ki\u0161a.<\/p>\n<hr \/>\n<h3><em><strong>AMOLED Micro Display<\/strong><\/em><\/h3>\n<p>AMOLED mikro ekran visokog kontrasta sa HD rezolucijom nudi o\u0161tre slike i \u017eive boje. Ovaj ekran obezbje\u0111uje odli\u010dan kvalitet slike i besprekorne performanse \u010dak i pri niskim temperaturama.<\/p>\n<hr \/>\n<h3><strong><em>Brzo ka\u010denje bez ponovnog nuliranja<\/em><\/strong><\/h3>\n<p>Upucavanje nije potrebno nakon ka\u010denja na dnevnu optiku.<\/p>\n<hr \/>\n<h3><strong><em>Lagan i kompaktan<\/em><\/strong><\/h3>\n<p>Kompaktna veli\u010dina i lagani dizajn smanjuju bilo kakav negativan uticaj na balans.<\/p>\n<hr \/>\n<h3><strong><em>Preciznost<\/em><\/strong><\/h3>\n<p>Prednje kop\u010de omoguc\u0301avaju konzistentan polo\u017eaj za eye relief i gadjanje sa postojec\u0301omm dnevnom optikom. Precizna tehnologija obezbje\u0111uje stabilnost ta\u010dke udara (POI) prilikom pri\u010dvr\u0161c\u0301ivanja. Korisnici ne moraju da vr\u0161e bilo kakve korekcije polo\u017eaja dnevne optike kada montiraju CH50 V2.<\/p>\n<hr \/>\n<h3><strong><em>Be\u017ei\u010dna kontrola<\/em><\/strong><\/h3>\n<p><img decoding=\"async\" class=\"aligncenter wp-image-5279\" src=\"https:\/\/www.torzokom.com\/wp-content\/uploads\/2021\/11\/blobid0-300x97.png\" sizes=\"auto, (max-width: 461px) 100vw, 461px\" srcset=\"https:\/\/www.torzokom.com\/wp-content\/uploads\/2021\/11\/blobid0-300x97.png 300w, https:\/\/www.torzokom.com\/wp-content\/uploads\/2021\/11\/blobid0-195x63.png 195w, https:\/\/www.torzokom.com\/wp-content\/uploads\/2021\/11\/blobid0.png 415w\" alt=\"\" width=\"461\" height=\"149\" \/><\/p>\n<p>Be\u017ei\u010dni daljinski upravlja\u010d (uklju\u010den u pakovanje) povezan preko bluetooth-a mo\u017ee se fiksirati u blizini obara\u010da \u0161to omoguc\u0301ava jednostavno izvr\u0161avanje osnovnih operacija.<\/p>\n<hr \/>\n<h3><strong>Ugra\u0111eni akcelerometar i digitalni kompas<\/strong><\/h3>\n<p>Ugra\u0111eni akcelerometar i digitalni kompas pobolj\u0161avaju ta\u010dnost preciznim identifikovanjem nagiba i uglova. CH50 V2 mo\u017ee ukazati na smijer i stepen bo\u010dnog naginjanja.<\/p>\n<hr \/>\n<h3>Monta\u017ea na dnevnu optiku<\/h3>\n<p>Da biste montirali monokular na svoju dnevnu optiku, bic\u0301e vam potreban sledec\u0301i Rusan adapter. Izaberite ta\u010dnu veli\u010dinu adaptera<strong> <em><a href=\"https:\/\/www.torzokom.com\/optika\/rusan-adapter-arm52-za-infiray-clip-on-termalne-monokulare\" target=\"_blank\" rel=\"noopener\">na osnovu uputstva, klikom na link ovde.<\/a><\/em><\/strong><\/p>","protected":false},"excerpt":{"rendered":"<p>InfiRay \u2013 CH50 V2 Clip C serija je dizajnirana kao dodatak za bilo koji tip standardnog dnevnog ni\u0161ana. NIJE POTREBNO NIJE PONOVNO NULIRANJE, samo ZAKA\u010cITI I KORISTITI. To je dodatak dvostruke namjene jer se mo\u017ee prebaciti u profesionalni monokular sa standardnim dodatkom koji se isporu\u010duje. Sada pro\u0161irujete svoju sposobnost detekcije zajedno sa va\u0161om dnevnim optikom. [&hellip;]<\/p>\n","protected":false},"featured_media":4727,"template":"","meta":[],"product_cat":[177,109],"product_tag":[],"class_list":{"0":"post-4726","1":"product","2":"type-product","3":"status-publish","4":"has-post-thumbnail","6":"product_brand-infiray","7":"product_cat-termalni-uredjaji","8":"product_cat-monokulari","10":"first","11":"instock","12":"sale","13":"taxable","14":"shipping-taxable","15":"purchasable","16":"product-type-simple"},"_links":{"self":[{"href":"https:\/\/torzokom.com\/ba\/wp-json\/wp\/v2\/product\/4726","targetHints":{"allow":["GET"]}}],"collection":[{"href":"https:\/\/torzokom.com\/ba\/wp-json\/wp\/v2\/product"}],"about":[{"href":"https:\/\/torzokom.com\/ba\/wp-json\/wp\/v2\/types\/product"}],"version-history":[{"count":1,"href":"https:\/\/torzokom.com\/ba\/wp-json\/wp\/v2\/product\/4726\/revisions"}],"predecessor-version":[{"id":10202,"href":"https:\/\/torzokom.com\/ba\/wp-json\/wp\/v2\/product\/4726\/revisions\/10202"}],"wp:featuredmedia":[{"embeddable":true,"href":"https:\/\/torzokom.com\/ba\/wp-json\/wp\/v2\/media\/4727"}],"wp:attachment":[{"href":"https:\/\/torzokom.com\/ba\/wp-json\/wp\/v2\/media?parent=4726"}],"wp:term":[{"taxonomy":"product_cat","embeddable":true,"href":"https:\/\/torzokom.com\/ba\/wp-json\/wp\/v2\/product_cat?post=4726"},{"taxonomy":"product_tag","embeddable":true,"href":"https:\/\/torzokom.com\/ba\/wp-json\/wp\/v2\/product_tag?post=4726"}],"curies":[{"name":"wp","href":"https:\/\/api.w.org\/{rel}","templated":true}]}}