{"id":4737,"date":"2025-08-27T13:17:49","date_gmt":"2025-08-27T11:17:49","guid":{"rendered":"http:\/\/torzokom.com\/?post_type=product&#038;p=4737"},"modified":"2025-10-22T10:26:09","modified_gmt":"2025-10-22T08:26:09","slug":"grand-power-p1-cal-9x19","status":"publish","type":"product","link":"https:\/\/torzokom.com\/ba\/proizvod\/grand-power-p1-cal-9x19\/","title":{"rendered":"Grand Power P1 cal. 9\u00d719"},"content":{"rendered":"<h2>Grand Power P1 cal. 9\u00d719<\/h2>\n<p>P1 je SA\/DA model sa krac\u0301om cijevi i kliza\u010dem. Ovo \u010dini pi\u0161tolj kompaktnom verzijom K100 i dalje zadr\u017eavajuc\u0301i originalni kapacitet pucanja i udobnost dr\u017eanja.<br \/>\nOva karakteristika se uglavnom cijeni kod skrivenog no\u0161enja za li\u010dnu odbranu. Preciznost i akcija ga\u0111anja ostaju nepromenjeni u pore\u0111enju sa modelima u punoj veli\u010dini uprkos skrac\u0301enoj cevi. Standardni ni\u0161ani se sastoje od bo\u010dno podesivog \u010deli\u010dnog zadnjeg ni\u0161ana i plasti\u010dnog prednjeg ni\u0161ana, opti\u010dkog ni\u0161ana koji se postavlja na zahtev kupca.<\/p>","protected":false},"excerpt":{"rendered":"<p>Grand Power P1 cal. 9\u00d719 P1 je SA\/DA model sa krac\u0301om cijevi i kliza\u010dem. Ovo \u010dini pi\u0161tolj kompaktnom verzijom K100 i dalje zadr\u017eavajuc\u0301i originalni kapacitet pucanja i udobnost dr\u017eanja. Ova karakteristika se uglavnom cijeni kod skrivenog no\u0161enja za li\u010dnu odbranu. Preciznost i akcija ga\u0111anja ostaju nepromenjeni u pore\u0111enju sa modelima u punoj veli\u010dini uprkos skrac\u0301enoj [&hellip;]<\/p>\n","protected":false},"featured_media":4738,"template":"","meta":[],"product_cat":[46,79],"product_tag":[],"class_list":{"0":"post-4737","1":"product","2":"type-product","3":"status-publish","4":"has-post-thumbnail","6":"product_brand-grand-power","7":"product_cat-oruzje","8":"product_cat-pistolji-i-revolveri","10":"first","11":"onbackorder","12":"taxable","13":"shipping-taxable","14":"purchasable","15":"product-type-simple"},"_links":{"self":[{"href":"https:\/\/torzokom.com\/ba\/wp-json\/wp\/v2\/product\/4737","targetHints":{"allow":["GET"]}}],"collection":[{"href":"https:\/\/torzokom.com\/ba\/wp-json\/wp\/v2\/product"}],"about":[{"href":"https:\/\/torzokom.com\/ba\/wp-json\/wp\/v2\/types\/product"}],"version-history":[{"count":0,"href":"https:\/\/torzokom.com\/ba\/wp-json\/wp\/v2\/product\/4737\/revisions"}],"wp:featuredmedia":[{"embeddable":true,"href":"https:\/\/torzokom.com\/ba\/wp-json\/wp\/v2\/media\/4738"}],"wp:attachment":[{"href":"https:\/\/torzokom.com\/ba\/wp-json\/wp\/v2\/media?parent=4737"}],"wp:term":[{"taxonomy":"product_cat","embeddable":true,"href":"https:\/\/torzokom.com\/ba\/wp-json\/wp\/v2\/product_cat?post=4737"},{"taxonomy":"product_tag","embeddable":true,"href":"https:\/\/torzokom.com\/ba\/wp-json\/wp\/v2\/product_tag?post=4737"}],"curies":[{"name":"wp","href":"https:\/\/api.w.org\/{rel}","templated":true}]}}