{"id":4743,"date":"2025-08-27T13:32:59","date_gmt":"2025-08-27T11:32:59","guid":{"rendered":"http:\/\/torzokom.com\/?post_type=product&#038;p=4743"},"modified":"2025-10-22T10:28:07","modified_gmt":"2025-10-22T08:28:07","slug":"grand-power-q100-cal-9x19","status":"publish","type":"product","link":"https:\/\/torzokom.com\/ba\/proizvod\/grand-power-q100-cal-9x19\/","title":{"rendered":"Grand Power Q100 cal. 9\u00d719"},"content":{"rendered":"<h2>Grand Power Q100 cal. 9\u00d719<\/h2>\n<p>Ru\u010dka Mk12 je napravljena od poliamida GF 30 i dolazi sa \u010detiri zamijenljive ru\u010dke razli\u010ditih veli\u010dina. Ru\u010dke koje se lako skidaju \u010dine pi\u0161tolj idealnim izborom za vi\u0161ekorisni\u010dke discipline ga\u0111anja, kao i za specijalne jedinice vojnih snaga.<br \/>\nOkvir je tako\u0111e opremljen univerzalnom takti\u010dkom Picatinny \u0161inom MIL STD 1913.<br \/>\nQ100 je SA samopunjavajuc\u0301i pi\u0161tolj standardne veli\u010dine sa rotirajuc\u0301om cijevi sa ekstremno malim trzajem, ergonomski dizajniran oblik i sve komande su ambidekstralne, omoguc\u0301avaju potpunu udobnost pucanja za de\u0161njake i ljevake, \u010dine ovaj pi\u0161tolj jedinstvenim.<br \/>\nSamo visokokvalitetni materijali, najnovija napredna tehnologija proizvodnog procesa dostupna na tr\u017ei\u0161tu i stroga kontrola kvaliteta osiguravaju izuzetnu otpornost, preciznost i udobnost gadjanja. Deset godina proizvodnje uz istovremeno istra\u017eivanje najnovije napredne tehnologije i visokokvalitetnih materijala koji se koriste za pobolj\u0161avanja i nadogradnje materijala, u\u010dinilo je model K100 \u2013 pretka remek-djela Q100 koji se izdvaja od konkurencije.<\/p>\n<p>Kliza\u010d je izra\u0111en od visokokvalitetnog CrNiMo \u010delika, \u0161to garantuje dugu trajnost vatrenog oru\u017eja. \u010celik je termi\u010dki obra\u0111en do tvrdoc\u0301e od 40 \u2013 42 HRC i posljedi\u010dno karbonoksi-nitridovan tehnologijom KPK do 750 HV. Metalni kontejner sa kliznim \u0161inama je ugra\u0111en u plasti\u010dni okvir i proizveden je od visokokvalitetnog CrMo \u010delika i obnovljen KPK tehnologijom do vrijednosti povr\u0161inske tvrdoc\u0301e od 700 HV. Tvrdoc\u0301a materijala jezgra kontejnera je 30 HRC. Cijevi su izra\u0111ene od CrV \u010delika i obra\u0111ene karbonitriranjem do dubine od 0,5 mm. Tvrdoc\u0301a materijala jezgra cijevi je izme\u0111u 45 i 48 HRC. Povr\u0161inska tvrdoc\u0301a karbonitridovanog sloja je od 52 do 54 HRC. Okvir je izra\u0111en od visokokvalitetnog poliamida GF 30.<\/p>\n<p>Model Q100 nastao je kao kombinacija jedinstvenog principa zaklju\u010davanja dokazanog modelom K100 i originalnog obara\u010da sa udarnom paljbom. Pi\u0161tolj je optimizovan kako bi se pojednostavilo rukovanje, koristec\u0301i minimum kontrola. Namijenjen je prvenstveno oru\u017eanim snagama i samoodbrani. Jedinstveni rotirajuc\u0301i sistem zaklju\u010davanja cijevi kliza\u010da stekao je popularnost me\u0111u strijelcima \u0161irom svijeta. Sistem rotirajuc\u0301ih cijevi je za\u0161tic\u0301en me\u0111unarodnim patentima i registrovanim za\u0161titnim znakom Grand Power.<\/p>","protected":false},"excerpt":{"rendered":"<p>Grand Power Q100 cal. 9\u00d719 Ru\u010dka Mk12 je napravljena od poliamida GF 30 i dolazi sa \u010detiri zamijenljive ru\u010dke razli\u010ditih veli\u010dina. Ru\u010dke koje se lako skidaju \u010dine pi\u0161tolj idealnim izborom za vi\u0161ekorisni\u010dke discipline ga\u0111anja, kao i za specijalne jedinice vojnih snaga. Okvir je tako\u0111e opremljen univerzalnom takti\u010dkom Picatinny \u0161inom MIL STD 1913. Q100 je SA [&hellip;]<\/p>\n","protected":false},"featured_media":4744,"template":"","meta":[],"product_cat":[46,79],"product_tag":[],"class_list":{"0":"post-4743","1":"product","2":"type-product","3":"status-publish","4":"has-post-thumbnail","6":"product_brand-grand-power","7":"product_cat-oruzje","8":"product_cat-pistolji-i-revolveri","10":"first","11":"onbackorder","12":"taxable","13":"shipping-taxable","14":"purchasable","15":"product-type-simple"},"_links":{"self":[{"href":"https:\/\/torzokom.com\/ba\/wp-json\/wp\/v2\/product\/4743","targetHints":{"allow":["GET"]}}],"collection":[{"href":"https:\/\/torzokom.com\/ba\/wp-json\/wp\/v2\/product"}],"about":[{"href":"https:\/\/torzokom.com\/ba\/wp-json\/wp\/v2\/types\/product"}],"version-history":[{"count":0,"href":"https:\/\/torzokom.com\/ba\/wp-json\/wp\/v2\/product\/4743\/revisions"}],"wp:featuredmedia":[{"embeddable":true,"href":"https:\/\/torzokom.com\/ba\/wp-json\/wp\/v2\/media\/4744"}],"wp:attachment":[{"href":"https:\/\/torzokom.com\/ba\/wp-json\/wp\/v2\/media?parent=4743"}],"wp:term":[{"taxonomy":"product_cat","embeddable":true,"href":"https:\/\/torzokom.com\/ba\/wp-json\/wp\/v2\/product_cat?post=4743"},{"taxonomy":"product_tag","embeddable":true,"href":"https:\/\/torzokom.com\/ba\/wp-json\/wp\/v2\/product_tag?post=4743"}],"curies":[{"name":"wp","href":"https:\/\/api.w.org\/{rel}","templated":true}]}}