{"id":4745,"date":"2025-08-27T13:40:19","date_gmt":"2025-08-27T11:40:19","guid":{"rendered":"http:\/\/torzokom.com\/?post_type=product&#038;p=4745"},"modified":"2025-10-22T10:27:36","modified_gmt":"2025-10-22T08:27:36","slug":"grand-power-q1-cal-9x19","status":"publish","type":"product","link":"https:\/\/torzokom.com\/ba\/proizvod\/grand-power-q1-cal-9x19\/","title":{"rendered":"Grand Power Q1 cal. 9\u00d719"},"content":{"rendered":"<h2>Grand Power Q1 cal. 9\u00d719<\/h2>\n<p>Q1 je novi, kompaktni model proiza\u0161ao iz usjpe\u0161nog <em>striker fire<\/em>modela \u2013 K100, a ipak pogodniji za skriveno no\u0161enje u civilnim i profesionalnim aplikacijama.<br \/>\nQ1 je poluautomatski <em>striker fired<\/em> pi\u0161tolj\u00a0 sa veoma glatkim SA obara\u010dem koji omoguc\u0301ava precizan hitac \u010dak i u stresnim situacijama. Obara\u010d je opremljen sigurnosnim mehanizmom koji funkcioni\u0161e autonomno, bez potrebe za ru\u010dnim aktiviranjem osigura\u010da. Da dodatno pobolj\u0161ate bezbijednost ovog izuzetnog pi\u0161tolja, postoji automatska bezbijednosna funkcija koja sprije\u010dava slu\u010dajno pra\u017enjenje.<br \/>\nKao i kod vec\u0301ine GRAND POWER pi\u0161tolja, nac\u0301i c\u0301ete jedinstven mehanizam za zaklju\u010davanje putem rotacije cevi, koji obezbe\u0111uje zna\u010dajno smanjen i prijatniji trzaj, povec\u0301anu preciznost i smanjeno okretanje plinske ko\u010dnice. Kao rezultat, korisnik c\u0301e iskusiti preciznije udarce sa povec\u0301anom brzinom naknadnih hitaca. Za razliku od drugih rije\u0161enja rotacionih cijevi, rotacija cijevi kod Q1 se vr\u0161i kombinacijom rotacione igle\u00a0 i posebno zakrivljene povr\u0161ine na cijevi, \u0161to omoguc\u0301ava povec\u0301anu pouzdanost i u te\u0161kim uslovima, \u010dinec\u0301i pi\u0161tolj manje podlo\u017enim kvarovima.<br \/>\nQ1 posjeduje polimernu ru\u010dku, u kojoj se nalazi \u010deli\u010dni umetak, koji se smatra stvarnim okvirom, napravljen glodanjem i bu\u0161enjem od jednog komada visokokvalitetnog \u010delika. Odli\u010dan kvalitet se odr\u017eava i sa drugim dijelovima, kao \u0161to su kliza\u010d obra\u0111en od jednog komada \u010delika ili cijev. Za sve dijelove kori\u0161c\u0301ena je najsavremenija tehnologija i vrhunski materijali. Da bi se ispunile potrebe i \u017eelje svih korisnika, prisutne su potpuno ambidekstralne komande i dostupna su \u010detiri zamijenljiva naslona.<br \/>\nAko tra\u017eite lako-sakriveni pi\u0161tolj za no\u0161enje za svakodnevnu upotrebu sa odli\u010dnim rezultatima dometa, ili de\u017eurni pi\u0161tolj na koji se mo\u017eete osloniti, Q1 c\u0301e biti odli\u010dan izbor!<\/p>","protected":false},"excerpt":{"rendered":"<p>Grand Power Q1 cal. 9\u00d719 Q1 je novi, kompaktni model proiza\u0161ao iz usjpe\u0161nog striker firemodela \u2013 K100, a ipak pogodniji za skriveno no\u0161enje u civilnim i profesionalnim aplikacijama. Q1 je poluautomatski striker fired pi\u0161tolj\u00a0 sa veoma glatkim SA obara\u010dem koji omoguc\u0301ava precizan hitac \u010dak i u stresnim situacijama. Obara\u010d je opremljen sigurnosnim mehanizmom koji funkcioni\u0161e [&hellip;]<\/p>\n","protected":false},"featured_media":4747,"template":"","meta":[],"product_cat":[46,79],"product_tag":[],"class_list":{"0":"post-4745","1":"product","2":"type-product","3":"status-publish","4":"has-post-thumbnail","6":"product_brand-grand-power","7":"product_cat-oruzje","8":"product_cat-pistolji-i-revolveri","10":"first","11":"onbackorder","12":"taxable","13":"shipping-taxable","14":"purchasable","15":"product-type-simple"},"_links":{"self":[{"href":"https:\/\/torzokom.com\/ba\/wp-json\/wp\/v2\/product\/4745","targetHints":{"allow":["GET"]}}],"collection":[{"href":"https:\/\/torzokom.com\/ba\/wp-json\/wp\/v2\/product"}],"about":[{"href":"https:\/\/torzokom.com\/ba\/wp-json\/wp\/v2\/types\/product"}],"version-history":[{"count":0,"href":"https:\/\/torzokom.com\/ba\/wp-json\/wp\/v2\/product\/4745\/revisions"}],"wp:featuredmedia":[{"embeddable":true,"href":"https:\/\/torzokom.com\/ba\/wp-json\/wp\/v2\/media\/4747"}],"wp:attachment":[{"href":"https:\/\/torzokom.com\/ba\/wp-json\/wp\/v2\/media?parent=4745"}],"wp:term":[{"taxonomy":"product_cat","embeddable":true,"href":"https:\/\/torzokom.com\/ba\/wp-json\/wp\/v2\/product_cat?post=4745"},{"taxonomy":"product_tag","embeddable":true,"href":"https:\/\/torzokom.com\/ba\/wp-json\/wp\/v2\/product_tag?post=4745"}],"curies":[{"name":"wp","href":"https:\/\/api.w.org\/{rel}","templated":true}]}}