{"id":4756,"date":"2025-08-27T14:28:20","date_gmt":"2025-08-27T12:28:20","guid":{"rendered":"http:\/\/torzokom.com\/?post_type=product&#038;p=4756"},"modified":"2025-11-06T14:44:21","modified_gmt":"2025-11-06T13:44:21","slug":"winchester-xpr-sporter-mt","status":"publish","type":"product","link":"https:\/\/torzokom.com\/ba\/proizvod\/winchester-xpr-sporter-mt\/","title":{"rendered":"Winchester XPR Sporter MT"},"content":{"rendered":"<h2>Winchester XPR Sporter MT<\/h2>\n<p>Sa svojim specijalno dizajniranim kundakom, opremljenim podlo\u0161kom za smanjenje trzaja Inflex Technology, ova pu\u0161ka je opremljena pripremom za monta\u017eu i navojem za plinsku ko\u010dnicu M14x1.<\/p>\n<p>Snaga XPR-a sada je dostupna i u Sporter verziji. Sa svojim specijalno dizajniranim drvenim kundakom, opremljenim Inflex Technology jastu\u010di\u0107em trzaja, ova pu\u0161ka sa zatvara\u010dem nudi \u0161irok raspon kalibara: .243 Win i .30-06 Spr (za cijev od 56 cm), .308 Win (za 51 cm) ili .300 WM (za 66 cm). Dolazi opremljena monta\u017enim bazama za idealno odmicanje optike od oka. Navoj na ustima cijevi\u00a0 M14x1.<\/p>\n<p>M.O.A. sistem okidanja koristi sistem okretnih poluga koje \u010disto i velikom brzinom otpu\u0161taju udarnu iglu za maksimalnu preciznost. Rezultat su performanse triple-zero: nulto zatezanje, nulto puzanje, nulto prekora\u010denje.<\/p>\n<p>Dvostruki sigurnosni sistem sastoji se od konvencionalnog mehanizma za uklju\u010divanje\/isklju\u010divanje i sigurnosne funkcije zatvara\u010da. Dugme za otpu\u0161tanje zatvara\u010da, postavljeno ispred konvencionalnog dugmeta za osiguranje, omogu\u0107ava vam punjenje ili pra\u017enjenje oru\u017eja dok je oru\u017eje u osiguranom polo\u017eaju.<\/p>","protected":false},"excerpt":{"rendered":"<p>Winchester XPR Sporter MT Sa svojim specijalno dizajniranim kundakom, opremljenim podlo\u0161kom za smanjenje trzaja Inflex Technology, ova pu\u0161ka je opremljena pripremom za monta\u017eu i navojem za plinsku ko\u010dnicu M14x1. Snaga XPR-a sada je dostupna i u Sporter verziji. Sa svojim specijalno dizajniranim drvenim kundakom, opremljenim Inflex Technology jastu\u010di\u0107em trzaja, ova pu\u0161ka sa zatvara\u010dem nudi \u0161irok [&hellip;]<\/p>\n","protected":false},"featured_media":4757,"template":"","meta":[],"product_cat":[46,199],"product_tag":[],"class_list":{"0":"post-4756","1":"product","2":"type-product","3":"status-publish","4":"has-post-thumbnail","6":"product_brand-winchester","7":"product_cat-oruzje","8":"product_cat-lovacki-karabini","9":"pa_kalibar-243-win","10":"pa_kalibar-270-win","11":"pa_kalibar-30-06-spr","12":"pa_kalibar-300-win-mag","13":"pa_kalibar-308-win","15":"first","16":"instock","17":"taxable","18":"shipping-taxable","19":"purchasable","20":"product-type-variable"},"_links":{"self":[{"href":"https:\/\/torzokom.com\/ba\/wp-json\/wp\/v2\/product\/4756","targetHints":{"allow":["GET"]}}],"collection":[{"href":"https:\/\/torzokom.com\/ba\/wp-json\/wp\/v2\/product"}],"about":[{"href":"https:\/\/torzokom.com\/ba\/wp-json\/wp\/v2\/types\/product"}],"version-history":[{"count":0,"href":"https:\/\/torzokom.com\/ba\/wp-json\/wp\/v2\/product\/4756\/revisions"}],"wp:featuredmedia":[{"embeddable":true,"href":"https:\/\/torzokom.com\/ba\/wp-json\/wp\/v2\/media\/4757"}],"wp:attachment":[{"href":"https:\/\/torzokom.com\/ba\/wp-json\/wp\/v2\/media?parent=4756"}],"wp:term":[{"taxonomy":"product_cat","embeddable":true,"href":"https:\/\/torzokom.com\/ba\/wp-json\/wp\/v2\/product_cat?post=4756"},{"taxonomy":"product_tag","embeddable":true,"href":"https:\/\/torzokom.com\/ba\/wp-json\/wp\/v2\/product_tag?post=4756"}],"curies":[{"name":"wp","href":"https:\/\/api.w.org\/{rel}","templated":true}]}}