{"id":4767,"date":"2025-08-27T17:15:51","date_gmt":"2025-08-27T15:15:51","guid":{"rendered":"http:\/\/torzokom.com\/?post_type=product&#038;p=4767"},"modified":"2025-10-28T00:51:15","modified_gmt":"2025-10-27T23:51:15","slug":"remington-783-synthetic-heavy-barrel","status":"publish","type":"product","link":"https:\/\/torzokom.com\/ba\/proizvod\/remington-783-synthetic-heavy-barrel\/","title":{"rendered":"Remington 783 Synthetic Heavy Barrel"},"content":{"rendered":"<h2>Remington 783 Synthetic Heavy Barrel<\/h2>\n<p>Ta\u010dnost po mjeri sada je nadohvat ruke prakti\u010dno svakog lovca. Nastavljajuc\u0301i na ekspertizi koja dominira tehnologijom bolt-action oru\u017eja vi\u0161e od 50 godina, na\u0161 in\u017eenjerski tim po\u010deo je ispo\u010detka i kombinovao njihove najnaprednije funkcije za povec\u0301anje ta\u010dnosti kako bi stvorio potpuno novu platformu.<\/p>\n<p><em>Model 783 Heavy Barrel<\/em> sadr\u017ei pikatini \u0161inu, <em>SuperCell\u00ae Recoil Pad<\/em> i ravni sinteti\u010dku kundak koji sadr\u017ei visok sadr\u017eaj najlonskih vlakana, koji promovi\u0161e vrhunsku \u010dvrstoc\u0301u i robusnost. Za kontrolu gadjana, opremljen je o\u0161trim novim <em>CrossFire\u2122<\/em> sistemom obara\u010da koji je prilagodljiv va\u0161im \u017eeljama.<\/p>\n<p><em>Model 783<\/em> sadr\u017ei \u010deli\u010dni odvojivi magacin sa \u010deli\u010dnom bravicom. Kao i kod svih Remington-ovih pu\u0161aka, o\u010dekujte vijek pouzdanosti. Od sledec\u0301e generacije u legendarnoj krvnoj liniji.<\/p>","protected":false},"excerpt":{"rendered":"<p>Remington 783 Synthetic Heavy Barrel Ta\u010dnost po mjeri sada je nadohvat ruke prakti\u010dno svakog lovca. Nastavljajuc\u0301i na ekspertizi koja dominira tehnologijom bolt-action oru\u017eja vi\u0161e od 50 godina, na\u0161 in\u017eenjerski tim po\u010deo je ispo\u010detka i kombinovao njihove najnaprednije funkcije za povec\u0301anje ta\u010dnosti kako bi stvorio potpuno novu platformu. Model 783 Heavy Barrel sadr\u017ei pikatini \u0161inu, SuperCell\u00ae [&hellip;]<\/p>\n","protected":false},"featured_media":4768,"template":"","meta":[],"product_cat":[46,199],"product_tag":[],"class_list":{"0":"post-4767","1":"product","2":"type-product","3":"status-publish","4":"has-post-thumbnail","6":"product_brand-remington","7":"product_cat-oruzje","8":"product_cat-lovacki-karabini","10":"first","11":"instock","12":"taxable","13":"shipping-taxable","14":"product-type-simple"},"_links":{"self":[{"href":"https:\/\/torzokom.com\/ba\/wp-json\/wp\/v2\/product\/4767","targetHints":{"allow":["GET"]}}],"collection":[{"href":"https:\/\/torzokom.com\/ba\/wp-json\/wp\/v2\/product"}],"about":[{"href":"https:\/\/torzokom.com\/ba\/wp-json\/wp\/v2\/types\/product"}],"version-history":[{"count":0,"href":"https:\/\/torzokom.com\/ba\/wp-json\/wp\/v2\/product\/4767\/revisions"}],"wp:featuredmedia":[{"embeddable":true,"href":"https:\/\/torzokom.com\/ba\/wp-json\/wp\/v2\/media\/4768"}],"wp:attachment":[{"href":"https:\/\/torzokom.com\/ba\/wp-json\/wp\/v2\/media?parent=4767"}],"wp:term":[{"taxonomy":"product_cat","embeddable":true,"href":"https:\/\/torzokom.com\/ba\/wp-json\/wp\/v2\/product_cat?post=4767"},{"taxonomy":"product_tag","embeddable":true,"href":"https:\/\/torzokom.com\/ba\/wp-json\/wp\/v2\/product_tag?post=4767"}],"curies":[{"name":"wp","href":"https:\/\/api.w.org\/{rel}","templated":true}]}}