{"id":4769,"date":"2025-08-27T17:23:15","date_gmt":"2025-08-27T15:23:15","guid":{"rendered":"http:\/\/torzokom.com\/?post_type=product&#038;p=4769"},"modified":"2025-10-28T00:50:31","modified_gmt":"2025-10-27T23:50:31","slug":"remington-700-adl-synthetic","status":"publish","type":"product","link":"https:\/\/torzokom.com\/ba\/proizvod\/remington-700-adl-synthetic\/","title":{"rendered":"Remington 700 ADL Synthetic"},"content":{"rendered":"<h2>Remington 700 ADL Synthetic<\/h2>\n<p>Najja\u010da i najta\u010dnija pu\u0161ka u svijetu prilagodljiva je za svaku primjenu. Dostupno sa mno\u0161tvom vodec\u0301ih funkcija u nekoliko SPS i ADL ponuda, Model 700 je konfiguracija koja odgovara bilo kojim ciljevima lova ili pucanja ili bud\u017eetu. Izaberite izgla\u0111enu, dugotrajnu izdr\u017eljivost modela 700 SPS od nehr\u0111ajuc\u0301eg \u010delika (STAINLESS STEEL), maskirani model 700 SPS Camo, izravan stil i pouzdanost modela 700 ADL u crnom oksidu ili model 700 ADL SS (STAINLESS STEEL).<\/p>","protected":false},"excerpt":{"rendered":"<p>Remington 700 ADL Synthetic Najja\u010da i najta\u010dnija pu\u0161ka u svijetu prilagodljiva je za svaku primjenu. Dostupno sa mno\u0161tvom vodec\u0301ih funkcija u nekoliko SPS i ADL ponuda, Model 700 je konfiguracija koja odgovara bilo kojim ciljevima lova ili pucanja ili bud\u017eetu. Izaberite izgla\u0111enu, dugotrajnu izdr\u017eljivost modela 700 SPS od nehr\u0111ajuc\u0301eg \u010delika (STAINLESS STEEL), maskirani model 700 [&hellip;]<\/p>\n","protected":false},"featured_media":4770,"template":"","meta":[],"product_cat":[46,199],"product_tag":[],"class_list":{"0":"post-4769","1":"product","2":"type-product","3":"status-publish","4":"has-post-thumbnail","6":"product_brand-remington","7":"product_cat-oruzje","8":"product_cat-lovacki-karabini","10":"first","11":"instock","12":"taxable","13":"shipping-taxable","14":"product-type-simple"},"_links":{"self":[{"href":"https:\/\/torzokom.com\/ba\/wp-json\/wp\/v2\/product\/4769","targetHints":{"allow":["GET"]}}],"collection":[{"href":"https:\/\/torzokom.com\/ba\/wp-json\/wp\/v2\/product"}],"about":[{"href":"https:\/\/torzokom.com\/ba\/wp-json\/wp\/v2\/types\/product"}],"version-history":[{"count":0,"href":"https:\/\/torzokom.com\/ba\/wp-json\/wp\/v2\/product\/4769\/revisions"}],"wp:featuredmedia":[{"embeddable":true,"href":"https:\/\/torzokom.com\/ba\/wp-json\/wp\/v2\/media\/4770"}],"wp:attachment":[{"href":"https:\/\/torzokom.com\/ba\/wp-json\/wp\/v2\/media?parent=4769"}],"wp:term":[{"taxonomy":"product_cat","embeddable":true,"href":"https:\/\/torzokom.com\/ba\/wp-json\/wp\/v2\/product_cat?post=4769"},{"taxonomy":"product_tag","embeddable":true,"href":"https:\/\/torzokom.com\/ba\/wp-json\/wp\/v2\/product_tag?post=4769"}],"curies":[{"name":"wp","href":"https:\/\/api.w.org\/{rel}","templated":true}]}}