{"id":4771,"date":"2025-08-27T18:43:15","date_gmt":"2025-08-27T16:43:15","guid":{"rendered":"http:\/\/torzokom.com\/?post_type=product&#038;p=4771"},"modified":"2025-10-28T00:50:11","modified_gmt":"2025-10-27T23:50:11","slug":"remington-783-varmint","status":"publish","type":"product","link":"https:\/\/torzokom.com\/ba\/proizvod\/remington-783-varmint\/","title":{"rendered":"Remington 783 Varmint"},"content":{"rendered":"<h2>Remington 783 Varmint<\/h2>\n<p>Model 783 dizajnirali su ameri\u010dki stru\u010dnjaci za direktnu akciju. A projektovan je precizno\u0161c\u0301u, izdr\u017eljivo\u0161c\u0301u i tehnologijom za pobolj\u0161anje performansi. Stvoren je za lov.<\/p>","protected":false},"excerpt":{"rendered":"<p>Remington 783 Varmint Model 783 dizajnirali su ameri\u010dki stru\u010dnjaci za direktnu akciju. A projektovan je precizno\u0161c\u0301u, izdr\u017eljivo\u0161c\u0301u i tehnologijom za pobolj\u0161anje performansi. Stvoren je za lov.<\/p>","protected":false},"featured_media":4773,"template":"","meta":[],"product_cat":[46,199],"product_tag":[],"class_list":{"0":"post-4771","1":"product","2":"type-product","3":"status-publish","4":"has-post-thumbnail","6":"product_brand-remington","7":"product_cat-oruzje","8":"product_cat-lovacki-karabini","10":"first","11":"instock","12":"taxable","13":"shipping-taxable","14":"product-type-simple"},"_links":{"self":[{"href":"https:\/\/torzokom.com\/ba\/wp-json\/wp\/v2\/product\/4771","targetHints":{"allow":["GET"]}}],"collection":[{"href":"https:\/\/torzokom.com\/ba\/wp-json\/wp\/v2\/product"}],"about":[{"href":"https:\/\/torzokom.com\/ba\/wp-json\/wp\/v2\/types\/product"}],"version-history":[{"count":0,"href":"https:\/\/torzokom.com\/ba\/wp-json\/wp\/v2\/product\/4771\/revisions"}],"wp:featuredmedia":[{"embeddable":true,"href":"https:\/\/torzokom.com\/ba\/wp-json\/wp\/v2\/media\/4773"}],"wp:attachment":[{"href":"https:\/\/torzokom.com\/ba\/wp-json\/wp\/v2\/media?parent=4771"}],"wp:term":[{"taxonomy":"product_cat","embeddable":true,"href":"https:\/\/torzokom.com\/ba\/wp-json\/wp\/v2\/product_cat?post=4771"},{"taxonomy":"product_tag","embeddable":true,"href":"https:\/\/torzokom.com\/ba\/wp-json\/wp\/v2\/product_tag?post=4771"}],"curies":[{"name":"wp","href":"https:\/\/api.w.org\/{rel}","templated":true}]}}