{"id":4778,"date":"2025-08-27T18:59:52","date_gmt":"2025-08-27T16:59:52","guid":{"rendered":"http:\/\/torzokom.com\/?post_type=product&#038;p=4778"},"modified":"2025-10-28T00:48:48","modified_gmt":"2025-10-27T23:48:48","slug":"remington-700-sps-synthetic","status":"publish","type":"product","link":"https:\/\/torzokom.com\/ba\/proizvod\/remington-700-sps-synthetic\/","title":{"rendered":"Remington 700 SPS Synthetic"},"content":{"rendered":"<h2>Remington 700 SPS Synthetic<\/h2>\n<p>Model 700 \u2122 SPS \u2122 (Special Purpose Synthetic \u2013 sinteti\u010dka specijalna namjena) nudi sve \u0161to volite o legendarnom modelu 700, a sve to po iznimno povoljnoj cijeni. Model 700\u2122 SPS\u2122 je vode\u0107i za novu generaciju sna\u017enih pu\u0161aka.<br \/>\nOd dizajna \u010dvrstog prijemnika do poznatog \u201etri prstena \u010delika\u201c, model 700 SPS nudi nenadma\u0161nu ta\u010dnost i vrhunske performanse koje o\u010dekujete od najpopularnije ameri\u010dke pu\u0161ke.<\/p>\n<p>Karakteristike uklju\u010duju pobolj\u0161anu, ergonomski dizajniran sinteti\u010dki kundak, cijev od ugljenog \u010delika, probu\u0161ene i ugra\u0111ene prijemnike za nosa\u010de optike. Sve vanjske metalne konstrukcije imaju mat fini\u0161.<\/p>\n<p>&nbsp;<\/p>","protected":false},"excerpt":{"rendered":"<p>Remington 700 SPS Synthetic Model 700 \u2122 SPS \u2122 (Special Purpose Synthetic \u2013 sinteti\u010dka specijalna namjena) nudi sve \u0161to volite o legendarnom modelu 700, a sve to po iznimno povoljnoj cijeni. Model 700\u2122 SPS\u2122 je vode\u0107i za novu generaciju sna\u017enih pu\u0161aka. Od dizajna \u010dvrstog prijemnika do poznatog \u201etri prstena \u010delika\u201c, model 700 SPS nudi nenadma\u0161nu [&hellip;]<\/p>\n","protected":false},"featured_media":4779,"template":"","meta":[],"product_cat":[46,199],"product_tag":[],"class_list":{"0":"post-4778","1":"product","2":"type-product","3":"status-publish","4":"has-post-thumbnail","6":"product_brand-remington","7":"product_cat-oruzje","8":"product_cat-lovacki-karabini","10":"first","11":"instock","12":"taxable","13":"shipping-taxable","14":"product-type-simple"},"_links":{"self":[{"href":"https:\/\/torzokom.com\/ba\/wp-json\/wp\/v2\/product\/4778","targetHints":{"allow":["GET"]}}],"collection":[{"href":"https:\/\/torzokom.com\/ba\/wp-json\/wp\/v2\/product"}],"about":[{"href":"https:\/\/torzokom.com\/ba\/wp-json\/wp\/v2\/types\/product"}],"version-history":[{"count":0,"href":"https:\/\/torzokom.com\/ba\/wp-json\/wp\/v2\/product\/4778\/revisions"}],"wp:featuredmedia":[{"embeddable":true,"href":"https:\/\/torzokom.com\/ba\/wp-json\/wp\/v2\/media\/4779"}],"wp:attachment":[{"href":"https:\/\/torzokom.com\/ba\/wp-json\/wp\/v2\/media?parent=4778"}],"wp:term":[{"taxonomy":"product_cat","embeddable":true,"href":"https:\/\/torzokom.com\/ba\/wp-json\/wp\/v2\/product_cat?post=4778"},{"taxonomy":"product_tag","embeddable":true,"href":"https:\/\/torzokom.com\/ba\/wp-json\/wp\/v2\/product_tag?post=4778"}],"curies":[{"name":"wp","href":"https:\/\/api.w.org\/{rel}","templated":true}]}}