{"id":4782,"date":"2025-08-27T19:08:20","date_gmt":"2025-08-27T17:08:20","guid":{"rendered":"http:\/\/torzokom.com\/?post_type=product&#038;p=4782"},"modified":"2025-10-28T00:47:58","modified_gmt":"2025-10-27T23:47:58","slug":"remington-700-sps-varmint","status":"publish","type":"product","link":"https:\/\/torzokom.com\/ba\/proizvod\/remington-700-sps-varmint\/","title":{"rendered":"Remington 700 SPS Varmint"},"content":{"rendered":"<h2>Remington 700 SPS Varmint<\/h2>\n<p>\u010cinjenica je da, kada je rije\u010d o preciznosti, u industriji nema finijeg porijekla od Remington\u00ae pu\u0161aka.<br \/>\nSa modelom 700 \u2122 SPS \u2122 Varmint, tra\u017eenje legendarne ta\u010dnosti je vi\u0161e nego ikad dostupno.<\/p>\n<p>Model 700 \u2122 SPS \u2122 Varmint je sposoban praviti male grupe ravno iz kutije jer je izgra\u0111en na modelu Model 700 \u2122, najsolidnijem i pouzdanijem postojanju.<\/p>\n<p>Njegova 66 cm duga\u010dka, te\u0161ka konturna cijev savr\u0161eno se sla\u017ee s njegovom ponudom kalibra velike brzine.<br \/>\nOsim toga, ergonomski oblikovana crni sinteti\u010dki kundak ima ventilirani prednji kraj za pobolj\u0161ano prianjanje, smanjenu te\u017einu i bolju disipaciju topline.<br \/>\nO\u0161tre predatorske o\u010di ne\u0107e vidjeti \u010dvrsti, nereflektiraju\u0107i mat fini\u0161 na cijevi i prijemniku.<\/p>\n<p>&nbsp;<\/p>","protected":false},"excerpt":{"rendered":"<p>Remington 700 SPS Varmint \u010cinjenica je da, kada je rije\u010d o preciznosti, u industriji nema finijeg porijekla od Remington\u00ae pu\u0161aka. Sa modelom 700 \u2122 SPS \u2122 Varmint, tra\u017eenje legendarne ta\u010dnosti je vi\u0161e nego ikad dostupno. Model 700 \u2122 SPS \u2122 Varmint je sposoban praviti male grupe ravno iz kutije jer je izgra\u0111en na modelu Model [&hellip;]<\/p>\n","protected":false},"featured_media":4783,"template":"","meta":[],"product_cat":[46,199],"product_tag":[],"class_list":{"0":"post-4782","1":"product","2":"type-product","3":"status-publish","4":"has-post-thumbnail","6":"product_brand-remington","7":"product_cat-oruzje","8":"product_cat-lovacki-karabini","10":"first","11":"instock","12":"taxable","13":"shipping-taxable","14":"product-type-simple"},"_links":{"self":[{"href":"https:\/\/torzokom.com\/ba\/wp-json\/wp\/v2\/product\/4782","targetHints":{"allow":["GET"]}}],"collection":[{"href":"https:\/\/torzokom.com\/ba\/wp-json\/wp\/v2\/product"}],"about":[{"href":"https:\/\/torzokom.com\/ba\/wp-json\/wp\/v2\/types\/product"}],"version-history":[{"count":0,"href":"https:\/\/torzokom.com\/ba\/wp-json\/wp\/v2\/product\/4782\/revisions"}],"wp:featuredmedia":[{"embeddable":true,"href":"https:\/\/torzokom.com\/ba\/wp-json\/wp\/v2\/media\/4783"}],"wp:attachment":[{"href":"https:\/\/torzokom.com\/ba\/wp-json\/wp\/v2\/media?parent=4782"}],"wp:term":[{"taxonomy":"product_cat","embeddable":true,"href":"https:\/\/torzokom.com\/ba\/wp-json\/wp\/v2\/product_cat?post=4782"},{"taxonomy":"product_tag","embeddable":true,"href":"https:\/\/torzokom.com\/ba\/wp-json\/wp\/v2\/product_tag?post=4782"}],"curies":[{"name":"wp","href":"https:\/\/api.w.org\/{rel}","templated":true}]}}