{"id":4790,"date":"2025-08-27T19:35:55","date_gmt":"2025-08-27T17:35:55","guid":{"rendered":"http:\/\/torzokom.com\/?post_type=product&#038;p=4790"},"modified":"2025-10-28T00:46:51","modified_gmt":"2025-10-27T23:46:51","slug":"remington-783-synhtetic","status":"publish","type":"product","link":"https:\/\/torzokom.com\/ba\/proizvod\/remington-783-synhtetic\/","title":{"rendered":"Remington 783 Synhtetic"},"content":{"rendered":"<h2 class=\"entry-title\">Remington 783 Synhtetic<\/h2>\n<p>Remington 783 je kvalitetan karabin proizveden da bude pristupa\u010dan lovcima.Pri izradi samog karabina kori\u0161teni su polimeri u crnoj mat boji,a tako\u0111er ima i sistem \u201eubrzice\u201c koji je tvorni\u010dki postavljen na 3 1\/2 lbs. ali korisnik mo\u017ee podesiti od 2 1\/2 do 5 lbs. Karabin ima \u010deli\u010dni odvojivi magacin gdje standardni kalibri imaju kapacitet od 4 i magnum kalibri od 3 punjenja. Remington 783 dostupan je u nekoliko popularnih lova\u010dkih kalibara kao \u0161to su: 243 Win,270 Win,30-06 Springfield, 308 Win, 7mm Remington Mag i 300 Win Mag.<\/p>","protected":false},"excerpt":{"rendered":"<p>Remington 783 Synhtetic Remington 783 je kvalitetan karabin proizveden da bude pristupa\u010dan lovcima.Pri izradi samog karabina kori\u0161teni su polimeri u crnoj mat boji,a tako\u0111er ima i sistem \u201eubrzice\u201c koji je tvorni\u010dki postavljen na 3 1\/2 lbs. ali korisnik mo\u017ee podesiti od 2 1\/2 do 5 lbs. Karabin ima \u010deli\u010dni odvojivi magacin gdje standardni kalibri imaju [&hellip;]<\/p>\n","protected":false},"featured_media":4791,"template":"","meta":[],"product_cat":[46,199],"product_tag":[],"class_list":{"0":"post-4790","1":"product","2":"type-product","3":"status-publish","4":"has-post-thumbnail","6":"product_brand-remington","7":"product_cat-oruzje","8":"product_cat-lovacki-karabini","10":"first","11":"instock","12":"taxable","13":"shipping-taxable","14":"product-type-simple"},"_links":{"self":[{"href":"https:\/\/torzokom.com\/ba\/wp-json\/wp\/v2\/product\/4790","targetHints":{"allow":["GET"]}}],"collection":[{"href":"https:\/\/torzokom.com\/ba\/wp-json\/wp\/v2\/product"}],"about":[{"href":"https:\/\/torzokom.com\/ba\/wp-json\/wp\/v2\/types\/product"}],"version-history":[{"count":0,"href":"https:\/\/torzokom.com\/ba\/wp-json\/wp\/v2\/product\/4790\/revisions"}],"wp:featuredmedia":[{"embeddable":true,"href":"https:\/\/torzokom.com\/ba\/wp-json\/wp\/v2\/media\/4791"}],"wp:attachment":[{"href":"https:\/\/torzokom.com\/ba\/wp-json\/wp\/v2\/media?parent=4790"}],"wp:term":[{"taxonomy":"product_cat","embeddable":true,"href":"https:\/\/torzokom.com\/ba\/wp-json\/wp\/v2\/product_cat?post=4790"},{"taxonomy":"product_tag","embeddable":true,"href":"https:\/\/torzokom.com\/ba\/wp-json\/wp\/v2\/product_tag?post=4790"}],"curies":[{"name":"wp","href":"https:\/\/api.w.org\/{rel}","templated":true}]}}