{"id":4838,"date":"2025-08-28T09:59:17","date_gmt":"2025-08-28T07:59:17","guid":{"rendered":"http:\/\/torzokom.com\/?post_type=product&#038;p=4838"},"modified":"2025-11-20T01:26:02","modified_gmt":"2025-11-20T00:26:02","slug":"blaser-rd20","status":"publish","type":"product","link":"https:\/\/torzokom.com\/ba\/proizvod\/blaser-rd20\/","title":{"rendered":"Blaser RD20"},"content":{"rendered":"<div id=\"tab-1\" class=\"tab-content std current\">\n<h2><strong data-start=\"764\" data-end=\"779\"><span dir=\"auto\"><span class=\"\" dir=\"auto\">Blaser RD20\u00a0<\/span><\/span><\/strong><\/h2>\n<p><span dir=\"auto\"><span class=\"\" dir=\"auto\"><strong data-start=\"764\" data-end=\"779\">Blaser RD20<\/strong>je kompaktan i lagan ni\u0161an s crvenom ta\u010dkom, posebno dizajniran za Blaser pu\u0161ke, omogu\u0107avaju\u0107i brzo i precizno ciljanje na pogonskim pu\u0161kama. Sa velikim unutra\u0161njim otvorom i integriranim nosa\u010dem, nudi idealno rje\u0161enje za dinami\u010dan lov.<\/span><\/span><\/p>\n<p><span dir=\"auto\">RD20 je idealna optika za brzu paljbu s prodornim ni\u0161anima i kao izmjenjivi dodatak cijeloj liniji Blaser pu\u0161aka, \u0161to je \u010dini savr\u0161enim dodatkom opti\u010dkim ni\u0161anima.<\/span><\/p>\n<\/div>","protected":false},"excerpt":{"rendered":"<p><span dir=\"auto\">RD20 je idealna optika za brzu paljbu s prodornim ni\u0161anima i kao izmjenjivi dodatak cijeloj liniji Blaser pu\u0161aka, \u0161to je \u010dini savr\u0161enim dodatkom opti\u010dkim ni\u0161anima.<\/span><\/p>","protected":false},"featured_media":4839,"template":"","meta":[],"product_cat":[105,176],"product_tag":[],"class_list":{"0":"post-4838","1":"product","2":"type-product","3":"status-publish","4":"has-post-thumbnail","6":"product_brand-blaser","7":"product_cat-optika","8":"product_cat-reddot","10":"first","11":"instock","12":"taxable","13":"shipping-taxable","14":"purchasable","15":"product-type-simple"},"_links":{"self":[{"href":"https:\/\/torzokom.com\/ba\/wp-json\/wp\/v2\/product\/4838","targetHints":{"allow":["GET"]}}],"collection":[{"href":"https:\/\/torzokom.com\/ba\/wp-json\/wp\/v2\/product"}],"about":[{"href":"https:\/\/torzokom.com\/ba\/wp-json\/wp\/v2\/types\/product"}],"version-history":[{"count":0,"href":"https:\/\/torzokom.com\/ba\/wp-json\/wp\/v2\/product\/4838\/revisions"}],"wp:featuredmedia":[{"embeddable":true,"href":"https:\/\/torzokom.com\/ba\/wp-json\/wp\/v2\/media\/4839"}],"wp:attachment":[{"href":"https:\/\/torzokom.com\/ba\/wp-json\/wp\/v2\/media?parent=4838"}],"wp:term":[{"taxonomy":"product_cat","embeddable":true,"href":"https:\/\/torzokom.com\/ba\/wp-json\/wp\/v2\/product_cat?post=4838"},{"taxonomy":"product_tag","embeddable":true,"href":"https:\/\/torzokom.com\/ba\/wp-json\/wp\/v2\/product_tag?post=4838"}],"curies":[{"name":"wp","href":"https:\/\/api.w.org\/{rel}","templated":true}]}}