{"id":4843,"date":"2025-08-28T10:24:53","date_gmt":"2025-08-28T08:24:53","guid":{"rendered":"http:\/\/torzokom.com\/?post_type=product&#038;p=4843"},"modified":"2025-10-24T18:10:35","modified_gmt":"2025-10-24T16:10:35","slug":"blaser-basic-fleece-prsluk","status":"publish","type":"product","link":"https:\/\/torzokom.com\/ba\/proizvod\/blaser-basic-fleece-prsluk\/","title":{"rendered":"Blaser Basic Fleece Prsluk"},"content":{"rendered":"<h2>Blaser Basic Fleece Prsluk<\/h2>\n<p>Lagan, ekstra udoban i topao prsluk od flisa | Bez buke | Garantuje slobodu kretanja | Visoka kragna | Jednosmjerni patent zatvara\u010d sa za\u0161titom brade | Dva d\u017eepa sa prorezom sa patentnim zatvara\u010dem | Diskretni vez ARGALI logoa| 30 cm ARGALI logotip na pole\u0111ini<\/p>","protected":false},"excerpt":{"rendered":"<p>Blaser Basic Fleece Prsluk Lagan, ekstra udoban i topao prsluk od flisa | Bez buke | Garantuje slobodu kretanja | Visoka kragna | Jednosmjerni patent zatvara\u010d sa za\u0161titom brade | Dva d\u017eepa sa prorezom sa patentnim zatvara\u010dem | Diskretni vez ARGALI logoa| 30 cm ARGALI logotip na pole\u0111ini<\/p>","protected":false},"featured_media":4844,"template":"","meta":[],"product_cat":[58,110],"product_tag":[],"class_list":{"0":"post-4843","1":"product","2":"type-product","3":"status-publish","4":"has-post-thumbnail","6":"product_brand-blaser","7":"product_cat-odjeca-i-obuca","8":"product_cat-prsluci","10":"first","11":"instock","12":"taxable","13":"shipping-taxable","14":"product-type-simple"},"_links":{"self":[{"href":"https:\/\/torzokom.com\/ba\/wp-json\/wp\/v2\/product\/4843","targetHints":{"allow":["GET"]}}],"collection":[{"href":"https:\/\/torzokom.com\/ba\/wp-json\/wp\/v2\/product"}],"about":[{"href":"https:\/\/torzokom.com\/ba\/wp-json\/wp\/v2\/types\/product"}],"version-history":[{"count":0,"href":"https:\/\/torzokom.com\/ba\/wp-json\/wp\/v2\/product\/4843\/revisions"}],"wp:featuredmedia":[{"embeddable":true,"href":"https:\/\/torzokom.com\/ba\/wp-json\/wp\/v2\/media\/4844"}],"wp:attachment":[{"href":"https:\/\/torzokom.com\/ba\/wp-json\/wp\/v2\/media?parent=4843"}],"wp:term":[{"taxonomy":"product_cat","embeddable":true,"href":"https:\/\/torzokom.com\/ba\/wp-json\/wp\/v2\/product_cat?post=4843"},{"taxonomy":"product_tag","embeddable":true,"href":"https:\/\/torzokom.com\/ba\/wp-json\/wp\/v2\/product_tag?post=4843"}],"curies":[{"name":"wp","href":"https:\/\/api.w.org\/{rel}","templated":true}]}}