{"id":4846,"date":"2025-08-28T10:29:10","date_gmt":"2025-08-28T08:29:10","guid":{"rendered":"http:\/\/torzokom.com\/?post_type=product&#038;p=4846"},"modified":"2025-08-28T10:29:10","modified_gmt":"2025-08-28T08:29:10","slug":"blaser-primaloft-prsluk","status":"publish","type":"product","link":"https:\/\/torzokom.com\/ba\/proizvod\/blaser-primaloft-prsluk\/","title":{"rendered":"Blaser Primaloft Prsluk"},"content":{"rendered":"<h2>Blaser Primaloft Prsluk<\/h2>\n<p>Posebno lagan prsluk je vodootporan i grije. To se posti\u017ee TeflonEcoElite\u2122 zavr\u0161nim slojem i PRIMALOFT Hi-Loft Ultra oblogom. Ne samo da se komprimira, vec\u0301 je i lagan. Visoka stand-up kragna zajedno sa pre\u0161itim prednjim i zadnjim plo\u010dama daju prsluku sportski izgled. Sa mekim umetkom od fleka, pametnim sistemom d\u017eepova, individualno podesivim rubom i \u0161tampom ARGALI logotipa.<\/p>","protected":false},"excerpt":{"rendered":"<p>Blaser Primaloft Prsluk Posebno lagan prsluk je vodootporan i grije. To se posti\u017ee TeflonEcoElite\u2122 zavr\u0161nim slojem i PRIMALOFT Hi-Loft Ultra oblogom. Ne samo da se komprimira, vec\u0301 je i lagan. Visoka stand-up kragna zajedno sa pre\u0161itim prednjim i zadnjim plo\u010dama daju prsluku sportski izgled. Sa mekim umetkom od fleka, pametnim sistemom d\u017eepova, individualno podesivim rubom [&hellip;]<\/p>\n","protected":false},"featured_media":4847,"template":"","meta":[],"product_cat":[58,110],"product_tag":[],"class_list":{"0":"post-4846","1":"product","2":"type-product","3":"status-publish","4":"has-post-thumbnail","6":"product_brand-blaser","7":"product_cat-odjeca-i-obuca","8":"product_cat-prsluci","10":"first","11":"instock","12":"taxable","13":"shipping-taxable","14":"product-type-simple"},"_links":{"self":[{"href":"https:\/\/torzokom.com\/ba\/wp-json\/wp\/v2\/product\/4846","targetHints":{"allow":["GET"]}}],"collection":[{"href":"https:\/\/torzokom.com\/ba\/wp-json\/wp\/v2\/product"}],"about":[{"href":"https:\/\/torzokom.com\/ba\/wp-json\/wp\/v2\/types\/product"}],"version-history":[{"count":0,"href":"https:\/\/torzokom.com\/ba\/wp-json\/wp\/v2\/product\/4846\/revisions"}],"wp:featuredmedia":[{"embeddable":true,"href":"https:\/\/torzokom.com\/ba\/wp-json\/wp\/v2\/media\/4847"}],"wp:attachment":[{"href":"https:\/\/torzokom.com\/ba\/wp-json\/wp\/v2\/media?parent=4846"}],"wp:term":[{"taxonomy":"product_cat","embeddable":true,"href":"https:\/\/torzokom.com\/ba\/wp-json\/wp\/v2\/product_cat?post=4846"},{"taxonomy":"product_tag","embeddable":true,"href":"https:\/\/torzokom.com\/ba\/wp-json\/wp\/v2\/product_tag?post=4846"}],"curies":[{"name":"wp","href":"https:\/\/api.w.org\/{rel}","templated":true}]}}