{"id":4853,"date":"2025-08-28T10:33:29","date_gmt":"2025-08-28T08:33:29","guid":{"rendered":"http:\/\/torzokom.com\/?post_type=product&#038;p=4853"},"modified":"2025-08-28T10:33:30","modified_gmt":"2025-08-28T08:33:30","slug":"blaser-hybrid-wp-hlace","status":"publish","type":"product","link":"https:\/\/torzokom.com\/ba\/proizvod\/blaser-hybrid-wp-hlace\/","title":{"rendered":"Blaser Hybrid WP Hla\u010de"},"content":{"rendered":"<h2>Blaser Hybrid WP Hla\u010de<\/h2>\n<p>Prate svaki pokret uz izdr\u017eavanje habanja: Zahvaljujuc\u0301i laminiranju i zape\u010dac\u0301enim \u0161avovima, lagane HIBRID WP hla\u010de sa TeflonEcoElite\u2122 fini\u0161om su otporne na vodu i vjetar, kao i prozra\u010dne. \u010cak su i ukrasi i prednji i zadnji d\u017eepovi vodootporni. Sa diskretnim ARGALI izvezenim logotipom.<\/p>","protected":false},"excerpt":{"rendered":"<p>Blaser Hybrid WP Hla\u010de Prate svaki pokret uz izdr\u017eavanje habanja: Zahvaljujuc\u0301i laminiranju i zape\u010dac\u0301enim \u0161avovima, lagane HIBRID WP hla\u010de sa TeflonEcoElite\u2122 fini\u0161om su otporne na vodu i vjetar, kao i prozra\u010dne. \u010cak su i ukrasi i prednji i zadnji d\u017eepovi vodootporni. Sa diskretnim ARGALI izvezenim logotipom.<\/p>","protected":false},"featured_media":4854,"template":"","meta":[],"product_cat":[58,100],"product_tag":[],"class_list":{"0":"post-4853","1":"product","2":"type-product","3":"status-publish","4":"has-post-thumbnail","6":"product_brand-blaser","7":"product_cat-odjeca-i-obuca","8":"product_cat-hlace","10":"first","11":"instock","12":"taxable","13":"shipping-taxable","14":"product-type-simple"},"_links":{"self":[{"href":"https:\/\/torzokom.com\/ba\/wp-json\/wp\/v2\/product\/4853","targetHints":{"allow":["GET"]}}],"collection":[{"href":"https:\/\/torzokom.com\/ba\/wp-json\/wp\/v2\/product"}],"about":[{"href":"https:\/\/torzokom.com\/ba\/wp-json\/wp\/v2\/types\/product"}],"version-history":[{"count":0,"href":"https:\/\/torzokom.com\/ba\/wp-json\/wp\/v2\/product\/4853\/revisions"}],"wp:featuredmedia":[{"embeddable":true,"href":"https:\/\/torzokom.com\/ba\/wp-json\/wp\/v2\/media\/4854"}],"wp:attachment":[{"href":"https:\/\/torzokom.com\/ba\/wp-json\/wp\/v2\/media?parent=4853"}],"wp:term":[{"taxonomy":"product_cat","embeddable":true,"href":"https:\/\/torzokom.com\/ba\/wp-json\/wp\/v2\/product_cat?post=4853"},{"taxonomy":"product_tag","embeddable":true,"href":"https:\/\/torzokom.com\/ba\/wp-json\/wp\/v2\/product_tag?post=4853"}],"curies":[{"name":"wp","href":"https:\/\/api.w.org\/{rel}","templated":true}]}}