{"id":4858,"date":"2025-08-28T10:44:55","date_gmt":"2025-08-28T08:44:55","guid":{"rendered":"http:\/\/torzokom.com\/?post_type=product&#038;p=4858"},"modified":"2025-10-26T02:26:11","modified_gmt":"2025-10-26T00:26:11","slug":"blaser-primaloft-blaze-reverzibilna-jakna","status":"publish","type":"product","link":"https:\/\/torzokom.com\/ba\/proizvod\/blaser-primaloft-blaze-reverzibilna-jakna\/","title":{"rendered":"Blaser Primaloft Blaze reverzibilna jakna"},"content":{"rendered":"<h2>Blaser Primaloft Blaze reverzibilna jakna<\/h2>\n<p>Izuzetno udobna i izuzetno lagana PRIMALOFT reverzibilna jakna, sa unutra\u0161njom stranom boje BLAZE, prati vas u svakoj avanturi. Spolja\u0161njost u sme\u0111oj boji je vodootporna, otporna na vjetar i prozra\u010dna. Unutra\u0161njost u boji BLAZE je otporna na vodu i vetar, vrlo je prozra\u010dna. To se obezbje\u0111uje laminiranjem i membranom u elasti\u010dnim umecima.<\/p>","protected":false},"excerpt":{"rendered":"<p>Izuzetno udobna i izuzetno lagana PRIMALOFT reverzibilna jakna, sa unutra\u0161njom stranom boje BLAZE, prati vas u svakoj avanturi.<\/p>","protected":false},"featured_media":4859,"template":"","meta":[],"product_cat":[58,98],"product_tag":[],"class_list":{"0":"post-4858","1":"product","2":"type-product","3":"status-publish","4":"has-post-thumbnail","6":"product_brand-blaser","7":"product_cat-odjeca-i-obuca","8":"product_cat-jakne","9":"pa_velicina-3xl","10":"pa_velicina-l","11":"pa_velicina-m","12":"pa_velicina-s","13":"pa_velicina-xl","14":"pa_velicina-xxl","16":"first","17":"instock","18":"taxable","19":"shipping-taxable","20":"purchasable","21":"product-type-variable"},"_links":{"self":[{"href":"https:\/\/torzokom.com\/ba\/wp-json\/wp\/v2\/product\/4858","targetHints":{"allow":["GET"]}}],"collection":[{"href":"https:\/\/torzokom.com\/ba\/wp-json\/wp\/v2\/product"}],"about":[{"href":"https:\/\/torzokom.com\/ba\/wp-json\/wp\/v2\/types\/product"}],"version-history":[{"count":0,"href":"https:\/\/torzokom.com\/ba\/wp-json\/wp\/v2\/product\/4858\/revisions"}],"wp:featuredmedia":[{"embeddable":true,"href":"https:\/\/torzokom.com\/ba\/wp-json\/wp\/v2\/media\/4859"}],"wp:attachment":[{"href":"https:\/\/torzokom.com\/ba\/wp-json\/wp\/v2\/media?parent=4858"}],"wp:term":[{"taxonomy":"product_cat","embeddable":true,"href":"https:\/\/torzokom.com\/ba\/wp-json\/wp\/v2\/product_cat?post=4858"},{"taxonomy":"product_tag","embeddable":true,"href":"https:\/\/torzokom.com\/ba\/wp-json\/wp\/v2\/product_tag?post=4858"}],"curies":[{"name":"wp","href":"https:\/\/api.w.org\/{rel}","templated":true}]}}