{"id":4906,"date":"2025-08-29T08:19:49","date_gmt":"2025-08-29T06:19:49","guid":{"rendered":"http:\/\/torzokom.com\/?post_type=product&#038;p=4906"},"modified":"2025-10-28T00:45:48","modified_gmt":"2025-10-27T23:45:48","slug":"mauser-25-pure","status":"publish","type":"product","link":"https:\/\/torzokom.com\/ba\/proizvod\/mauser-25-pure\/","title":{"rendered":"Mauser 25 Pure"},"content":{"rendered":"<h2 class=\"notranslate\">Mauser 25 Pure<\/h2>\n<div class=\"short-description\">\n<div class=\"std\">\n<p><span dir=\"auto\">\u00a0Njegov ergonomski dizajn omogu\u0107ava brz i efikasan rad, dok visokokvalitetni materijali osiguravaju dug vijek trajanja i otpornost na habanje.<\/span><\/p>\n<ul>\n<li><span dir=\"auto\">Dvostepeni osigura\u010d sa opcijom otvaranja brave u sigurnom re\u017eimu<\/span><\/li>\n<li><span dir=\"auto\">Hladno kovano precizno cijev izra\u0111ena od specijalnog \u010delika s izdr\u017eljivom i otpornom na hr\u0111u MAUSER plazma oksidiranom povr\u0161inom<\/span><\/li>\n<li><span dir=\"auto\">\u0160irok raspon opcija monta\u017ee s novim MAUSER sistemom &#8220;Single-Base-Mount&#8221;<\/span><\/li>\n<li><span dir=\"auto\">Jednoredni, ultra robusni polimerni magazin kapaciteta 3+1 ili opciono 5+1 metaka<\/span><\/li>\n<\/ul>\n<\/div>\n<\/div>","protected":false},"excerpt":{"rendered":"<p><span dir=\"auto\">MAUSER 25 Pure kombinuje klasi\u010dni dizajn sa najsavremenijom tehnologijom, osiguravaju\u0107i izuzetnu brzinu, preciznost i pouzdanost u lovu.<\/span><\/p>","protected":false},"featured_media":4908,"template":"","meta":[],"product_cat":[46,199],"product_tag":[],"class_list":{"0":"post-4906","1":"product","2":"type-product","3":"status-publish","4":"has-post-thumbnail","6":"product_brand-mauser","7":"product_cat-oruzje","8":"product_cat-lovacki-karabini","10":"first","11":"onbackorder","12":"taxable","13":"shipping-taxable","14":"purchasable","15":"product-type-simple"},"_links":{"self":[{"href":"https:\/\/torzokom.com\/ba\/wp-json\/wp\/v2\/product\/4906","targetHints":{"allow":["GET"]}}],"collection":[{"href":"https:\/\/torzokom.com\/ba\/wp-json\/wp\/v2\/product"}],"about":[{"href":"https:\/\/torzokom.com\/ba\/wp-json\/wp\/v2\/types\/product"}],"version-history":[{"count":0,"href":"https:\/\/torzokom.com\/ba\/wp-json\/wp\/v2\/product\/4906\/revisions"}],"wp:featuredmedia":[{"embeddable":true,"href":"https:\/\/torzokom.com\/ba\/wp-json\/wp\/v2\/media\/4908"}],"wp:attachment":[{"href":"https:\/\/torzokom.com\/ba\/wp-json\/wp\/v2\/media?parent=4906"}],"wp:term":[{"taxonomy":"product_cat","embeddable":true,"href":"https:\/\/torzokom.com\/ba\/wp-json\/wp\/v2\/product_cat?post=4906"},{"taxonomy":"product_tag","embeddable":true,"href":"https:\/\/torzokom.com\/ba\/wp-json\/wp\/v2\/product_tag?post=4906"}],"curies":[{"name":"wp","href":"https:\/\/api.w.org\/{rel}","templated":true}]}}