{"id":4975,"date":"2025-08-29T11:00:56","date_gmt":"2025-08-29T09:00:56","guid":{"rendered":"http:\/\/torzokom.com\/?post_type=product&#038;p=4975"},"modified":"2025-10-28T00:45:14","modified_gmt":"2025-10-27T23:45:14","slug":"tikka-t3x-battue","status":"publish","type":"product","link":"https:\/\/torzokom.com\/ba\/proizvod\/tikka-t3x-battue\/","title":{"rendered":"Tikka T3x Battue"},"content":{"rendered":"<h2>Tikka T3x Battue<\/h2>\n<p><span dir=\"auto\">Lagana, kratka i prakti\u010dna finska repetiraju\u0107a pu\u0161ka sa podignutim ni\u0161anima za brzo ga\u0111anje u pokretu. D<\/span><span dir=\"auto\">ostupna u kalibrima 308 Win, 338 Federal, 7&#215;64, 30-06 Sprg, 8x57IS, 9.3&#215;62, 300 Win Mag, 300 Win Short Mag. <\/span><\/p>","protected":false},"excerpt":{"rendered":"<p>Tikka T3x Battue Lagana, kratka i prakti\u010dna finska repetiraju\u0107a pu\u0161ka sa podignutim ni\u0161anima za brzo ga\u0111anje u pokretu. Dostupna u kalibrima 308 Win, 338 Federal, 7&#215;64, 30-06 Sprg, 8x57IS, 9.3&#215;62, 300 Win Mag, 300 Win Short Mag.<\/p>","protected":false},"featured_media":4976,"template":"","meta":[],"product_cat":[46,199],"product_tag":[],"class_list":{"0":"post-4975","1":"product","2":"type-product","3":"status-publish","4":"has-post-thumbnail","6":"product_brand-tikka","7":"product_cat-oruzje","8":"product_cat-lovacki-karabini","10":"first","11":"instock","12":"taxable","13":"shipping-taxable","14":"purchasable","15":"product-type-simple"},"_links":{"self":[{"href":"https:\/\/torzokom.com\/ba\/wp-json\/wp\/v2\/product\/4975","targetHints":{"allow":["GET"]}}],"collection":[{"href":"https:\/\/torzokom.com\/ba\/wp-json\/wp\/v2\/product"}],"about":[{"href":"https:\/\/torzokom.com\/ba\/wp-json\/wp\/v2\/types\/product"}],"version-history":[{"count":0,"href":"https:\/\/torzokom.com\/ba\/wp-json\/wp\/v2\/product\/4975\/revisions"}],"wp:featuredmedia":[{"embeddable":true,"href":"https:\/\/torzokom.com\/ba\/wp-json\/wp\/v2\/media\/4976"}],"wp:attachment":[{"href":"https:\/\/torzokom.com\/ba\/wp-json\/wp\/v2\/media?parent=4975"}],"wp:term":[{"taxonomy":"product_cat","embeddable":true,"href":"https:\/\/torzokom.com\/ba\/wp-json\/wp\/v2\/product_cat?post=4975"},{"taxonomy":"product_tag","embeddable":true,"href":"https:\/\/torzokom.com\/ba\/wp-json\/wp\/v2\/product_tag?post=4975"}],"curies":[{"name":"wp","href":"https:\/\/api.w.org\/{rel}","templated":true}]}}