{"id":5074,"date":"2025-08-30T23:05:23","date_gmt":"2025-08-30T21:05:23","guid":{"rendered":"http:\/\/torzokom.com\/?post_type=product&#038;p=5074"},"modified":"2026-04-16T15:05:44","modified_gmt":"2026-04-16T13:05:44","slug":"nocpix-slim-h35","status":"publish","type":"product","link":"https:\/\/torzokom.com\/ba\/proizvod\/nocpix-slim-h35\/","title":{"rendered":"Nocpix Slim H35 Termalni Monokular"},"content":{"rendered":"<p>Nocpix Slim H35<\/p>\n<p><span dir=\"auto\">SLIM H35 je opti\u010dki ni\u0161an sa termalnim senzorom rezolucije 640\u00d7512, NETD \u226418 mK i dometom detekcije do 1800 m. Nudi 2\u00d7 uve\u0107anje, AMOLED ekran rezolucije 1024\u00d7768 i mogu\u0107nost snimanja fotografija, videa i zvuka. Sa 32 GB memorije i Wi-Fi podr\u0161kom, prakti\u010dan je ure\u0111aj za brz prijenos podataka<\/span><\/p>","protected":false},"excerpt":{"rendered":"<p><span dir=\"auto\">SLIM H35 je opti\u010dki ni\u0161an sa termalnim senzorom rezolucije 640\u00d7512, NETD \u226418 mK <\/span><\/p>","protected":false},"featured_media":5076,"template":"","meta":[],"product_cat":[109,177],"product_tag":[141,36],"class_list":{"0":"post-5074","1":"product","2":"type-product","3":"status-publish","4":"has-post-thumbnail","6":"product_brand-nocpix","7":"product_cat-monokulari","8":"product_cat-termalni-uredjaji","9":"product_tag-nocpix","10":"product_tag-optika","12":"first","13":"outofstock","14":"taxable","15":"shipping-taxable","16":"purchasable","17":"product-type-simple"},"_links":{"self":[{"href":"https:\/\/torzokom.com\/ba\/wp-json\/wp\/v2\/product\/5074","targetHints":{"allow":["GET"]}}],"collection":[{"href":"https:\/\/torzokom.com\/ba\/wp-json\/wp\/v2\/product"}],"about":[{"href":"https:\/\/torzokom.com\/ba\/wp-json\/wp\/v2\/types\/product"}],"version-history":[{"count":4,"href":"https:\/\/torzokom.com\/ba\/wp-json\/wp\/v2\/product\/5074\/revisions"}],"predecessor-version":[{"id":10209,"href":"https:\/\/torzokom.com\/ba\/wp-json\/wp\/v2\/product\/5074\/revisions\/10209"}],"wp:featuredmedia":[{"embeddable":true,"href":"https:\/\/torzokom.com\/ba\/wp-json\/wp\/v2\/media\/5076"}],"wp:attachment":[{"href":"https:\/\/torzokom.com\/ba\/wp-json\/wp\/v2\/media?parent=5074"}],"wp:term":[{"taxonomy":"product_cat","embeddable":true,"href":"https:\/\/torzokom.com\/ba\/wp-json\/wp\/v2\/product_cat?post=5074"},{"taxonomy":"product_tag","embeddable":true,"href":"https:\/\/torzokom.com\/ba\/wp-json\/wp\/v2\/product_tag?post=5074"}],"curies":[{"name":"wp","href":"https:\/\/api.w.org\/{rel}","templated":true}]}}