{"id":5293,"date":"2025-09-10T14:23:57","date_gmt":"2025-09-10T12:23:57","guid":{"rendered":"http:\/\/torzokom.com\/?post_type=product&#038;p=5293"},"modified":"2026-03-13T12:11:58","modified_gmt":"2026-03-13T11:11:58","slug":"gpo-spectra-4x-2-5-10x44","status":"publish","type":"product","link":"https:\/\/torzokom.com\/ba\/proizvod\/gpo-spectra-4x-2-5-10x44\/","title":{"rendered":"GPO Spectra 4X 2.5-10X44 Optika"},"content":{"rendered":"<h2 class=\"otQkpb\" role=\"heading\" aria-level=\"3\" data-complete=\"true\" data-processed=\"true\"><strong class=\"Yjhzub\" data-sfc-cb=\"\" data-complete=\"true\">GPO Spectra 4x 2.5-10&#215;44 \u2013 Savr\u0161en balans snage, te\u017eine i preciznosti<\/strong><\/h2>\n<div role=\"heading\" aria-level=\"3\" data-animation-nesting=\"\" data-sfc-cp=\"\" data-sfc-cb=\"\" data-complete=\"true\" data-processed=\"true\" data-sae=\"\"><\/div>\n<div class=\"Y3BBE\" data-sfc-cp=\"\" data-sfc-cb=\"\" data-hveid=\"CAEIBBAA\" data-complete=\"true\" data-processed=\"true\"><strong class=\"Yjhzub\" data-sfc-cb=\"\" data-complete=\"true\" data-processed=\"true\">GPO Spectra 4x 2.5-10&#215;44<\/strong>\u00a0je opti\u010dki ni\u0161an dizajniran za lovce koji cijene kompaktnost bez \u017ertvovanja opti\u010dkih performansi. Sa objektivom od\u00a0<strong class=\"Yjhzub\" data-sfc-cb=\"\" data-complete=\"true\" data-processed=\"true\">44 mm<\/strong>\u00a0i rasponom uve\u0107anja od\u00a0<strong class=\"Yjhzub\" data-sfc-cb=\"\" data-complete=\"true\" data-processed=\"true\">2.5x do 10x<\/strong>, ova optika je idealno rje\u0161enje za lov prikradanjem (pir\u0161), ali i za precizne pogotke na srednjim udaljenostima. Zahvaljuju\u0107i ultra-laganom dizajnu, va\u0161a lova\u010dka pu\u0161ka ostaje balansirana i laka za no\u0161enje tokom cijelog dana.<span class=\"uJ19be notranslate\" data-wiz-uids=\"jrG4Od_s,jrG4Od_t\" data-sfc-cb=\"\" data-complete=\"true\" data-processed=\"true\"><span class=\"vKEkVd\" data-animation-atomic=\"\" data-wiz-attrbind=\"class=jrG4Od_r\/TKHnVd\" data-sae=\"\"><span aria-hidden=\"true\" aria-owns=\"action-menu-parent-container\">\u00a0<\/span><\/span><\/span><\/div>\n<div data-sfc-cp=\"\" data-sfc-cb=\"\" data-hveid=\"CAEIBBAA\" data-complete=\"true\" data-processed=\"true\"><\/div>\n<div data-sfc-cp=\"\" data-sfc-cb=\"\" data-hveid=\"CAEIBBAA\" data-complete=\"true\" data-processed=\"true\">\n<ul class=\"KsbFXc U6u95\" data-sfc-cb=\"\" data-complete=\"true\" data-processed=\"true\">\n<li class=\"dF3vjf\" data-sfc-cb=\"\" data-hveid=\"CAEIBhAA\" data-complete=\"true\" data-sae=\"\"><span class=\"T286Pc\" data-sfc-cp=\"\" data-sfc-cb=\"\" data-complete=\"true\"><strong class=\"Yjhzub\" data-sfc-cb=\"\" data-complete=\"true\">zuzetna opti\u010dka \u010disto\u0107a:<\/strong>\u00a0Iako kompaktan, ovaj ni\u0161an koristi\u00a0<strong class=\"Yjhzub\" data-sfc-cb=\"\" data-complete=\"true\">GPObright\u2122<\/strong>\u00a0vi\u0161eslojne premaze so\u010diva koji osiguravaju visoku transmisiju svjetlosti, pru\u017eaju\u0107i jasnu i o\u0161tru sliku \u010dak i u sjenovitim \u0161umskim predjelima.<\/span><\/li>\n<li class=\"dF3vjf\" data-sfc-cb=\"\" data-hveid=\"CAEIBhAB\" data-complete=\"true\" data-sae=\"\"><span class=\"T286Pc\" data-sfc-cp=\"\" data-sfc-cb=\"\" data-complete=\"true\"><strong class=\"Yjhzub\" data-sfc-cb=\"\" data-complete=\"true\">\u0160iroko vidno polje:<\/strong>\u00a0Pri minimalnom uve\u0107anju od 2.5x, vidno polje od\u00a0<strong class=\"Yjhzub\" data-sfc-cb=\"\" data-complete=\"true\">14,7 metara na 100 m<\/strong>\u00a0omogu\u0107ava brzo pronala\u017eenje cilja i odli\u010dnu preglednost u gustoj vegetaciji.<\/span><\/li>\n<li class=\"dF3vjf\" data-sfc-cb=\"\" data-hveid=\"CAEIBhAD\" data-complete=\"true\" data-sae=\"\"><span class=\"T286Pc\" data-sfc-cp=\"\" data-sfc-cb=\"\" data-complete=\"true\"><strong class=\"Yjhzub\" data-sfc-cb=\"\" data-complete=\"true\">Ultra-lagana konstrukcija:<\/strong>\u00a0Sa te\u017einom od samo\u00a0<strong class=\"Yjhzub\" data-sfc-cb=\"\" data-complete=\"true\">487 grama<\/strong>, ovaj model je jedan od najlak\u0161ih u svojoj klasi, \u0161to ga \u010dini savr\u0161enim za duge lova\u010dke rute na te\u0161kim terenima.<\/span><\/li>\n<li class=\"dF3vjf\" data-sfc-cb=\"\" data-hveid=\"CAEIBhAE\" data-complete=\"true\" data-sae=\"\"><span class=\"T286Pc\" data-sfc-cp=\"\" data-sfc-cb=\"\" data-complete=\"true\" aria-owns=\"action-menu-parent-container\"><strong class=\"Yjhzub\" data-sfc-cb=\"\" data-complete=\"true\">PASSIONtrac\u2122 Turreti:<\/strong>\u00a0Kupole za pode\u0161avanje (1 klik = 1 cm na 100 m) omogu\u0107avaju brzo resetovanje na &#8220;nulu&#8221; bez upotrebe bilo kakvog alata.<\/span><\/li>\n<\/ul>\n<\/div>","protected":false},"excerpt":{"rendered":"<div class=\"otQkpb\" role=\"heading\" aria-level=\"3\" data-animation-nesting=\"\" data-sfc-cp=\"\" data-sfc-cb=\"\" data-complete=\"true\" data-processed=\"true\" data-sae=\"\"><strong class=\"Yjhzub\" data-sfc-cb=\"\" data-complete=\"true\">GPO Spectra 4x 2.5-10&#215;44 \u2013 Ultra-lagani &#8220;radni konj&#8221; za svaki lov<\/strong><\/div>\n<div role=\"heading\" aria-level=\"3\" data-animation-nesting=\"\" data-sfc-cp=\"\" data-sfc-cb=\"\" data-complete=\"true\" data-processed=\"true\" data-sae=\"\"><\/div>\n<div class=\"Y3BBE\" data-sfc-cp=\"\" data-sfc-cb=\"\" data-hveid=\"CAEIBBAA\" data-complete=\"true\" data-processed=\"true\" aria-owns=\"action-menu-parent-container\"><strong class=\"Yjhzub\" data-sfc-cb=\"\" data-complete=\"true\" data-processed=\"true\">GPO Spectra 4x 2.5-10&#215;44<\/strong>\u00a0je vrhunski opti\u010dki ni\u0161an koji nudi savr\u0161en balans izme\u0111u kompaktne forme i visoke preciznosti. Sa te\u017einom od samo\u00a0<strong class=\"Yjhzub\" data-sfc-cb=\"\" data-complete=\"true\" data-processed=\"true\">487g<\/strong>\u00a0(bez iluminacije), ovaj model je jedan od najlak\u0161ih u svojoj klasi, \u0161to ga \u010dini idealnim izborom za duge lova\u010dke rute i pir\u0161. Zahvaljuju\u0107i\u00a0<strong class=\"Yjhzub\" data-sfc-cb=\"\" data-complete=\"true\" data-processed=\"true\">GPObright\u2122<\/strong>\u00a0premazima i objektivu od 44 mm, dobijate kristalno \u010distu sliku i u uslovima slabije vidljivosti.<\/div>","protected":false},"featured_media":5294,"template":"","meta":[],"product_cat":[106,105],"product_tag":[],"class_list":{"0":"post-5293","1":"product","2":"type-product","3":"status-publish","4":"has-post-thumbnail","6":"product_brand-gpo","7":"product_cat-opticki-nisani","8":"product_cat-optika","10":"first","11":"instock","12":"taxable","13":"shipping-taxable","14":"purchasable","15":"product-type-simple"},"_links":{"self":[{"href":"https:\/\/torzokom.com\/ba\/wp-json\/wp\/v2\/product\/5293","targetHints":{"allow":["GET"]}}],"collection":[{"href":"https:\/\/torzokom.com\/ba\/wp-json\/wp\/v2\/product"}],"about":[{"href":"https:\/\/torzokom.com\/ba\/wp-json\/wp\/v2\/types\/product"}],"version-history":[{"count":3,"href":"https:\/\/torzokom.com\/ba\/wp-json\/wp\/v2\/product\/5293\/revisions"}],"predecessor-version":[{"id":10121,"href":"https:\/\/torzokom.com\/ba\/wp-json\/wp\/v2\/product\/5293\/revisions\/10121"}],"wp:featuredmedia":[{"embeddable":true,"href":"https:\/\/torzokom.com\/ba\/wp-json\/wp\/v2\/media\/5294"}],"wp:attachment":[{"href":"https:\/\/torzokom.com\/ba\/wp-json\/wp\/v2\/media?parent=5293"}],"wp:term":[{"taxonomy":"product_cat","embeddable":true,"href":"https:\/\/torzokom.com\/ba\/wp-json\/wp\/v2\/product_cat?post=5293"},{"taxonomy":"product_tag","embeddable":true,"href":"https:\/\/torzokom.com\/ba\/wp-json\/wp\/v2\/product_tag?post=5293"}],"curies":[{"name":"wp","href":"https:\/\/api.w.org\/{rel}","templated":true}]}}