{"id":5296,"date":"2025-09-10T14:32:11","date_gmt":"2025-09-10T12:32:11","guid":{"rendered":"http:\/\/torzokom.com\/?post_type=product&#038;p=5296"},"modified":"2025-12-10T10:13:25","modified_gmt":"2025-12-10T09:13:25","slug":"aimpoint-red-dot-micro-h2-2moa-cerakota","status":"publish","type":"product","link":"https:\/\/torzokom.com\/ba\/proizvod\/aimpoint-red-dot-micro-h2-2moa-cerakota\/","title":{"rendered":"Aimpoint Red Dot Micro H2 2MOA Cerakota"},"content":{"rendered":"<h2>Aimpoint Red Dot Micro H2 2MOA Cerakota<\/h2>\n<p>Druga generacija Aimpoint Micro crvenog ni\u0161ana ima redizajnirano i oja\u010dano ku\u0107i\u0161te i preklopne poklopce koji \u0161tite so\u010diva. Zahvaljuju\u0107i vrhunskim opti\u010dkim so\u010divima i najsavremenijim premazima so\u010diva, opti\u010dke performanse, kao i oblik i jasno\u0107a crvene ta\u010dke, radikalno su pobolj\u0161ani. Nudi 50.000 sati rada sa jednom baterijom.<\/p>\n<p>Ovo specijalno i ograni\u010deno izdanje modela MICRO H-2 ima narand\u017easti povr\u0161inski premaz Cerakote\u00ae H-Series \u2013 napredni tankoslojni kerami\u010dki premaz koji se potpuno vezuje za telo ni\u0161ana od aluminijumske legure.<\/p>\n<p>Cerakote\u00ae povr\u0161ine su poznate \u0161irom sveta po svojoj otpornosti na koroziju i hemikalije, UV i termi\u010dkoj stabilnosti i izdr\u017eljivosti u ekstremnim uslovima.<\/p>\n<p>MICRO H-2 kombinuje jednostavnost, brzinu, robusnost, preciznost i pouzdanost.<\/p>","protected":false},"excerpt":{"rendered":"<p>Kao prvi izbor za brzinu i preciznost u kompaktnoj refleksnoj optici, Aimpoint\u00ae Micro\u2122 H-2 u\u017eiva poverenje miliona lovaca i sportskih strelaca \u0161irom sveta.<\/p>","protected":false},"featured_media":5297,"template":"","meta":[],"product_cat":[105,176],"product_tag":[],"class_list":{"0":"post-5296","1":"product","2":"type-product","3":"status-publish","4":"has-post-thumbnail","6":"product_brand-aimpoint","7":"product_cat-optika","8":"product_cat-reddot","10":"first","11":"instock","12":"taxable","13":"shipping-taxable","14":"purchasable","15":"product-type-simple"},"_links":{"self":[{"href":"https:\/\/torzokom.com\/ba\/wp-json\/wp\/v2\/product\/5296","targetHints":{"allow":["GET"]}}],"collection":[{"href":"https:\/\/torzokom.com\/ba\/wp-json\/wp\/v2\/product"}],"about":[{"href":"https:\/\/torzokom.com\/ba\/wp-json\/wp\/v2\/types\/product"}],"version-history":[{"count":0,"href":"https:\/\/torzokom.com\/ba\/wp-json\/wp\/v2\/product\/5296\/revisions"}],"wp:featuredmedia":[{"embeddable":true,"href":"https:\/\/torzokom.com\/ba\/wp-json\/wp\/v2\/media\/5297"}],"wp:attachment":[{"href":"https:\/\/torzokom.com\/ba\/wp-json\/wp\/v2\/media?parent=5296"}],"wp:term":[{"taxonomy":"product_cat","embeddable":true,"href":"https:\/\/torzokom.com\/ba\/wp-json\/wp\/v2\/product_cat?post=5296"},{"taxonomy":"product_tag","embeddable":true,"href":"https:\/\/torzokom.com\/ba\/wp-json\/wp\/v2\/product_tag?post=5296"}],"curies":[{"name":"wp","href":"https:\/\/api.w.org\/{rel}","templated":true}]}}