{"id":5301,"date":"2025-09-10T15:44:13","date_gmt":"2025-09-10T13:44:13","guid":{"rendered":"http:\/\/torzokom.com\/?post_type=product&#038;p=5301"},"modified":"2026-04-16T15:01:15","modified_gmt":"2026-04-16T13:01:15","slug":"monokular-termalni-nocpix-bolt-p25r","status":"publish","type":"product","link":"https:\/\/torzokom.com\/ba\/proizvod\/monokular-termalni-nocpix-bolt-p25r\/","title":{"rendered":"Nocpix Bolt P25R Termalni Monokular sa daljinomjerom"},"content":{"rendered":"<h2>Monokular Termalni Nocpix Bolt P25R<\/h2>\n<p>Napravljen za po\u010detnike i profesionalce koji \u017eele jasno\u0107u,i samopouzdanje sve u jednom od prvog dana. BOLT kombinuje o\u0161tru termovizijsku sliku, <strong>ugra\u0111eni<\/strong> <strong>Daljinomjer<\/strong> i pametne alate u kompaktnom, jednostavnom dizajnu \u2014 pru\u017eaju\u0107i novim lovcima upravo ono \u0161to im je potrebno da pametno love i pucaju sa samopouzdanjem. Vidite jasno, precizno identifikujte. Zamu\u0107ene slike i te\u0161ko uo\u010dljivi ciljevi su \u010dest problem za nove korisnike termalnih kamera, posebno u mraku. Zato je BOLT opremljen samorazvijenim termalnim senzorom sa \u226420mK NETD i velikom brzinom kadrova od 50Hz, \u0161to vam pru\u017ea glatke, visokodefinitivne prikaze \u010dak i u te\u0161kim uslovima. Uz podr\u0161ku na\u0161eg Reality+ algoritma za slike, BOLT <strong>probija maglu, \u017ebunje i tamu <\/strong>kako bi pru\u017eio o\u0161tre slike i pouzdanu identifikaciju cilja.<\/p>\n<p><strong> Lagan, fokusiran<\/strong><\/p>\n<p>Kao novi lovac, posebno kada se jo\u0161 uvek navikavate na tiho kretanje i fokusiranje. Zato BOLT stvari odr\u017eava jednostavnim. Te\u017eak samo 880 grama i napravljen sa kompaktnim, aerodinami\u010dnim dizajnom, lak je za no\u0161enje, montiranje i rukovanje, \u010dak i na dugim lovovima.<\/p>\n<p><strong> Poznajte daljinu, lovite sa samopouzdanjem<\/strong><\/p>\n<p>Za nove lovce, procena udaljenosti mo\u017ee biti te\u0161ka, a proma\u0161eni hici mogu poljuljati samopouzdanje. BOLT smanjuje pritisak ugra\u0111enim laserskim daljinomerom od 1200 metara i pametnim balisti\u010dkim kalkulatorom. Mo\u017eete dobiti precizna o\u010ditavanja udaljenosti i trenutnu podr\u0161ku za ni\u0161anjenje, poma\u017eu\u0107i vam da svaki hitac usmerite ta\u010dno tamo gde je najva\u017eniji.<\/p>\n<p><strong>Lovite ceo dan, bez brige o napajanju<\/strong><\/p>\n<p>Pra\u017enjenje baterije usred lova je no\u0107na mora svakog novog lovca. Zato je BOLT napravljen sa dvostrukim sistemom baterija &#8211; <strong>izdr\u017eljivom ugra\u0111enom baterijom od 5000 mAh plus zamenljivom rezervnom baterijom od 18650. <\/strong>Sa ukupnim kapacitetom od 9000 mAh, dobijate do 12 sati neprekidne upotrebe. Bez stresa, bez prekida &#8211; samo snaga koja vas prati, od izlaska do zalaska sunca<\/p>\n<p><strong>Pametna oprema<\/strong><\/p>\n<p>Za po\u010detnike, navikavanje na novu opremu mo\u017ee biti te\u0161ko. BOLT to olak\u0161ava prilagodljivim ni\u0161anima, podesivim pode\u0161avanjima ga\u0111anja i sedam paleta boja koje odgovaraju razli\u010ditim okru\u017eenjima. Pored toga, besprekorna povezanost sa aplikacijama vam omogu\u0107ava da personalizujete pode\u0161avanje i delite svoje avanture, \u010dine\u0107i svaki lov ne samo pametnijim, ve\u0107 i zabavnijim i korisnijim.<\/p>\n<p><strong>\u010cvrst dizajn,pouzdane performanse<\/strong><\/p>\n<p>Kada tek po\u010dinjete, poslednja stvar o kojoj \u017eelite da brinete je kvar opreme na terenu. BOLT je napravljen \u010dvrsto sa jakim, jednodelnim aluminijumskim ku\u0107i\u0161tem i otporno\u0161\u0107u na pra\u0161inu i vodu IP67. Testiran je da izdr\u017ei padove i jak trzaj, tako da ostaje pouzdan i precizan bez obzira na te\u0161ke uslove.<\/p>","protected":false},"excerpt":{"rendered":"<p>Monokular Termalni Nocpix Bolt P25R Napravljen za po\u010detnike i profesionalce koji \u017eele jasno\u0107u,i samopouzdanje sve u jednom od prvog dana. BOLT kombinuje o\u0161tru termovizijsku sliku, ugra\u0111eni Daljinomjer i pametne alate u kompaktnom, jednostavnom dizajnu \u2014 pru\u017eaju\u0107i novim lovcima upravo ono \u0161to im je potrebno da pametno love i pucaju sa samopouzdanjem. Vidite jasno, precizno identifikujte. [&hellip;]<\/p>\n","protected":false},"featured_media":5304,"template":"","meta":[],"product_cat":[109,177],"product_tag":[],"class_list":{"0":"post-5301","1":"product","2":"type-product","3":"status-publish","4":"has-post-thumbnail","6":"product_brand-nocpix","7":"product_cat-monokulari","8":"product_cat-termalni-uredjaji","10":"first","11":"outofstock","12":"taxable","13":"shipping-taxable","14":"purchasable","15":"product-type-simple"},"_links":{"self":[{"href":"https:\/\/torzokom.com\/ba\/wp-json\/wp\/v2\/product\/5301","targetHints":{"allow":["GET"]}}],"collection":[{"href":"https:\/\/torzokom.com\/ba\/wp-json\/wp\/v2\/product"}],"about":[{"href":"https:\/\/torzokom.com\/ba\/wp-json\/wp\/v2\/types\/product"}],"version-history":[{"count":1,"href":"https:\/\/torzokom.com\/ba\/wp-json\/wp\/v2\/product\/5301\/revisions"}],"predecessor-version":[{"id":10205,"href":"https:\/\/torzokom.com\/ba\/wp-json\/wp\/v2\/product\/5301\/revisions\/10205"}],"wp:featuredmedia":[{"embeddable":true,"href":"https:\/\/torzokom.com\/ba\/wp-json\/wp\/v2\/media\/5304"}],"wp:attachment":[{"href":"https:\/\/torzokom.com\/ba\/wp-json\/wp\/v2\/media?parent=5301"}],"wp:term":[{"taxonomy":"product_cat","embeddable":true,"href":"https:\/\/torzokom.com\/ba\/wp-json\/wp\/v2\/product_cat?post=5301"},{"taxonomy":"product_tag","embeddable":true,"href":"https:\/\/torzokom.com\/ba\/wp-json\/wp\/v2\/product_tag?post=5301"}],"curies":[{"name":"wp","href":"https:\/\/api.w.org\/{rel}","templated":true}]}}