{"id":5302,"date":"2025-09-10T15:54:09","date_gmt":"2025-09-10T13:54:09","guid":{"rendered":"http:\/\/torzokom.com\/?post_type=product&#038;p=5302"},"modified":"2026-03-12T14:51:08","modified_gmt":"2026-03-12T13:51:08","slug":"gpo-spectra-dot-crvena-tacka","status":"publish","type":"product","link":"https:\/\/torzokom.com\/ba\/proizvod\/gpo-spectra-dot-crvena-tacka\/","title":{"rendered":"GPO Spectra Dot Crvena Tacka"},"content":{"rendered":"<div data-sfc-cp=\"\" data-sfc-cb=\"\" data-hveid=\"CAUQAA\" data-complete=\"true\" data-processed=\"true\">\n<h2 class=\"otQkpb\" role=\"heading\" aria-level=\"3\" data-complete=\"true\" data-processed=\"true\">GPO SPECTRA\u00a0 Dot \u2013 Vrhunska Preciznost i Pouzdanost<\/h2>\n<\/div>\n<div class=\"Y3BBE\" data-sfc-cp=\"\" data-sfc-cb=\"\" data-hveid=\"CAUQAA\" data-complete=\"true\" data-processed=\"true\">\n<p><strong class=\"Yjhzub\" data-sfc-cb=\"\" data-complete=\"true\" data-processed=\"true\">GPO SPECTRA\u2122 Dot<\/strong>\u00a0je kompaktni ni\u0161an sa crvenom ta\u010dkom (red dot) dizajniran da zadovolji najvi\u0161e standarde modernog lova i sportskog strelja\u0161tva. Bez obzira na to da li se bavite brzim ga\u0111anjem u pokretu ili vam je potrebna maksimalna preciznost na terenu, ovaj ni\u0161an pru\u017ea kristalno jasnu sliku i trenutno pronala\u017eenje cilja.<span class=\"uJ19be notranslate\" data-wiz-uids=\"lX1OJe_p,lX1OJe_q\" data-sfc-cb=\"\" data-complete=\"true\" data-processed=\"true\"><span class=\"vKEkVd\" data-animation-atomic=\"\" data-wiz-attrbind=\"class=lX1OJe_o\/TKHnVd\" data-sae=\"\"><span aria-hidden=\"true\">\u00a0<\/span><\/span><\/span><\/p>\n<div class=\"Fwa2Od\" data-animation-skip=\"\" data-sfc-cb=\"\" data-ved=\"2ahUKEwi29_yTvpqTAxXF9wIHHXazMq8Q3s0SegQIBRAC\" data-complete=\"true\"><\/div>\n<\/div>\n<div class=\"Fsg96\" data-sfc-cp=\"\" data-sfc-cb=\"\" data-complete=\"true\" data-processed=\"true\"><\/div>\n<div class=\"otQkpb\" role=\"heading\" aria-level=\"3\" data-animation-nesting=\"\" data-sfc-cp=\"\" data-sfc-cb=\"\" data-complete=\"true\" data-processed=\"true\" data-sae=\"\">Klju\u010dne prednosti:<\/div>\n<ul class=\"KsbFXc U6u95\" data-sfc-cb=\"\" data-complete=\"true\" data-processed=\"true\">\n<li class=\"dF3vjf\" data-sfc-cb=\"\" data-hveid=\"CAcQAA\" data-complete=\"true\" data-sae=\"\"><span class=\"T286Pc\" data-sfc-cp=\"\" data-sfc-cb=\"\" data-complete=\"true\"><strong class=\"Yjhzub\" data-sfc-cb=\"\" data-complete=\"true\">Izuzetna energetska efikasnost:<\/strong>\u00a0Zahvaljuju\u0107i naprednom upravljanju energijom, trajanje baterije (CR 2032) iznosi do\u00a0<strong class=\"Yjhzub\" data-sfc-cb=\"\" data-complete=\"true\">50.000 sati<\/strong>.<\/span><\/li>\n<li class=\"dF3vjf\" data-sfc-cb=\"\" data-hveid=\"CAcQAQ\" data-complete=\"true\" data-sae=\"\"><span class=\"T286Pc\" data-sfc-cp=\"\" data-sfc-cb=\"\" data-complete=\"true\"><strong class=\"Yjhzub\" data-sfc-cb=\"\" data-complete=\"true\">Prilagodljivost svim uslovima:<\/strong>\u00a0Sa\u00a0<strong class=\"Yjhzub\" data-sfc-cb=\"\" data-complete=\"true\">11 nivoa osvetljenosti<\/strong>\u00a0(6 dnevnih i 5 no\u0107nih pode\u0161avanja), ta\u010dka od\u00a0<strong class=\"Yjhzub\" data-sfc-cb=\"\" data-complete=\"true\">3 MOA<\/strong>\u00a0ostaje savr\u0161eno vidljiva \u010dak i pri jakom dnevnom svetlu, dok je na ni\u017eim nivoima kompatibilna sa ure\u0111ajima za no\u0107no osmatranje.<\/span><\/li>\n<li class=\"dF3vjf\" data-sfc-cb=\"\" data-hveid=\"CAcQAg\" data-complete=\"true\" data-sae=\"\"><span class=\"T286Pc\" data-sfc-cp=\"\" data-sfc-cb=\"\" data-complete=\"true\"><strong class=\"Yjhzub\" data-sfc-cb=\"\" data-complete=\"true\">Robusna izrada:<\/strong>\u00a0Ku\u0107i\u0161te od visokokvalitetnog aluminijuma je potpuno vodootporno (<strong class=\"Yjhzub\" data-sfc-cb=\"\" data-complete=\"true\">IPX7 standard<\/strong>) i otporno na udarce, \u0161to garantuje pouzdanost u najte\u017eim terenskim uslovima.<\/span><\/li>\n<li class=\"dF3vjf\" data-sfc-cb=\"\" data-hveid=\"CAcQAw\" data-complete=\"true\" data-sae=\"\"><span class=\"T286Pc\" data-sfc-cp=\"\" data-sfc-cb=\"\" data-complete=\"true\" aria-owns=\"action-menu-parent-container\"><strong class=\"Yjhzub\" data-sfc-cb=\"\" data-complete=\"true\">Jednostavna monta\u017ea:<\/strong>\u00a0Dolazi sa integrisanim nosa\u010dem za\u00a0<strong class=\"Yjhzub\" data-sfc-cb=\"\" data-complete=\"true\">Weaver i Picatinny<\/strong>\u00a0\u0161ine, \u0161to omogu\u0107ava brzu i laku instalaciju na razli\u010dite tipove oru\u017eja.<\/span><\/li>\n<\/ul>","protected":false},"excerpt":{"rendered":"<div class=\"Y3BBE\" data-sfc-cp=\"\" data-sfc-cb=\"\" data-hveid=\"CAEIBBAA\" data-complete=\"true\" data-processed=\"true\"><strong class=\"Yjhzub\" data-sfc-cb=\"\" data-complete=\"true\" data-processed=\"true\">GPO SPECTRA Dot<\/strong>\u00a0je vrhunski ni\u0161an sa crvenom ta\u010dkom nema\u010dkog in\u017eenjeringa, dizajniran za maksimalnu brzinu i preciznost. Sa trajanjem baterije do\u00a0<strong class=\"Yjhzub\" data-sfc-cb=\"\" data-complete=\"true\" data-processed=\"true\">50.000 sati<\/strong>\u00a0i\u00a0<strong class=\"Yjhzub\" data-sfc-cb=\"\" data-complete=\"true\" data-processed=\"true\">11 nivoa osvetljenosti<\/strong> (uklju\u010duju\u0107i no\u0107ni re\u017eim), ovaj ni\u0161an je spreman za sve uslove lova i sportskog strelja\u0161tva.<\/div>\n<div data-sfc-cp=\"\" data-sfc-cb=\"\" data-hveid=\"CAEIBBAA\" data-complete=\"true\" data-processed=\"true\"><\/div>\n<ul class=\"KsbFXc U6u95\" data-sfc-cb=\"\" data-complete=\"true\" data-processed=\"true\">\n<li class=\"dF3vjf\" data-sfc-cb=\"\" data-hveid=\"CAEIBRAA\" data-complete=\"true\" data-sae=\"\"><span class=\"T286Pc\" data-sfc-cp=\"\" data-sfc-cb=\"\" data-complete=\"true\"><strong class=\"Yjhzub\" data-sfc-cb=\"\" data-complete=\"true\">Veli\u010dina ta\u010dke:<\/strong>\u00a03 MOA za savr\u0161en balans brzine i preciznosti.<\/span><\/li>\n<li class=\"dF3vjf\" data-sfc-cb=\"\" data-hveid=\"CAEIBRAB\" data-complete=\"true\" data-sae=\"\"><span class=\"T286Pc\" data-sfc-cp=\"\" data-sfc-cb=\"\" data-complete=\"true\"><strong class=\"Yjhzub\" data-sfc-cb=\"\" data-complete=\"true\">Izdr\u017eljivost:<\/strong>\u00a0Potpuno vodootporan (IPX7) i otporan na jake trzaje.<\/span><\/li>\n<li class=\"dF3vjf\" data-sfc-cb=\"\" data-hveid=\"CAEIBRAC\" data-complete=\"true\" data-sae=\"\"><span class=\"T286Pc\" data-sfc-cp=\"\" data-sfc-cb=\"\" data-complete=\"true\"><strong class=\"Yjhzub\" data-sfc-cb=\"\" data-complete=\"true\">Lagana konstrukcija:<\/strong>\u00a0Te\u017eina od samo 103 g ne naru\u0161ava balans va\u0161eg oru\u017eja.<\/span><\/li>\n<li class=\"dF3vjf\" data-sfc-cb=\"\" data-hveid=\"CAEIBRAD\" data-complete=\"true\" data-sae=\"\"><span class=\"T286Pc\" data-sfc-cp=\"\" data-sfc-cb=\"\" data-complete=\"true\"><strong class=\"Yjhzub\" data-sfc-cb=\"\" data-complete=\"true\">Spreman za monta\u017eu:<\/strong> Dolazi sa integrisanim Weaver\/Picatinny nosa\u010dem.<\/span><\/li>\n<\/ul>\n<div class=\"Fsg96\" data-sfc-cp=\"\" data-sfc-cb=\"\" data-complete=\"true\" data-processed=\"true\"><\/div>\n<hr class=\"j3tEEe\" data-sfc-pl=\"|[]\" data-sfc-cb=\"\" data-complete=\"true\" data-processed=\"true\" data-sae=\"\" \/>","protected":false},"featured_media":5303,"template":"","meta":[],"product_cat":[105,176],"product_tag":[],"class_list":{"0":"post-5302","1":"product","2":"type-product","3":"status-publish","4":"has-post-thumbnail","6":"product_brand-gpo","7":"product_cat-optika","8":"product_cat-reddot","10":"first","11":"instock","12":"taxable","13":"shipping-taxable","14":"purchasable","15":"product-type-simple"},"_links":{"self":[{"href":"https:\/\/torzokom.com\/ba\/wp-json\/wp\/v2\/product\/5302","targetHints":{"allow":["GET"]}}],"collection":[{"href":"https:\/\/torzokom.com\/ba\/wp-json\/wp\/v2\/product"}],"about":[{"href":"https:\/\/torzokom.com\/ba\/wp-json\/wp\/v2\/types\/product"}],"version-history":[{"count":3,"href":"https:\/\/torzokom.com\/ba\/wp-json\/wp\/v2\/product\/5302\/revisions"}],"predecessor-version":[{"id":10097,"href":"https:\/\/torzokom.com\/ba\/wp-json\/wp\/v2\/product\/5302\/revisions\/10097"}],"wp:featuredmedia":[{"embeddable":true,"href":"https:\/\/torzokom.com\/ba\/wp-json\/wp\/v2\/media\/5303"}],"wp:attachment":[{"href":"https:\/\/torzokom.com\/ba\/wp-json\/wp\/v2\/media?parent=5302"}],"wp:term":[{"taxonomy":"product_cat","embeddable":true,"href":"https:\/\/torzokom.com\/ba\/wp-json\/wp\/v2\/product_cat?post=5302"},{"taxonomy":"product_tag","embeddable":true,"href":"https:\/\/torzokom.com\/ba\/wp-json\/wp\/v2\/product_tag?post=5302"}],"curies":[{"name":"wp","href":"https:\/\/api.w.org\/{rel}","templated":true}]}}