{"id":5307,"date":"2025-09-10T15:59:49","date_gmt":"2025-09-10T13:59:49","guid":{"rendered":"http:\/\/torzokom.com\/?post_type=product&#038;p=5307"},"modified":"2025-10-26T22:45:23","modified_gmt":"2025-10-26T21:45:23","slug":"mauser-sjekirica","status":"publish","type":"product","link":"https:\/\/torzokom.com\/ba\/proizvod\/mauser-sjekirica\/","title":{"rendered":"Mauser Sjekirica"},"content":{"rendered":"<h2>Mauser Sjekirica<\/h2>\n<div class=\"central-inner sm:pb-lg hide\">\n<p>Bilo da uklanjate grane koje vam blokiraju put ili cepate drvo, zgodna originalna sekira MAUSER sa kompaktnom du\u017einom od 23,2 cm je zgodan pomo\u0107nik za sve aktivnosti na otvorenom. Ravna strana sekire se tako\u0111e mo\u017ee koristiti za zabijanje eksera. Glava sekire je napravljena od izdr\u017eljivog D2 \u010delika \u2013 ner\u0111aju\u0107eg \u010delika, sa dobrim zadr\u017eavanjem ivica i lako se o\u0161tri. Kratka sinteti\u010dka ru\u010dka klasi\u010dnog MAUSER dizajna obezbe\u0111uje udoban i \u010dvrst hvat.<\/p>\n<p>Sekira se mo\u017ee \u010duvati u isporu\u010denom platnenom omota\u010du.<\/p>\n<p>Robusna, izdr\u017eljiva i laka za dr\u017eanje \u2013 nezaobilazna za svakog entuzijasta na otvorenom!<\/p>\n<\/div>","protected":false},"excerpt":{"rendered":"<p>Mauser Sjekirica Bilo da uklanjate grane koje vam blokiraju put ili cepate drvo, zgodna originalna sekira MAUSER sa kompaktnom du\u017einom od 23,2 cm je zgodan pomo\u0107nik za sve aktivnosti na otvorenom. Ravna strana sekire se tako\u0111e mo\u017ee koristiti za zabijanje eksera. Glava sekire je napravljena od izdr\u017eljivog D2 \u010delika \u2013 ner\u0111aju\u0107eg \u010delika, sa dobrim zadr\u017eavanjem [&hellip;]<\/p>\n","protected":false},"featured_media":5308,"template":"","meta":[],"product_cat":[83,47],"product_tag":[],"class_list":{"0":"post-5307","1":"product","2":"type-product","3":"status-publish","4":"has-post-thumbnail","6":"product_brand-mauser","7":"product_cat-dodatna-oprema","8":"product_cat-nozevi","10":"first","11":"instock","12":"taxable","13":"shipping-taxable","14":"purchasable","15":"product-type-simple"},"_links":{"self":[{"href":"https:\/\/torzokom.com\/ba\/wp-json\/wp\/v2\/product\/5307","targetHints":{"allow":["GET"]}}],"collection":[{"href":"https:\/\/torzokom.com\/ba\/wp-json\/wp\/v2\/product"}],"about":[{"href":"https:\/\/torzokom.com\/ba\/wp-json\/wp\/v2\/types\/product"}],"version-history":[{"count":0,"href":"https:\/\/torzokom.com\/ba\/wp-json\/wp\/v2\/product\/5307\/revisions"}],"wp:featuredmedia":[{"embeddable":true,"href":"https:\/\/torzokom.com\/ba\/wp-json\/wp\/v2\/media\/5308"}],"wp:attachment":[{"href":"https:\/\/torzokom.com\/ba\/wp-json\/wp\/v2\/media?parent=5307"}],"wp:term":[{"taxonomy":"product_cat","embeddable":true,"href":"https:\/\/torzokom.com\/ba\/wp-json\/wp\/v2\/product_cat?post=5307"},{"taxonomy":"product_tag","embeddable":true,"href":"https:\/\/torzokom.com\/ba\/wp-json\/wp\/v2\/product_tag?post=5307"}],"curies":[{"name":"wp","href":"https:\/\/api.w.org\/{rel}","templated":true}]}}