{"id":5309,"date":"2025-09-10T16:11:02","date_gmt":"2025-09-10T14:11:02","guid":{"rendered":"http:\/\/torzokom.com\/?post_type=product&#038;p=5309"},"modified":"2026-03-12T13:55:16","modified_gmt":"2026-03-12T12:55:16","slug":"gpo-spectra-4x-4-16x50i-optika","status":"publish","type":"product","link":"https:\/\/torzokom.com\/ba\/proizvod\/gpo-spectra-4x-4-16x50i-optika\/","title":{"rendered":"GPO Spectra 4x 4-16x50i"},"content":{"rendered":"<h2>GPO Spectra 4x 4-16x50i<\/h2>\n<div class=\"Y3BBE\" data-sfc-cp=\"\" data-sfc-cb=\"\" data-hveid=\"CAEICRAA\" data-complete=\"true\" data-processed=\"true\">\n<div class=\"Y3BBE\" data-sfc-cp=\"\" data-sfc-cb=\"\" data-hveid=\"CAEICRAA\" data-complete=\"true\" data-processed=\"true\"><strong class=\"Yjhzub\" data-sfc-cb=\"\" data-complete=\"true\" data-processed=\"true\">Vrhunska vidljivost u sumrak<\/strong><br data-sfc-pl=\"|[]\" data-sfc-cb=\"\" data-complete=\"true\" data-processed=\"true\" \/>GPO SPECTRA 4-16x50i posjeduje veliki objektiv koji sakuplja maksimalnu svjetlost. To omogu\u0107ava jasnu sliku u zoru ili kasni sumrak.<\/div>\n<div data-sfc-cp=\"\" data-sfc-cb=\"\" data-hveid=\"CAEICRAA\" data-complete=\"true\" data-processed=\"true\"><\/div>\n<div class=\"Y3BBE\" data-sfc-cp=\"\" data-sfc-cb=\"\" data-hveid=\"CAEIChAA\" data-complete=\"true\" data-processed=\"true\"><strong class=\"Yjhzub\" data-sfc-cb=\"\" data-complete=\"true\" data-processed=\"true\">Preciznost na velikim udaljenostima<\/strong><br data-sfc-pl=\"|[]\" data-sfc-cb=\"\" data-complete=\"true\" data-processed=\"true\" \/>Raspon uve\u0107anja od 4x do 16x nudi odli\u010dan balans. Na 4x pratite cilj u pokretu, dok 16x uve\u0107anje slu\u017ei za precizne pogotke na distanci.<\/div>\n<div data-sfc-cp=\"\" data-sfc-cb=\"\" data-hveid=\"CAEIChAA\" data-complete=\"true\" data-processed=\"true\"><\/div>\n<div class=\"Y3BBE\" data-sfc-cp=\"\" data-sfc-cb=\"\" data-hveid=\"CAEICxAA\" data-complete=\"true\" data-processed=\"true\"><strong class=\"Yjhzub\" data-sfc-cb=\"\" data-complete=\"true\" data-processed=\"true\">iControl\u2122 Pametno osvjetljenje<\/strong><br data-sfc-pl=\"|[]\" data-sfc-cb=\"\" data-complete=\"true\" data-processed=\"true\" \/>Fina crvena ta\u010dka minimalno pokriva cilj.\u00a0<strong class=\"Yjhzub\" data-sfc-cb=\"\" data-complete=\"true\" data-processed=\"true\">iControl\u2122 tehnologija<\/strong> automatski gasi osvjetljenje nakon 3 sata neaktivnosti radi \u0161tednje baterije.<\/div>\n<div data-sfc-cp=\"\" data-sfc-cb=\"\" data-hveid=\"CAEICxAA\" data-complete=\"true\" data-processed=\"true\"><\/div>\n<div class=\"Y3BBE\" data-sfc-cp=\"\" data-sfc-cb=\"\" data-hveid=\"CAEIDBAA\" data-complete=\"true\" data-processed=\"true\" aria-owns=\"action-menu-parent-container\"><strong class=\"Yjhzub\" data-sfc-cb=\"\" data-complete=\"true\" data-processed=\"true\">Izdr\u017eljiva i lagana konstrukcija<\/strong><br data-sfc-pl=\"|[]\" data-sfc-cb=\"\" data-complete=\"true\" data-processed=\"true\" \/>Ku\u0107i\u0161te je izra\u0111eno od jednog komada avionskog aluminija. Ni\u0161an je punjen azotom protiv magljenja i potpuno je vodootporan za sve terene.<\/div>\n<\/div>\n<p>&nbsp;<\/p>","protected":false},"excerpt":{"rendered":"<div class=\"Y3BBE\" data-sfc-cp=\"\" data-sfc-cb=\"\" data-hveid=\"CAEIBRAA\" data-complete=\"true\" data-processed=\"true\">\n<div class=\"Y3BBE\" data-sfc-cp=\"\" data-sfc-cb=\"\" data-hveid=\"CAEIBRAA\" data-complete=\"true\" data-processed=\"true\"><strong class=\"Yjhzub\" data-sfc-cb=\"\" data-complete=\"true\" data-processed=\"true\">GPO SPECTRA 4x 4-16x50i<\/strong> je vrhunski opti\u010dki ni\u0161an za lov i precizno ga\u0111anje. Sa objektivom od 50mm i G4i kon\u010danicom, nudi savr\u0161enu vidljivost u sumrak.<\/div>\n<div data-sfc-cp=\"\" data-sfc-cb=\"\" data-hveid=\"CAEIBRAA\" data-complete=\"true\" data-processed=\"true\"><\/div>\n<div class=\"Y3BBE\" data-sfc-cp=\"\" data-sfc-cb=\"\" data-hveid=\"CAEIBhAA\" data-complete=\"true\" data-processed=\"true\" aria-owns=\"action-menu-parent-container\">Njema\u010dki dizajn spaja uve\u0107anje od 16x sa laganim ku\u0107i\u0161tem. Idealan je izbor za lovce koji tra\u017ee pouzdanost i hirur\u0161ku preciznost na daljinu.<\/div>\n<\/div>","protected":false},"featured_media":5310,"template":"","meta":[],"product_cat":[105,106],"product_tag":[],"class_list":{"0":"post-5309","1":"product","2":"type-product","3":"status-publish","4":"has-post-thumbnail","6":"product_brand-gpo","7":"product_cat-optika","8":"product_cat-opticki-nisani","10":"first","11":"instock","12":"taxable","13":"shipping-taxable","14":"purchasable","15":"product-type-simple"},"_links":{"self":[{"href":"https:\/\/torzokom.com\/ba\/wp-json\/wp\/v2\/product\/5309","targetHints":{"allow":["GET"]}}],"collection":[{"href":"https:\/\/torzokom.com\/ba\/wp-json\/wp\/v2\/product"}],"about":[{"href":"https:\/\/torzokom.com\/ba\/wp-json\/wp\/v2\/types\/product"}],"version-history":[{"count":2,"href":"https:\/\/torzokom.com\/ba\/wp-json\/wp\/v2\/product\/5309\/revisions"}],"predecessor-version":[{"id":10083,"href":"https:\/\/torzokom.com\/ba\/wp-json\/wp\/v2\/product\/5309\/revisions\/10083"}],"wp:featuredmedia":[{"embeddable":true,"href":"https:\/\/torzokom.com\/ba\/wp-json\/wp\/v2\/media\/5310"}],"wp:attachment":[{"href":"https:\/\/torzokom.com\/ba\/wp-json\/wp\/v2\/media?parent=5309"}],"wp:term":[{"taxonomy":"product_cat","embeddable":true,"href":"https:\/\/torzokom.com\/ba\/wp-json\/wp\/v2\/product_cat?post=5309"},{"taxonomy":"product_tag","embeddable":true,"href":"https:\/\/torzokom.com\/ba\/wp-json\/wp\/v2\/product_tag?post=5309"}],"curies":[{"name":"wp","href":"https:\/\/api.w.org\/{rel}","templated":true}]}}