{"id":5314,"date":"2025-09-10T16:57:10","date_gmt":"2025-09-10T14:57:10","guid":{"rendered":"http:\/\/torzokom.com\/?post_type=product&#038;p=5314"},"modified":"2026-04-17T01:47:40","modified_gmt":"2026-04-16T23:47:40","slug":"monokular-termalni-nocpix-ace-l35","status":"publish","type":"product","link":"https:\/\/torzokom.com\/ba\/proizvod\/monokular-termalni-nocpix-ace-l35\/","title":{"rendered":"Nocpix Ace L35 Termalni Monokular"},"content":{"rendered":"<h2>Monokular Termalni Nocpix Ace L35<\/h2>\n<p>Predstavljamo ACE seriju, dizajniran za sva lova\u010dka okru\u017eenja. Poseduje samorazvijeni termalni senzor visoke rezolucije, integrisani LRF i napredne Realiti+ i Vision+ sisteme. Omogu\u0107ite neuporediv kvalitet slike i vrhunske performanse.<\/p>\n<p>Vrhunski senzor osigurava izvrsnost<\/p>\n<p>Opremljen Gen-2 HD termi\u010dkim senzorom koji nudi rezoluciju do 1280\u00d71024 i brzinu kadrova do 60Hz, ACE pru\u017ea stabilne performanse sa NETD\u226415mK. Ovo mu omogu\u0107ava da detektuje \u010dak i najmanje temperaturne varijacije, isporu\u010duju\u0107i izuzetno detaljne i glatke termalne slike, \u010dak i kada prati plen koji se brzo kre\u0107e.<\/p>\n<p>Pobolj\u0161ana jasno\u0107a sa ve\u0107im so\u010divom<\/p>\n<p>ACE serija ima so\u010diva od 60 mm\/F1.0 ili 50 mm\/F0.9. Ve\u0107e so\u010divo objektiva omogu\u0107ava 20% vi\u0161e svetlosti da dopre do senzora. Zajedno sa elementima so\u010diva sa visokim propustom, generi\u0161e svetlije i jasnije slike.<\/p>\n<p>Lako otkrivanje na daljinu<\/p>\n<p>ACE L35 ima impresivan domet detekcije do 1800 metara. Ova sposobnost omogu\u0107ava jasnu identifikaciju udaljenih ciljeva, pru\u017eaju\u0107i zna\u010dajnu prednost za lov na velike udaljenosti.<\/p>\n<p>Realiti+ Imaging Enhancement<\/p>\n<p>Na\u0161 algoritam za obradu slike Realiti+ efikasno elimini\u0161e temperaturni \u0161um okoline, pobolj\u0161avaju\u0107i kontrast i jasno\u0107u detalja.<\/p>\n<p>Novi sistem Vision+ sa okularnim zumom<\/p>\n<p>Novi Vision+ sistem ima okrugli AMOLED ekran od 1,03 in\u010da, 2560\u00d72560 i vode\u0107i o\u010dni zum za direktno opti\u010dko uve\u0107anje. Za razliku od tradicionalnog e-zuma, on spre\u010dava zamu\u0107enje i izobli\u010denje u krupnim planovima. U\u017eivajte u slikama visoke rezolucije i \u0161irem vidnom polju za impresivno i udobno iskustvo posmatranja.<\/p>\n<p>ACE koristi sistem sa dve baterije sa ugra\u0111enom baterijom od 4000 mAh i dodatnom zamenljivom baterijom 18650. Ova postavka ispunjava zahteve dugotrajnog lova na otvorenom.<\/p>\n<p>ACE uklju\u010duje osnovne karakteristike za scenarije lova kao \u0161to su balisti\u010dki prora\u010duni, automatsko ga\u0161enje ekrana, snimanje videa aktiviranim trzajem i dizajn bez zatvara\u010da, \u010dine\u0107i savr\u0161en lov ostvarljivim.<\/p>\n<p>Dizajn pogodan za upotrebu na otvorenom<\/p>\n<p>ACE uklju\u010duje promi\u0161ljene funkcije kao \u0161to su pode\u0161avanje fokusa, poklopac za punjenje i funkcija galerije za direktnu reprodukciju video zapisa, zna\u010dajno pove\u0107avaju\u0107i udobnost korisnika.<\/p>\n<p>Rigorozno testiranje i visoka izdr\u017eljivost<\/p>\n<p>Izra\u0111en od legure aluminijuma visoke \u010dvrsto\u0107e, ACE se podvrgava rigoroznom testiranju otpornosti na udar, osiguravaju\u0107i izuzetnu robusnost i izdr\u017eljivost u godinama koje dolaze.<\/p>","protected":false},"excerpt":{"rendered":"<p>Monokular Termalni Nocpix Ace L35 Predstavljamo ACE seriju, dizajniran za sva lova\u010dka okru\u017eenja. Poseduje samorazvijeni termalni senzor visoke rezolucije, integrisani LRF i napredne Realiti+ i Vision+ sisteme. Omogu\u0107ite neuporediv kvalitet slike i vrhunske performanse. Vrhunski senzor osigurava izvrsnost Opremljen Gen-2 HD termi\u010dkim senzorom koji nudi rezoluciju do 1280\u00d71024 i brzinu kadrova do 60Hz, ACE pru\u017ea [&hellip;]<\/p>\n","protected":false},"featured_media":5315,"template":"","meta":[],"product_cat":[109,177],"product_tag":[],"class_list":{"0":"post-5314","1":"product","2":"type-product","3":"status-publish","4":"has-post-thumbnail","6":"product_brand-nocpix","7":"product_cat-monokulari","8":"product_cat-termalni-uredjaji","10":"first","11":"instock","12":"sale","13":"taxable","14":"shipping-taxable","15":"purchasable","16":"product-type-simple"},"_links":{"self":[{"href":"https:\/\/torzokom.com\/ba\/wp-json\/wp\/v2\/product\/5314","targetHints":{"allow":["GET"]}}],"collection":[{"href":"https:\/\/torzokom.com\/ba\/wp-json\/wp\/v2\/product"}],"about":[{"href":"https:\/\/torzokom.com\/ba\/wp-json\/wp\/v2\/types\/product"}],"version-history":[{"count":2,"href":"https:\/\/torzokom.com\/ba\/wp-json\/wp\/v2\/product\/5314\/revisions"}],"predecessor-version":[{"id":10216,"href":"https:\/\/torzokom.com\/ba\/wp-json\/wp\/v2\/product\/5314\/revisions\/10216"}],"wp:featuredmedia":[{"embeddable":true,"href":"https:\/\/torzokom.com\/ba\/wp-json\/wp\/v2\/media\/5315"}],"wp:attachment":[{"href":"https:\/\/torzokom.com\/ba\/wp-json\/wp\/v2\/media?parent=5314"}],"wp:term":[{"taxonomy":"product_cat","embeddable":true,"href":"https:\/\/torzokom.com\/ba\/wp-json\/wp\/v2\/product_cat?post=5314"},{"taxonomy":"product_tag","embeddable":true,"href":"https:\/\/torzokom.com\/ba\/wp-json\/wp\/v2\/product_tag?post=5314"}],"curies":[{"name":"wp","href":"https:\/\/api.w.org\/{rel}","templated":true}]}}