{"id":5316,"date":"2025-09-10T17:31:37","date_gmt":"2025-09-10T15:31:37","guid":{"rendered":"http:\/\/torzokom.com\/?post_type=product&#038;p=5316"},"modified":"2026-04-15T11:57:29","modified_gmt":"2026-04-15T09:57:29","slug":"monokular-termalni-nocpix-lumi-p13","status":"publish","type":"product","link":"https:\/\/torzokom.com\/ba\/proizvod\/monokular-termalni-nocpix-lumi-p13\/","title":{"rendered":"Nocpix Lumi P13 Termalni Monokular"},"content":{"rendered":"<h2>Monokular Termalni Nocpix Lumi P13<\/h2>\n<p>Lumi serija ostavlja sna\u017ean prvi utisak svojim kompaktnim, mini ku\u0107i\u0161tem i vrhunskim mogu\u0107nostima. Sa tehnologijom senzora razvijenom u kompaniji i naprednim Realiti+ AI algoritmima slike, pru\u017ea izuzetan kvalitet slike koji se isti\u010de u svojoj klasi. Ure\u0111aj je neverovatno zgodan za no\u0161enje i upotrebu, mo\u017ee se pohvaliti prenosivom veli\u010dinom \u010dak i manjom od mobilnog telefona. Samorazvijeni senzor pru\u017ea stabilne i izvanredne performanse, sa NETD\u226418mK, garantuju\u0107i superiornu sliku u te\u0161kim uslovima.<\/p>\n<p>F0.9 so\u010divo omogu\u0107ava da svetlost dose\u017ee 20% vi\u0161e u pore\u0111enju sa obi\u010dnim F1.0 so\u010divom, stvaraju\u0107i svetlije i jasnije slike.Najnoviji algoritmi za pobolj\u0161anje slike Realiti+ mogu efikasno pobolj\u0161ati kvalitet slike i ukloniti \u0161um, osloba\u0111aju\u0107i puni potencijal termalnog senzora.Vrhunska tiha dugmad zna\u010de da ne\u0107ete praviti buku koja bi ometala va\u0161u igru tokom operacije.<\/p>\n<p>Lumi je opremljen raznim paletama boja, me\u0111u kojima su crvena i zelena palete dizajnirane da spre\u010de zamor o\u010diju, omogu\u0107avaju\u0107i udobnu dugotrajnu upotrebu. Zamenljiv 18650, obrnuti polaritet. LUMI se napaja zamenljivom baterijom 18650 i opremljen je funkcijom obrnutog polariteta, omogu\u0107avaju\u0107i i pozitivno i negativno napajanje. Ova funkcija je idealna za zamenu baterije no\u0107u. Okular sa pre\u010dnikom izlazne zenice od 10 mm obezbe\u0111uje najbolji ugao gledanja i vidljivost u svakom uglu i situaciji.<\/p>\n<p>Kao svestran proizvod, Lumi se mo\u017ee pohvaliti IP67 otporno\u0161\u0107u na pra\u0161inu, laganim dizajnom manjim od 345 g, funkcijama za fotografije, video i mikrofone sa 32 GB prostora za skladi\u0161tenje. Zaista zaslu\u017euje reputaciju mini, ali mo\u0107nog.<\/p>\n<p>&nbsp;<\/p>","protected":false},"excerpt":{"rendered":"<p>Monokular Termalni Nocpix Lumi P13 Lumi serija ostavlja sna\u017ean prvi utisak svojim kompaktnim, mini ku\u0107i\u0161tem i vrhunskim mogu\u0107nostima. Sa tehnologijom senzora razvijenom u kompaniji i naprednim Realiti+ AI algoritmima slike, pru\u017ea izuzetan kvalitet slike koji se isti\u010de u svojoj klasi. Ure\u0111aj je neverovatno zgodan za no\u0161enje i upotrebu, mo\u017ee se pohvaliti prenosivom veli\u010dinom \u010dak i [&hellip;]<\/p>\n","protected":false},"featured_media":5317,"template":"","meta":[],"product_cat":[109,177],"product_tag":[],"class_list":{"0":"post-5316","1":"product","2":"type-product","3":"status-publish","4":"has-post-thumbnail","6":"product_brand-nocpix","7":"product_cat-monokulari","8":"product_cat-termalni-uredjaji","10":"first","11":"instock","12":"sale","13":"taxable","14":"shipping-taxable","15":"purchasable","16":"product-type-simple"},"_links":{"self":[{"href":"https:\/\/torzokom.com\/ba\/wp-json\/wp\/v2\/product\/5316","targetHints":{"allow":["GET"]}}],"collection":[{"href":"https:\/\/torzokom.com\/ba\/wp-json\/wp\/v2\/product"}],"about":[{"href":"https:\/\/torzokom.com\/ba\/wp-json\/wp\/v2\/types\/product"}],"version-history":[{"count":1,"href":"https:\/\/torzokom.com\/ba\/wp-json\/wp\/v2\/product\/5316\/revisions"}],"predecessor-version":[{"id":10199,"href":"https:\/\/torzokom.com\/ba\/wp-json\/wp\/v2\/product\/5316\/revisions\/10199"}],"wp:featuredmedia":[{"embeddable":true,"href":"https:\/\/torzokom.com\/ba\/wp-json\/wp\/v2\/media\/5317"}],"wp:attachment":[{"href":"https:\/\/torzokom.com\/ba\/wp-json\/wp\/v2\/media?parent=5316"}],"wp:term":[{"taxonomy":"product_cat","embeddable":true,"href":"https:\/\/torzokom.com\/ba\/wp-json\/wp\/v2\/product_cat?post=5316"},{"taxonomy":"product_tag","embeddable":true,"href":"https:\/\/torzokom.com\/ba\/wp-json\/wp\/v2\/product_tag?post=5316"}],"curies":[{"name":"wp","href":"https:\/\/api.w.org\/{rel}","templated":true}]}}