{"id":5324,"date":"2025-09-10T18:04:23","date_gmt":"2025-09-10T16:04:23","guid":{"rendered":"http:\/\/torzokom.com\/?post_type=product&#038;p=5324"},"modified":"2025-10-22T16:36:53","modified_gmt":"2025-10-22T14:36:53","slug":"optika-blaser-b2-3-18x50-ic-qdc","status":"publish","type":"product","link":"https:\/\/torzokom.com\/ba\/proizvod\/optika-blaser-b2-3-18x50-ic-qdc\/","title":{"rendered":"Optika Blaser B2 3-18X50 IC QDC+"},"content":{"rendered":"<h2>Optika Blaser B2 3-18X50 IC QDC+<\/h2>\n<p>PROJEKTOVAN ZA PLANINSKI LOV<\/p>\n<p>Ni\u0161an za planinske lovce! Sa svojim uve\u0107anjem do 18k, Blaser B2 3\u201318k50 iC QDC+ je posebno pogodan za identifikaciju i snimanje na velikim udaljenostima. Standardno ugra\u0111en QDC+ omogu\u0107ava brzo i precizno pode\u0161avanje udaljenosti ga\u0111anja na kon\u010danici. Pored toga, ovaj ni\u0161an je pouzdan saputnik u skrovi\u0161tu i svojom ukupnom du\u017einom od 337 mm idealan je za kombinovanje sa kop\u010dom za no\u0107ni lov. Kada se montira na laganu pu\u0161ku sa jednim metom kao \u0161to je K95, B2 3\u201318k50 iC KDC+ je vrhunski izbor za planinski lov.<\/p>\n<p>Univerzalni 6k zum<\/p>\n<p>Standardno opremljen QDC+<\/p>\n<p>Kompenzacija paralakse sa 50 m<\/p>\n<p>Vidno polje 13,3 m na 100 m pri 3xuve\u0107anju<\/p>\n<p>Dostupan sa pre\u010dnikom glavne cevi od 30 mm za prstenastu monta\u017eu ili unutra\u0161nju \u0161inu<\/p>\n<p>94\/92 % dan\/no\u0107 prenos<\/p>\n<p>Briljantna osvetljena kon\u010danica, precizno zatamnjenje za dnevnu i no\u0107nu upotrebu<\/p>\n<p>Kompatibilan sa Flip Cover iC Ocular i Flip Cover Objective<\/p>\n<p>Kompatibilan sa Blaser CM kop\u010dom<\/p>","protected":false},"excerpt":{"rendered":"<p>Optika Blaser B2 3-18X50 IC QDC+ PROJEKTOVAN ZA PLANINSKI LOV Ni\u0161an za planinske lovce! Sa svojim uve\u0107anjem do 18k, Blaser B2 3\u201318k50 iC QDC+ je posebno pogodan za identifikaciju i snimanje na velikim udaljenostima. Standardno ugra\u0111en QDC+ omogu\u0107ava brzo i precizno pode\u0161avanje udaljenosti ga\u0111anja na kon\u010danici. Pored toga, ovaj ni\u0161an je pouzdan saputnik u skrovi\u0161tu [&hellip;]<\/p>\n","protected":false},"featured_media":5325,"template":"","meta":[],"product_cat":[105,106],"product_tag":[],"class_list":{"0":"post-5324","1":"product","2":"type-product","3":"status-publish","4":"has-post-thumbnail","6":"product_brand-blaser","7":"product_cat-optika","8":"product_cat-opticki-nisani","10":"first","11":"instock","12":"taxable","13":"shipping-taxable","14":"purchasable","15":"product-type-simple"},"_links":{"self":[{"href":"https:\/\/torzokom.com\/ba\/wp-json\/wp\/v2\/product\/5324","targetHints":{"allow":["GET"]}}],"collection":[{"href":"https:\/\/torzokom.com\/ba\/wp-json\/wp\/v2\/product"}],"about":[{"href":"https:\/\/torzokom.com\/ba\/wp-json\/wp\/v2\/types\/product"}],"version-history":[{"count":0,"href":"https:\/\/torzokom.com\/ba\/wp-json\/wp\/v2\/product\/5324\/revisions"}],"wp:featuredmedia":[{"embeddable":true,"href":"https:\/\/torzokom.com\/ba\/wp-json\/wp\/v2\/media\/5325"}],"wp:attachment":[{"href":"https:\/\/torzokom.com\/ba\/wp-json\/wp\/v2\/media?parent=5324"}],"wp:term":[{"taxonomy":"product_cat","embeddable":true,"href":"https:\/\/torzokom.com\/ba\/wp-json\/wp\/v2\/product_cat?post=5324"},{"taxonomy":"product_tag","embeddable":true,"href":"https:\/\/torzokom.com\/ba\/wp-json\/wp\/v2\/product_tag?post=5324"}],"curies":[{"name":"wp","href":"https:\/\/api.w.org\/{rel}","templated":true}]}}