{"id":5326,"date":"2025-09-10T19:07:14","date_gmt":"2025-09-10T17:07:14","guid":{"rendered":"http:\/\/torzokom.com\/?post_type=product&#038;p=5326"},"modified":"2026-03-17T13:04:06","modified_gmt":"2026-03-17T12:04:06","slug":"liemke-luchs-2-monokular-termalna-kamera","status":"publish","type":"product","link":"https:\/\/torzokom.com\/ba\/proizvod\/liemke-luchs-2-monokular-termalna-kamera\/","title":{"rendered":"Liemke Luchs 2 Monokular"},"content":{"rendered":"<h2>Liemke Luchs 2 Monokular<\/h2>\n<h2>Termalna Kamera Monokular Liemke Luchs S-2<\/h2>\n<p>VRHUNSKA KVALITETA SLIKE<\/p>\n<p>Pet na\u010dina boja omogu\u0107uju vam kori\u0161tenje ure\u0111aja u svim uvjetima, prema va\u0161im individualnim \u017eeljama. Dva na\u010dina slike &#8220;Sun&#8221; i &#8220;Rain&#8221; koriste balansiranje kontrasta kako bi se osiguralo optimalno prikazivanje detalja u razli\u010ditim vremenskim uvjetima, pru\u017eaju\u0107i orijentaciju na bilo kojem terenu.<\/p>\n<p>BRZO RUKOVANJE<\/p>\n<p>Obitelj LIEMKE LUCHS ima fleksibilan rad s 3 na\u010dina rada:<\/p>\n<p>Standardno: unaprijed postavljeno<\/p>\n<p>Osnovno: ograni\u010deno na bitne funkcije<\/p>\n<p>Individualno: Mo\u017ee se konfigurirati za tehni\u010dki zainteresiranog korisnika<\/p>\n<p>Dostupni su memorijski utori za prilago\u0111avanje postavki trima razli\u010ditim optikama.<\/p>\n<p>PREKIDA\u010c S TRI POLO\u017dAJA<\/p>\n<p>Uz vrijeme pokretanja od samo 5 sekundi, ure\u0111aj je odmah spreman za kori\u0161tenje. Lako vidljiv i opipljiv prekida\u010d osigurava brz i intuitivan rad \u2013 na montiranoj pu\u0161ci:<\/p>\n<p>ISKLJU\u010cENO \/ stanje pripravnosti (STANDBAY)\/ UKLJU\u010cENO<\/p>\n<p>PRVORAZREDNA TA\u010cNOST I PRECIZNOST PONAVLJANJA<\/p>\n<p>Svi LIEMKE LUCHS ure\u0111aji s kop\u010dom dizajnirani su za maksimalnu preciznost, \u010dak i pod velikim naporom i \u010destim postavljanjem\/uklanjanjem. S razli\u010ditim rje\u0161enjima inteligentnih adaptera, LUCHS se mo\u017ee kombinirati s bilo kojim dnevnim ni\u0161anom uz veliku ta\u010dnost ponavljanja.<\/p>\n<p>Ure\u0111aji na &#8220;kop\u010du&#8221; iz i LUCHS-a imaju tri dugmeta na vrhu ure\u0111aja. Njima se mo\u017ee upravljati intuitivno i jednostavno, \u010dak iu mraku. Kada je izbornik aktiviran, tipke gore i dolje mogu se koristiti za navigaciju. Kada izbornik nije aktiviran, dvije tipke sa strelicama mogu se dodijeliti pojedina\u010dne funkcije.<\/p>\n<p>Risovi (njema\u010dki: Luchs) su brzi, tihi i imaju o\u010di koje su \u0161est puta osjetljivije na svjetlo od ljudskih. To im omogu\u0107uje da vide svoj plijen ne samo u sumrak ili zoru, ve\u0107 \u010dak i na velikim udaljenostima u potpunom mraku.<\/p>\n<p>To su upravo ona svojstva koja smo koristili za najnoviju LIEMKE optiku na klip. Do\u017eivite tamu kroz o\u010di no\u0107nog lovca \u2013 s obitelji LIEMKE LUCHS.<\/p>\n<p>S jedinstvenom kombinacijom velikog vidnog polja i dugog dometa s nenadma\u0161nom kvalitetom slike, obitelj termalnih slika LIEMKE LUCHS vrhunski su proizvodi koji nemaju premca.<\/p>\n<p>Sa svojim kompaktnim dizajnom, dugim vijekom trajanja baterije i intuitivnim radom, LUCHS termo optika postavlja nove standarde kvalitete u prakti\u010dnoj upotrebii. Bilo LUCHS-1 ili LUCHS-2 \u2013 svi \u010dlanovi LUCHS familije razvijeni su i proizvedeni u Njema\u010dkoj.<\/p>","protected":false},"excerpt":{"rendered":"<p>Liemke Luchs 2 Monokular Termalna Kamera Monokular Liemke Luchs S-2 VRHUNSKA KVALITETA SLIKE Pet na\u010dina boja omogu\u0107uju vam kori\u0161tenje ure\u0111aja u svim uvjetima, prema va\u0161im individualnim \u017eeljama. Dva na\u010dina slike &#8220;Sun&#8221; i &#8220;Rain&#8221; koriste balansiranje kontrasta kako bi se osiguralo optimalno prikazivanje detalja u razli\u010ditim vremenskim uvjetima, pru\u017eaju\u0107i orijentaciju na bilo kojem terenu. BRZO RUKOVANJE [&hellip;]<\/p>\n","protected":false},"featured_media":5327,"template":"","meta":[],"product_cat":[177,109],"product_tag":[],"class_list":{"0":"post-5326","1":"product","2":"type-product","3":"status-publish","4":"has-post-thumbnail","6":"product_brand-liemke","7":"product_cat-termalni-uredjaji","8":"product_cat-monokulari","10":"first","11":"instock","12":"sale","13":"taxable","14":"shipping-taxable","15":"purchasable","16":"product-type-simple"},"_links":{"self":[{"href":"https:\/\/torzokom.com\/ba\/wp-json\/wp\/v2\/product\/5326","targetHints":{"allow":["GET"]}}],"collection":[{"href":"https:\/\/torzokom.com\/ba\/wp-json\/wp\/v2\/product"}],"about":[{"href":"https:\/\/torzokom.com\/ba\/wp-json\/wp\/v2\/types\/product"}],"version-history":[{"count":3,"href":"https:\/\/torzokom.com\/ba\/wp-json\/wp\/v2\/product\/5326\/revisions"}],"predecessor-version":[{"id":10167,"href":"https:\/\/torzokom.com\/ba\/wp-json\/wp\/v2\/product\/5326\/revisions\/10167"}],"wp:featuredmedia":[{"embeddable":true,"href":"https:\/\/torzokom.com\/ba\/wp-json\/wp\/v2\/media\/5327"}],"wp:attachment":[{"href":"https:\/\/torzokom.com\/ba\/wp-json\/wp\/v2\/media?parent=5326"}],"wp:term":[{"taxonomy":"product_cat","embeddable":true,"href":"https:\/\/torzokom.com\/ba\/wp-json\/wp\/v2\/product_cat?post=5326"},{"taxonomy":"product_tag","embeddable":true,"href":"https:\/\/torzokom.com\/ba\/wp-json\/wp\/v2\/product_tag?post=5326"}],"curies":[{"name":"wp","href":"https:\/\/api.w.org\/{rel}","templated":true}]}}