{"id":5330,"date":"2025-09-10T18:26:50","date_gmt":"2025-09-10T16:26:50","guid":{"rendered":"http:\/\/torzokom.com\/?post_type=product&#038;p=5330"},"modified":"2025-10-26T14:18:42","modified_gmt":"2025-10-26T13:18:42","slug":"blaser-futrola-za-oruzje-loden-leather-koza-110cm","status":"publish","type":"product","link":"https:\/\/torzokom.com\/ba\/proizvod\/blaser-futrola-za-oruzje-loden-leather-koza-110cm\/","title":{"rendered":"Blaser Futrola Za Oruzje Loden\/Leather Ko\u017ea 110cm"},"content":{"rendered":"<h2>Blaser Futrola Za Oruzje Loden\/Leather Ko\u017ea<\/h2>\n<div class=\"prose text-pretty dark:prose-invert inline leading-relaxed break-words min-w-0 [word-break:break-word] prose-strong:font-medium\">\n<p class=\"my-2 [&amp;+p]:mt-4 [&amp;_strong:has(+br)]:inline-block [&amp;_strong:has(+br)]:pb-2\">Blaser futrole za pu\u0161ke kombinuju elegantnu loden tkaninu i lepe detalje od fine gove\u0111e ko\u017ee. Dostupne su za pu\u0161ke ili kombinovano oru\u017eje u &#8220;kratkim&#8221; ili &#8220;dugim&#8221; veli\u010dinama, kao i u obliku tanke torbe za pu\u0161ku. I navlake za pu\u0161ke i za kombinovano oru\u017eje nude dovoljno prostora za Blaser ni\u0161ane do veli\u010dine 4-20&#215;58. Sve futrole imaju bo\u010dni pretinac koji se mo\u017ee zaklju\u010dati za pribor. Udoban kai\u0161 za no\u0161enje sa umetkom koji spre\u010dava klizanje i \u010dvrste metalne kop\u010de obezbe\u0111uju optimalan prevoz, \u010dak i za te\u0161ke pu\u0161ke. Navlaka za pu\u0161ku (duga\u010dka\/kratka) uklju\u010duje dve kombinovane brave, dok torbica ima jednu. Prikazana &#8220;duga&#8221; verzija pogodna je za standardne modele pu\u0161aka (do ukupne du\u017eine od 128 cm) i Blaser opti\u010dke ni\u0161ane do 4-20&#215;58 iC.<\/p>\n<\/div>\n<p>&nbsp;<\/p>\n","protected":false},"excerpt":{"rendered":"<p>Blaser Futrola Za Oruzje Loden\/Leather Ko\u017ea Blaser futrole za pu\u0161ke kombinuju elegantnu loden tkaninu i lepe detalje od fine gove\u0111e ko\u017ee. Dostupne su za pu\u0161ke ili kombinovano oru\u017eje u &#8220;kratkim&#8221; ili &#8220;dugim&#8221; veli\u010dinama, kao i u obliku tanke torbe za pu\u0161ku. I navlake za pu\u0161ke i za kombinovano oru\u017eje nude dovoljno prostora za Blaser ni\u0161ane [&hellip;]<\/p>\n","protected":false},"featured_media":5331,"template":"","meta":[],"product_cat":[83,212],"product_tag":[],"class_list":{"0":"post-5330","1":"product","2":"type-product","3":"status-publish","4":"has-post-thumbnail","6":"product_brand-blaser","7":"product_cat-dodatna-oprema","8":"product_cat-futrole-i-koferi","10":"first","11":"instock","12":"taxable","13":"shipping-taxable","14":"purchasable","15":"product-type-simple"},"_links":{"self":[{"href":"https:\/\/torzokom.com\/ba\/wp-json\/wp\/v2\/product\/5330","targetHints":{"allow":["GET"]}}],"collection":[{"href":"https:\/\/torzokom.com\/ba\/wp-json\/wp\/v2\/product"}],"about":[{"href":"https:\/\/torzokom.com\/ba\/wp-json\/wp\/v2\/types\/product"}],"version-history":[{"count":0,"href":"https:\/\/torzokom.com\/ba\/wp-json\/wp\/v2\/product\/5330\/revisions"}],"wp:featuredmedia":[{"embeddable":true,"href":"https:\/\/torzokom.com\/ba\/wp-json\/wp\/v2\/media\/5331"}],"wp:attachment":[{"href":"https:\/\/torzokom.com\/ba\/wp-json\/wp\/v2\/media?parent=5330"}],"wp:term":[{"taxonomy":"product_cat","embeddable":true,"href":"https:\/\/torzokom.com\/ba\/wp-json\/wp\/v2\/product_cat?post=5330"},{"taxonomy":"product_tag","embeddable":true,"href":"https:\/\/torzokom.com\/ba\/wp-json\/wp\/v2\/product_tag?post=5330"}],"curies":[{"name":"wp","href":"https:\/\/api.w.org\/{rel}","templated":true}]}}