{"id":5332,"date":"2025-09-10T18:28:48","date_gmt":"2025-09-10T16:28:48","guid":{"rendered":"http:\/\/torzokom.com\/?post_type=product&#038;p=5332"},"modified":"2025-10-26T02:51:03","modified_gmt":"2025-10-26T00:51:03","slug":"mauser-futrola-trail","status":"publish","type":"product","link":"https:\/\/torzokom.com\/ba\/proizvod\/mauser-futrola-trail\/","title":{"rendered":"Mauser Futrola Trail"},"content":{"rendered":"<h2>Mauser Futrola Trail<\/h2>\n<div class=\"central-inner sm:pb-lg hide\">\n<p>Materijal cerade \u010dini MAUSER Trail Slip Bag posebno robusnom, izdr\u017eljivom i vodootpornom. Materijal se tako\u0111e lako odr\u017eava i mo\u017ee se obrisati. Dva velika spoljna d\u017eepa su idealna za predmete kao \u0161to su prigu\u0161iva\u010d ili municija.<\/p>\n<p>Pored toga, MAUSER Trail Slip Torba se mo\u017ee koristiti na mnogo na\u010dina: za transport vatrenog oru\u017eja ili sklopljena kao podloga za sedi\u0161te. MAUSER Trail Slip Torba se mo\u017ee nositi na normalan na\u010din pomo\u0107u ru\u010dki za no\u0161enje ili prenosite na le\u0111ima kao ranac pomo\u0107u dve podesive naramenice. Zahvaljuju\u0107i odvojivim i podesivim trakama, mo\u017ee se pri\u010dvrstiti i za naslon sedi\u0161ta u va\u0161em automobilu.<\/p>\n<p>MAUSER Trail Slip torba ima upe\u010datljiv dizajn u mat maslinasto zelenoj boji u kombinaciji sa Blaze narand\u017eastom i crnim originalnim MAUSER logom. Multifunkcionalna izjava za MAUSER fanove!<\/p>\n<\/div>","protected":false},"excerpt":{"rendered":"<p>Mauser Futrola Trail Materijal cerade \u010dini MAUSER Trail Slip Bag posebno robusnom, izdr\u017eljivom i vodootpornom. Materijal se tako\u0111e lako odr\u017eava i mo\u017ee se obrisati. Dva velika spoljna d\u017eepa su idealna za predmete kao \u0161to su prigu\u0161iva\u010d ili municija. Pored toga, MAUSER Trail Slip Torba se mo\u017ee koristiti na mnogo na\u010dina: za transport vatrenog oru\u017eja ili [&hellip;]<\/p>\n","protected":false},"featured_media":5333,"template":"","meta":[],"product_cat":[83,212],"product_tag":[],"class_list":{"0":"post-5332","1":"product","2":"type-product","3":"status-publish","4":"has-post-thumbnail","6":"product_brand-mauser","7":"product_cat-dodatna-oprema","8":"product_cat-futrole-i-koferi","10":"first","11":"instock","12":"taxable","13":"shipping-taxable","14":"purchasable","15":"product-type-simple"},"_links":{"self":[{"href":"https:\/\/torzokom.com\/ba\/wp-json\/wp\/v2\/product\/5332","targetHints":{"allow":["GET"]}}],"collection":[{"href":"https:\/\/torzokom.com\/ba\/wp-json\/wp\/v2\/product"}],"about":[{"href":"https:\/\/torzokom.com\/ba\/wp-json\/wp\/v2\/types\/product"}],"version-history":[{"count":0,"href":"https:\/\/torzokom.com\/ba\/wp-json\/wp\/v2\/product\/5332\/revisions"}],"wp:featuredmedia":[{"embeddable":true,"href":"https:\/\/torzokom.com\/ba\/wp-json\/wp\/v2\/media\/5333"}],"wp:attachment":[{"href":"https:\/\/torzokom.com\/ba\/wp-json\/wp\/v2\/media?parent=5332"}],"wp:term":[{"taxonomy":"product_cat","embeddable":true,"href":"https:\/\/torzokom.com\/ba\/wp-json\/wp\/v2\/product_cat?post=5332"},{"taxonomy":"product_tag","embeddable":true,"href":"https:\/\/torzokom.com\/ba\/wp-json\/wp\/v2\/product_tag?post=5332"}],"curies":[{"name":"wp","href":"https:\/\/api.w.org\/{rel}","templated":true}]}}