{"id":5334,"date":"2025-09-10T18:37:01","date_gmt":"2025-09-10T16:37:01","guid":{"rendered":"http:\/\/torzokom.com\/?post_type=product&#038;p=5334"},"modified":"2026-02-23T19:49:03","modified_gmt":"2026-02-23T18:49:03","slug":"swarowski-btf-balisticki-turet","status":"publish","type":"product","link":"https:\/\/torzokom.com\/ba\/proizvod\/swarowski-btf-balisticki-turet\/","title":{"rendered":"Swarowski BTF Balisticki Turet"},"content":{"rendered":"<h2>Swarowski BTF Balisticki Turet<\/h2>\n<p>BTF kupola\/turet mo\u017ee se koristiti kao gornja ili bo\u010dna kupola i mo\u017ee se kombinovati sa svim dostupnim kon\u010danicama. Mo\u017ee se konfigurisati zasebno i omoguc\u0301ava vam da uvijek ostanete na meti na \u017eeljenim udaljenostima. BTF se mo\u017ee postaviti bez upotrebe alata i ima mehanizam za zaklju\u010davanje koji spre\u010dava nenamjerno okretanje.<\/p>\n<p><strong><em>Odgovara svim modelima Z8i.<\/em><\/strong><\/p>","protected":false},"excerpt":{"rendered":"<p>Swarowski BTF Balisticki Turet BTF kupola\/turet mo\u017ee se koristiti kao gornja ili bo\u010dna kupola i mo\u017ee se kombinovati sa svim dostupnim kon\u010danicama. Mo\u017ee se konfigurisati zasebno i omoguc\u0301ava vam da uvijek ostanete na meti na \u017eeljenim udaljenostima. BTF se mo\u017ee postaviti bez upotrebe alata i ima mehanizam za zaklju\u010davanje koji spre\u010dava nenamjerno okretanje. Odgovara svim [&hellip;]<\/p>\n","protected":false},"featured_media":5335,"template":"","meta":[],"product_cat":[106,105],"product_tag":[],"class_list":{"0":"post-5334","1":"product","2":"type-product","3":"status-publish","4":"has-post-thumbnail","6":"product_brand-swarovski","7":"product_cat-opticki-nisani","8":"product_cat-optika","10":"first","11":"instock","12":"taxable","13":"shipping-taxable","14":"purchasable","15":"product-type-simple"},"_links":{"self":[{"href":"https:\/\/torzokom.com\/ba\/wp-json\/wp\/v2\/product\/5334","targetHints":{"allow":["GET"]}}],"collection":[{"href":"https:\/\/torzokom.com\/ba\/wp-json\/wp\/v2\/product"}],"about":[{"href":"https:\/\/torzokom.com\/ba\/wp-json\/wp\/v2\/types\/product"}],"version-history":[{"count":0,"href":"https:\/\/torzokom.com\/ba\/wp-json\/wp\/v2\/product\/5334\/revisions"}],"wp:featuredmedia":[{"embeddable":true,"href":"https:\/\/torzokom.com\/ba\/wp-json\/wp\/v2\/media\/5335"}],"wp:attachment":[{"href":"https:\/\/torzokom.com\/ba\/wp-json\/wp\/v2\/media?parent=5334"}],"wp:term":[{"taxonomy":"product_cat","embeddable":true,"href":"https:\/\/torzokom.com\/ba\/wp-json\/wp\/v2\/product_cat?post=5334"},{"taxonomy":"product_tag","embeddable":true,"href":"https:\/\/torzokom.com\/ba\/wp-json\/wp\/v2\/product_tag?post=5334"}],"curies":[{"name":"wp","href":"https:\/\/api.w.org\/{rel}","templated":true}]}}