{"id":5336,"date":"2025-09-10T19:04:24","date_gmt":"2025-09-10T17:04:24","guid":{"rendered":"http:\/\/torzokom.com\/?post_type=product&#038;p=5336"},"modified":"2026-04-15T11:59:53","modified_gmt":"2026-04-15T09:59:53","slug":"nocpix-lumi-l35r-termalni-monokular-sa-daljinomjerom","status":"publish","type":"product","link":"https:\/\/torzokom.com\/ba\/proizvod\/nocpix-lumi-l35r-termalni-monokular-sa-daljinomjerom\/","title":{"rendered":"Nocpix Lumi L35R Termalni Monokular-sa Daljinomjerom"},"content":{"rendered":"<h2>Monokular-Daljinomjer Termalni Nocpix Lumi L35R<\/h2>\n<p>Nema vi\u0161e zamora o\u010diju- \u201etermalnih o\u010diju\u201c<\/p>\n<p>Lumi je opremljen raznim paletama boja, me\u0111u kojima su crvene i zelene palete dizajnirane da spre\u010de zamor o\u010diju, omogu\u0107avaju\u0107i udobnu dugotrajnu upotrebu.<\/p>\n<p>Uve\u010banje x 4-16<\/p>\n<p>Lumi LRF serija ostavlja sna\u017ean prvi utisak svojim sveobuhvatnim karakteristikama. \u010cak i sa integrisanim LRF-om, bi\u0107ete zadivljeni njegovom prenosivom veli\u010dinom, manjom od mobilnog telefona. Pokre\u0107e ga interno razvijena tehnologija senzora i napredni Realiti+ AI algoritmi slike, pru\u017ea izuzetan kvalitet slike koji se isti\u010de u svojoj klasi, a istovremeno ostaje neverovatno zgodan za no\u0161enje i kori\u0161\u0107enje.<\/p>\n<p>Vrhunski senzor<\/p>\n<p>Samorazvijeni senzor pru\u017ea stabilne i izvanredne performanse, sa NETD\u226418mK, garantuju\u0107i superiornu sliku u te\u0161kim uslovima.<\/p>\n<p>Najkompaktniji termo monokular sa LRF<\/p>\n<p>Opremljen 800m integrisanim laserskim daljinomerom (LRF), nudi brz odgovor i nisku latenciju, dodaju\u0107i jo\u0161 jedan nivo iskustva va\u0161im zapa\u017eanjima.<\/p>\n<p>Ekstremna d\u017eepna veli\u010dina i lagan dizajn<\/p>\n<p>Ultra-kompaktan i d\u017eepne veli\u010dine, lako se uklapa u va\u0161 d\u017eep sa dimenzijama od samo 147\u00d747\u00d774 mm. Te\u017ei manje od 385 g sa baterijom i 335 g bez baterije, nudi odli\u010dnu prenosivost i prakti\u010dnost.<\/p>\n<p>F0.9 Veliki otvor blende<\/p>\n<p>F0.9 so\u010divo omogu\u0107ava da svetlost dose\u017ee 20% vi\u0161e u pore\u0111enju sa obi\u010dnim F1.0 so\u010divom, stvaraju\u0107i svetlije i jasnije slike.<\/p>\n<p>Algoritmi za pobolj\u0161anje slike Realiti+<\/p>\n<p>Najnoviji algoritmi za pobolj\u0161anje slike Realiti+ mogu efikasno pobolj\u0161ati kvalitet slike i ukloniti \u0161um, osloba\u0111aju\u0107i puni potencijal termalnog senzora.<\/p>\n<p>Ne\u010dujno dugme koje nikoga ne ometa<\/p>\n<p>Vrhunska tiha dugmad zna\u010de da ne\u0107ete praviti buku koja bi ometala va\u0161u igru tokom operacije.<\/p>\n<p>Zamenljiv 18650(model baterije), obrnuti polaritet<\/p>\n<p>LUMI se napaja pomo\u0107u zamenljive 18650 baterije i opremljen je funkcijom obrnutog polariteta, omogu\u0107avaju\u0107i i pozitivno i negativno napajanje. Ova funkcija je idealna za zamenu baterije no\u0107u.<\/p>\n<p>Pre\u010dnik izlazne zenice 10 mm<\/p>\n<p>Okular sa pre\u010dnikom izlazne zenice od 10 mm obezbe\u0111uje najbolji ugao gledanja i vidljivost u svakom uglu i situaciji.<\/p>\n<p>Jo\u0161 neverovatnih prednosti<\/p>\n<p>Kao svestran proizvod, Lumi se mo\u017ee pohvaliti IP67 otporno\u0161\u0107u na pra\u0161inu, laganim dizajnom manjim od 345 g, funkcijama za fotografije, video i mikrofone sa 32 GB prostora za skladi\u0161tenje. Zaista zaslu\u017euje reputaciju mini, ali mo\u0107nog.<\/p>","protected":false},"excerpt":{"rendered":"<p>Monokular-Daljinomjer Termalni Nocpix Lumi L35R Nema vi\u0161e zamora o\u010diju- \u201etermalnih o\u010diju\u201c Lumi je opremljen raznim paletama boja, me\u0111u kojima su crvene i zelene palete dizajnirane da spre\u010de zamor o\u010diju, omogu\u0107avaju\u0107i udobnu dugotrajnu upotrebu. Uve\u010banje x 4-16 Lumi LRF serija ostavlja sna\u017ean prvi utisak svojim sveobuhvatnim karakteristikama. \u010cak i sa integrisanim LRF-om, bi\u0107ete zadivljeni njegovom prenosivom [&hellip;]<\/p>\n","protected":false},"featured_media":5337,"template":"","meta":[],"product_cat":[109,177],"product_tag":[],"class_list":{"0":"post-5336","1":"product","2":"type-product","3":"status-publish","4":"has-post-thumbnail","6":"product_brand-nocpix","7":"product_cat-monokulari","8":"product_cat-termalni-uredjaji","10":"first","11":"instock","12":"sale","13":"taxable","14":"shipping-taxable","15":"purchasable","16":"product-type-simple"},"_links":{"self":[{"href":"https:\/\/torzokom.com\/ba\/wp-json\/wp\/v2\/product\/5336","targetHints":{"allow":["GET"]}}],"collection":[{"href":"https:\/\/torzokom.com\/ba\/wp-json\/wp\/v2\/product"}],"about":[{"href":"https:\/\/torzokom.com\/ba\/wp-json\/wp\/v2\/types\/product"}],"version-history":[{"count":1,"href":"https:\/\/torzokom.com\/ba\/wp-json\/wp\/v2\/product\/5336\/revisions"}],"predecessor-version":[{"id":10200,"href":"https:\/\/torzokom.com\/ba\/wp-json\/wp\/v2\/product\/5336\/revisions\/10200"}],"wp:featuredmedia":[{"embeddable":true,"href":"https:\/\/torzokom.com\/ba\/wp-json\/wp\/v2\/media\/5337"}],"wp:attachment":[{"href":"https:\/\/torzokom.com\/ba\/wp-json\/wp\/v2\/media?parent=5336"}],"wp:term":[{"taxonomy":"product_cat","embeddable":true,"href":"https:\/\/torzokom.com\/ba\/wp-json\/wp\/v2\/product_cat?post=5336"},{"taxonomy":"product_tag","embeddable":true,"href":"https:\/\/torzokom.com\/ba\/wp-json\/wp\/v2\/product_tag?post=5336"}],"curies":[{"name":"wp","href":"https:\/\/api.w.org\/{rel}","templated":true}]}}