{"id":5340,"date":"2025-09-10T19:20:02","date_gmt":"2025-09-10T17:20:02","guid":{"rendered":"http:\/\/torzokom.com\/?post_type=product&#038;p=5340"},"modified":"2025-12-09T16:56:39","modified_gmt":"2025-12-09T15:56:39","slug":"ekol-dicle-satina-9mm-pak-signalni-pistolj","status":"publish","type":"product","link":"https:\/\/torzokom.com\/ba\/proizvod\/ekol-dicle-satina-9mm-pak-signalni-pistolj\/","title":{"rendered":"Signalni pi\u0161tolj Ekol Dicle Satina 9mm Pak"},"content":{"rendered":"<h2>Ekol Dicle Satina 9mm Pak Signalni Pistolj<\/h2>\n<p>Pla\u0161ljivac koristi municiju punjenu malodimnim barutom 9mm Pak i u sanzer staje 17+1 metaka. Te\u017eina i veli\u010dina stra\u0161ljivaca je ista kao i prava SIG SAUER P226 po kojoj je ovaj stra\u0161ljivac i napravljen. Stra\u0161ljivac dolazi upakovan u plasti\u010dni kofer i uz njega dolazi nastavak za ispaljivanje svetle\u0107ih raketica.<\/p>\n<p>&nbsp;<\/p>","protected":false},"excerpt":{"rendered":"<p>Ekol Dicle Satina 9mm Pak Signalni Pistolj Pla\u0161ljivac koristi municiju punjenu malodimnim barutom 9mm Pak i u sanzer staje 17+1 metaka. Te\u017eina i veli\u010dina stra\u0161ljivaca je ista kao i prava SIG SAUER P226 po kojoj je ovaj stra\u0161ljivac i napravljen. Stra\u0161ljivac dolazi upakovan u plasti\u010dni kofer i uz njega dolazi nastavak za ispaljivanje svetle\u0107ih raketica. [&hellip;]<\/p>\n","protected":false},"featured_media":5341,"template":"","meta":[],"product_cat":[46,179],"product_tag":[],"class_list":{"0":"post-5340","1":"product","2":"type-product","3":"status-publish","4":"has-post-thumbnail","6":"product_brand-ekol","7":"product_cat-oruzje","8":"product_cat-signalni-startni-pistolji","10":"first","11":"instock","12":"taxable","13":"shipping-taxable","14":"purchasable","15":"product-type-simple"},"_links":{"self":[{"href":"https:\/\/torzokom.com\/ba\/wp-json\/wp\/v2\/product\/5340","targetHints":{"allow":["GET"]}}],"collection":[{"href":"https:\/\/torzokom.com\/ba\/wp-json\/wp\/v2\/product"}],"about":[{"href":"https:\/\/torzokom.com\/ba\/wp-json\/wp\/v2\/types\/product"}],"version-history":[{"count":0,"href":"https:\/\/torzokom.com\/ba\/wp-json\/wp\/v2\/product\/5340\/revisions"}],"wp:featuredmedia":[{"embeddable":true,"href":"https:\/\/torzokom.com\/ba\/wp-json\/wp\/v2\/media\/5341"}],"wp:attachment":[{"href":"https:\/\/torzokom.com\/ba\/wp-json\/wp\/v2\/media?parent=5340"}],"wp:term":[{"taxonomy":"product_cat","embeddable":true,"href":"https:\/\/torzokom.com\/ba\/wp-json\/wp\/v2\/product_cat?post=5340"},{"taxonomy":"product_tag","embeddable":true,"href":"https:\/\/torzokom.com\/ba\/wp-json\/wp\/v2\/product_tag?post=5340"}],"curies":[{"name":"wp","href":"https:\/\/api.w.org\/{rel}","templated":true}]}}