{"id":5342,"date":"2025-09-10T19:21:24","date_gmt":"2025-09-10T17:21:24","guid":{"rendered":"http:\/\/torzokom.com\/?post_type=product&#038;p=5342"},"modified":"2025-12-09T16:56:53","modified_gmt":"2025-12-09T15:56:53","slug":"signalni-pistolj-ekol-firat-magnum-9mm-satina","status":"publish","type":"product","link":"https:\/\/torzokom.com\/ba\/proizvod\/signalni-pistolj-ekol-firat-magnum-9mm-satina\/","title":{"rendered":"Signalni pi\u0161tolj Ekol Firat Magnum 9mm Satina"},"content":{"rendered":"<h2>Signalni Pistolj Ekol Firat Magnum 9mm Satina<\/h2>\n<p>Pla\u0161ljivac koristi municiju punjenu malodimnim barutom 9mm Pak i u sanzer staje 15 metaka. Te\u017eina i veli\u010dina stra\u0161ljivaca je ista kao i pravi BERETTA 92FS po kojoj je ovaj stra\u0161ljivac i napravljen. Stra\u0161ljivac dolazi upakovan u plasti\u010dni kofer i uz njega dolazi nastavak za ispaljivanje svetle\u0107ih raketica.<\/p>","protected":false},"excerpt":{"rendered":"<p>Signalni Pistolj Ekol Firat Magnum 9mm Satina Pla\u0161ljivac koristi municiju punjenu malodimnim barutom 9mm Pak i u sanzer staje 15 metaka. Te\u017eina i veli\u010dina stra\u0161ljivaca je ista kao i pravi BERETTA 92FS po kojoj je ovaj stra\u0161ljivac i napravljen. Stra\u0161ljivac dolazi upakovan u plasti\u010dni kofer i uz njega dolazi nastavak za ispaljivanje svetle\u0107ih raketica.<\/p>","protected":false},"featured_media":0,"template":"","meta":[],"product_cat":[46,179],"product_tag":[],"class_list":{"0":"post-5342","1":"product","2":"type-product","3":"status-publish","5":"product_brand-ekol","6":"product_cat-oruzje","7":"product_cat-signalni-startni-pistolji","9":"first","10":"instock","11":"taxable","12":"shipping-taxable","13":"purchasable","14":"product-type-simple"},"_links":{"self":[{"href":"https:\/\/torzokom.com\/ba\/wp-json\/wp\/v2\/product\/5342","targetHints":{"allow":["GET"]}}],"collection":[{"href":"https:\/\/torzokom.com\/ba\/wp-json\/wp\/v2\/product"}],"about":[{"href":"https:\/\/torzokom.com\/ba\/wp-json\/wp\/v2\/types\/product"}],"version-history":[{"count":0,"href":"https:\/\/torzokom.com\/ba\/wp-json\/wp\/v2\/product\/5342\/revisions"}],"wp:attachment":[{"href":"https:\/\/torzokom.com\/ba\/wp-json\/wp\/v2\/media?parent=5342"}],"wp:term":[{"taxonomy":"product_cat","embeddable":true,"href":"https:\/\/torzokom.com\/ba\/wp-json\/wp\/v2\/product_cat?post=5342"},{"taxonomy":"product_tag","embeddable":true,"href":"https:\/\/torzokom.com\/ba\/wp-json\/wp\/v2\/product_tag?post=5342"}],"curies":[{"name":"wp","href":"https:\/\/api.w.org\/{rel}","templated":true}]}}