{"id":5348,"date":"2025-09-10T19:53:02","date_gmt":"2025-09-10T17:53:02","guid":{"rendered":"http:\/\/torzokom.com\/?post_type=product&#038;p=5348"},"modified":"2025-10-27T01:47:42","modified_gmt":"2025-10-27T00:47:42","slug":"blaser-lovacka-baterijska-lampa-na-glavu-ht-300","status":"publish","type":"product","link":"https:\/\/torzokom.com\/ba\/proizvod\/blaser-lovacka-baterijska-lampa-na-glavu-ht-300\/","title":{"rendered":"Blaser  Lampa Na Glavu HT 300"},"content":{"rendered":"<h2>Blaser Lovacka Baterijska Lampa Na Glavu HT 300<\/h2>\n<p>Podesiva traka za glavu<\/p>\n<p>300 lumena<\/p>\n<div class=\"central-inner sm:pb-lg show-more\">\n<p>Re\u017eimi \u017eutog svetla, belog svetla i crvenog svetla<\/p>\n<p>Sa impresivnih 300 lumena, Blaser HT300 Headlamp je savr\u0161en pratilac za sve aktivnosti na otvorenom i lov. Uprkos sna\u017enom izlazu svetlosti sa dometom od 50 m, Blaser Headlamp je iznena\u0111uju\u0107e mali, tanak i lagan, a opet udoban za no\u0161enje. Podesivi ugao lampe i individualno podesiva traka za glavu nude maksimalnu fleksibilnost.<\/p>\n<p>Pored dva razli\u010dita re\u017eima \u017eutog i belog svetla, nudi i re\u017eim crvenog svetla. Dok je re\u017eim crvenog svetla idealan za kori\u0161\u0107enje tokom uho\u0111enja kako bi ostao \u0161to nenametljiviji i ne bi upla\u0161io igru, \u017euto svetlo je posebno pogodno za dobro gledanje na malim udaljenostima, npr. pri pra\u0107enju ranjene divlja\u010di. Sli\u010dno crvenom svetlu, \u017euto svetlo podr\u017eava sposobnost no\u0107nog vida ljudskog oka, jer ima tendenciju da ima manji uticaj na zenicu nego belo svetlo. Sjajni snop bele svetlosti tako\u0111e ima funkciju fokusa.<\/p>\n<p>Jedan za sve: Dugme za uklju\u010divanje\/isklju\u010divanje nalazi se direktno na jedinici lampe. Razli\u010diti re\u017eimi osvetljenja se tako\u0111e mogu izabrati pomo\u0107u istog dugmeta.<\/p>\n<p>Odvojiva traka za glavu sa kop\u010dom dodaje dodatne funkcije prednjem svetlu: mo\u017ee se koristiti kao stoje\u0107e svetlo ili se mo\u017ee zaka\u010diti za ode\u0107u ili opremu.<\/p>\n<p>Integrisana punjiva baterija se mo\u017ee puniti preko USB porta u jedinici lampe.<\/p>\n<p>Prednja lampa koja se mo\u017ee prilagoditi svakoj situaciji \u2013 mala i mo\u0107na!<\/p>\n<\/div>","protected":false},"excerpt":{"rendered":"<p>Blaser Lovacka Baterijska Lampa Na Glavu HT 300 Podesiva traka za glavu 300 lumena Re\u017eimi \u017eutog svetla, belog svetla i crvenog svetla Sa impresivnih 300 lumena, Blaser HT300 Headlamp je savr\u0161en pratilac za sve aktivnosti na otvorenom i lov. Uprkos sna\u017enom izlazu svetlosti sa dometom od 50 m, Blaser Headlamp je iznena\u0111uju\u0107e mali, tanak i [&hellip;]<\/p>\n","protected":false},"featured_media":5349,"template":"","meta":[],"product_cat":[182,83],"product_tag":[],"class_list":{"0":"post-5348","1":"product","2":"type-product","3":"status-publish","4":"has-post-thumbnail","6":"product_brand-blaser","7":"product_cat-baterijske-lampe","8":"product_cat-dodatna-oprema","10":"first","11":"instock","12":"taxable","13":"shipping-taxable","14":"purchasable","15":"product-type-simple"},"_links":{"self":[{"href":"https:\/\/torzokom.com\/ba\/wp-json\/wp\/v2\/product\/5348","targetHints":{"allow":["GET"]}}],"collection":[{"href":"https:\/\/torzokom.com\/ba\/wp-json\/wp\/v2\/product"}],"about":[{"href":"https:\/\/torzokom.com\/ba\/wp-json\/wp\/v2\/types\/product"}],"version-history":[{"count":0,"href":"https:\/\/torzokom.com\/ba\/wp-json\/wp\/v2\/product\/5348\/revisions"}],"wp:featuredmedia":[{"embeddable":true,"href":"https:\/\/torzokom.com\/ba\/wp-json\/wp\/v2\/media\/5349"}],"wp:attachment":[{"href":"https:\/\/torzokom.com\/ba\/wp-json\/wp\/v2\/media?parent=5348"}],"wp:term":[{"taxonomy":"product_cat","embeddable":true,"href":"https:\/\/torzokom.com\/ba\/wp-json\/wp\/v2\/product_cat?post=5348"},{"taxonomy":"product_tag","embeddable":true,"href":"https:\/\/torzokom.com\/ba\/wp-json\/wp\/v2\/product_tag?post=5348"}],"curies":[{"name":"wp","href":"https:\/\/api.w.org\/{rel}","templated":true}]}}